{"id":77205,"date":"2023-05-24T17:57:11","date_gmt":"2023-05-24T17:57:11","guid":{"rendered":"https:\/\/skinstudio.ee\/?post_type=product&#038;p=77205"},"modified":"2026-04-07T12:37:31","modified_gmt":"2026-04-07T12:37:31","slug":"bioactive-complete-b-complex","status":"publish","type":"product","link":"https:\/\/skinstudio.ee\/lt\/catalog\/life-extension\/bioactive-complete-b-complex\/","title":{"rendered":"BioActive Complete B-Complex"},"content":{"rendered":"<p data-start=\"2491\" data-end=\"2598\"><strong data-start=\"2491\" data-end=\"2542\">BioActive Complete B-Complex nuo Life Extension<\/strong> &#8211; maisto papildas su B grup\u0117s vitaminais ir inozitoliu.<\/p>\n<p data-start=\"2600\" data-end=\"2753\">B grup\u0117s vitaminai padeda palaikyti normali\u0105 energijos apykait\u0105, padeda palaikyti normali\u0105 nerv\u0173 sistemos veikl\u0105 ir padeda ma\u017einti nuovarg\u012f bei silpnum\u0105.<\/p>\n<p data-start=\"2755\" data-end=\"2869\">Formul\u0117 sud\u0117tyje turi B grup\u0117s vitamin\u0173 ir inozitolio ir pateikiama kapsuli\u0173 forma patogiam kasdieniam vartojimui.<\/p>\n<p data-start=\"2871\" data-end=\"3043\"><strong data-start=\"2871\" data-end=\"2894\">Pagaminta Europoje.<\/strong><br data-start=\"2894\" data-end=\"2897\" \/><strong data-start=\"2897\" data-end=\"2918\">Galiojimo laikas:<\/strong> \u017ei\u016br\u0117ti ant pakuot\u0117s<br data-start=\"2939\" data-end=\"2942\" \/><strong data-start=\"2942\" data-end=\"2962\">Laikymo s\u0105lygos:<\/strong> laikyti sandariai u\u017edaryt\u0105 v\u0117sioje ir sausoje vietoje<br data-start=\"3016\" data-end=\"3019\" \/><strong data-start=\"3019\" data-end=\"3029\">T\u016bris:<\/strong> 60 kapsuli\u0173<\/p>\n","protected":false},"excerpt":{"rendered":"<p data-start=\"3050\" data-end=\"3090\">Maisto papildas su B grup\u0117s vitaminais<\/p>\n<h2 data-section-id=\"1pqzztt\" data-start=\"3092\" data-end=\"3153\"><strong data-start=\"3096\" data-end=\"3153\">Life Extension &#8211; BioActive Complete B-Complex Savyb\u0117s<\/strong><\/h2>\n<p data-start=\"3155\" data-end=\"3289\">\u2714\ufe0f Sud\u0117tyje yra B grup\u0117s vitamin\u0173<br data-start=\"3188\" data-end=\"3191\" \/>\u2714\ufe0f Formul\u0117 su inozitoliu<br data-start=\"3215\" data-end=\"3218\" \/>\u2714\ufe0f Patogi kapsuli\u0173 forma<br data-start=\"3242\" data-end=\"3245\" \/>\u2714\ufe0f Tinka kasdieniam vartojimui<br data-start=\"3275\" data-end=\"3278\" \/>\u2714\ufe0f Be GMO<\/p>\n","protected":false},"featured_media":77206,"template":"","meta":[],"pwb-brand":[775],"product_brand":[],"product_cat":[769],"product_tag":[],"giftcard-category":[],"class_list":{"0":"post-77205","1":"product","2":"type-product","3":"status-publish","4":"has-post-thumbnail","6":"pwb-brand-life-extension","7":"product_cat-vitaminai","9":"first","10":"instock","11":"taxable","12":"shipping-taxable","13":"purchasable","14":"product-type-simple"},"acf":[],"brands":[{"id":775,"name":"Life Extension","slug":"life-extension"}],"_links":{"self":[{"href":"https:\/\/skinstudio.ee\/lt\/wp-json\/wp\/v2\/product\/77205","targetHints":{"allow":["GET"]}}],"collection":[{"href":"https:\/\/skinstudio.ee\/lt\/wp-json\/wp\/v2\/product"}],"about":[{"href":"https:\/\/skinstudio.ee\/lt\/wp-json\/wp\/v2\/types\/product"}],"version-history":[{"count":2,"href":"https:\/\/skinstudio.ee\/lt\/wp-json\/wp\/v2\/product\/77205\/revisions"}],"predecessor-version":[{"id":87097,"href":"https:\/\/skinstudio.ee\/lt\/wp-json\/wp\/v2\/product\/77205\/revisions\/87097"}],"wp:featuredmedia":[{"embeddable":true,"href":"https:\/\/skinstudio.ee\/lt\/wp-json\/wp\/v2\/media\/77206"}],"wp:attachment":[{"href":"https:\/\/skinstudio.ee\/lt\/wp-json\/wp\/v2\/media?parent=77205"}],"wp:term":[{"taxonomy":"pwb-brand","embeddable":true,"href":"https:\/\/skinstudio.ee\/lt\/wp-json\/wp\/v2\/pwb-brand?post=77205"},{"taxonomy":"product_brand","embeddable":true,"href":"https:\/\/skinstudio.ee\/lt\/wp-json\/wp\/v2\/product_brand?post=77205"},{"taxonomy":"product_cat","embeddable":true,"href":"https:\/\/skinstudio.ee\/lt\/wp-json\/wp\/v2\/product_cat?post=77205"},{"taxonomy":"product_tag","embeddable":true,"href":"https:\/\/skinstudio.ee\/lt\/wp-json\/wp\/v2\/product_tag?post=77205"},{"taxonomy":"giftcard-category","embeddable":true,"href":"https:\/\/skinstudio.ee\/lt\/wp-json\/wp\/v2\/giftcard-category?post=77205"}],"curies":[{"name":"wp","href":"https:\/\/api.w.org\/{rel}","templated":true}]}}