{"id":77213,"date":"2023-05-24T17:57:11","date_gmt":"2023-05-24T17:57:11","guid":{"rendered":"https:\/\/skinstudio.ee\/?post_type=product&#038;p=77213"},"modified":"2026-04-07T12:35:42","modified_gmt":"2026-04-07T12:35:42","slug":"prenatal-advantage","status":"publish","type":"product","link":"https:\/\/skinstudio.ee\/lt\/catalog\/life-extension\/prenatal-advantage\/","title":{"rendered":"Prenatal Advantage"},"content":{"rendered":"<p data-start=\"2959\" data-end=\"3094\"><strong data-start=\"2966\" data-end=\"3007\">Prenatal Advantage nuo Life Extension<\/strong> yra maisto papildas su vitaminais, mineralais ir papildomomis maistin\u0117mis med\u017eiagomis.<\/p>\n<p data-start=\"3096\" data-end=\"3256\">Formul\u0117je yra vitaminai A, B grup\u0117s, C, D3 ir K, taip pat mineralai, \u012fskaitant gele\u017e\u012f, cink\u0105, var\u012f ir selen\u0105. Taip pat sud\u0117tyje yra DHA i\u0161 dumbli\u0173 ir liuteinas.<\/p>\n<p data-start=\"3258\" data-end=\"3458\">Sud\u0117tyje naudojamos bioaktyvios maistini\u0173 med\u017eiag\u0173 formos, \u012fskaitant 5-MTHF (folatas), metilkobalaminas (vitaminas B12) ir piridoksal-5\u2032-fosfatas (vitaminas B6). Kompleksas pateikiamas kapsuli\u0173 forma.<\/p>\n<p data-start=\"3460\" data-end=\"3485\"><strong data-start=\"3460\" data-end=\"3483\">Pagaminta Europoje.<\/strong><\/p>\n<p data-start=\"3487\" data-end=\"3628\"><strong data-start=\"3487\" data-end=\"3506\">Geriausias iki:<\/strong> \u017er. ant pakuot\u0117s<br data-start=\"3523\" data-end=\"3526\" \/><strong data-start=\"3526\" data-end=\"3546\">Laikymo s\u0105lygos:<\/strong> laikyti sandariai u\u017edaryt\u0105 v\u0117sioje ir sausoje vietoje<br data-start=\"3600\" data-end=\"3603\" \/><strong data-start=\"3603\" data-end=\"3613\">T\u016bris:<\/strong> 120 kapsuli\u0173<\/p>\n","protected":false},"excerpt":{"rendered":"<p data-start=\"3635\" data-end=\"3701\">Maisto papildas su vitaminais ir mineralais n\u0117\u0161tumo laikotarpiui<\/p>\n<h2 data-start=\"3703\" data-end=\"3750\"><strong data-start=\"3703\" data-end=\"3750\">Life Extension &#8211; Prenatal Advantage Savyb\u0117s<\/strong><\/h2>\n<p data-start=\"3752\" data-end=\"3962\">\u2714\ufe0f Vitamin\u0173 A, B, C, D3 ir K kompleksas<br data-start=\"3791\" data-end=\"3794\" \/>\u2714\ufe0f Mineralai, \u012fskaitant gele\u017e\u012f, cink\u0105, var\u012f ir selen\u0105<br data-start=\"3847\" data-end=\"3850\" \/>\u2714\ufe0f DHA i\u0161 dumbli\u0173 ir liuteinas sud\u0117tyje<br data-start=\"3889\" data-end=\"3892\" \/>\u2714\ufe0f Bioaktyvios folato ir B vitamin\u0173 formos<br data-start=\"3934\" data-end=\"3937\" \/>\u2714\ufe0f Be glitimo ir be GMO<\/p>\n","protected":false},"featured_media":77214,"template":"","meta":[],"pwb-brand":[775],"product_brand":[],"product_cat":[769],"product_tag":[],"giftcard-category":[],"class_list":{"0":"post-77213","1":"product","2":"type-product","3":"status-publish","4":"has-post-thumbnail","6":"pwb-brand-life-extension","7":"product_cat-vitaminai","9":"first","10":"instock","11":"taxable","12":"shipping-taxable","13":"purchasable","14":"product-type-simple"},"acf":[],"brands":[{"id":775,"name":"Life Extension","slug":"life-extension"}],"_links":{"self":[{"href":"https:\/\/skinstudio.ee\/lt\/wp-json\/wp\/v2\/product\/77213","targetHints":{"allow":["GET"]}}],"collection":[{"href":"https:\/\/skinstudio.ee\/lt\/wp-json\/wp\/v2\/product"}],"about":[{"href":"https:\/\/skinstudio.ee\/lt\/wp-json\/wp\/v2\/types\/product"}],"version-history":[{"count":2,"href":"https:\/\/skinstudio.ee\/lt\/wp-json\/wp\/v2\/product\/77213\/revisions"}],"predecessor-version":[{"id":88186,"href":"https:\/\/skinstudio.ee\/lt\/wp-json\/wp\/v2\/product\/77213\/revisions\/88186"}],"wp:featuredmedia":[{"embeddable":true,"href":"https:\/\/skinstudio.ee\/lt\/wp-json\/wp\/v2\/media\/77214"}],"wp:attachment":[{"href":"https:\/\/skinstudio.ee\/lt\/wp-json\/wp\/v2\/media?parent=77213"}],"wp:term":[{"taxonomy":"pwb-brand","embeddable":true,"href":"https:\/\/skinstudio.ee\/lt\/wp-json\/wp\/v2\/pwb-brand?post=77213"},{"taxonomy":"product_brand","embeddable":true,"href":"https:\/\/skinstudio.ee\/lt\/wp-json\/wp\/v2\/product_brand?post=77213"},{"taxonomy":"product_cat","embeddable":true,"href":"https:\/\/skinstudio.ee\/lt\/wp-json\/wp\/v2\/product_cat?post=77213"},{"taxonomy":"product_tag","embeddable":true,"href":"https:\/\/skinstudio.ee\/lt\/wp-json\/wp\/v2\/product_tag?post=77213"},{"taxonomy":"giftcard-category","embeddable":true,"href":"https:\/\/skinstudio.ee\/lt\/wp-json\/wp\/v2\/giftcard-category?post=77213"}],"curies":[{"name":"wp","href":"https:\/\/api.w.org\/{rel}","templated":true}]}}