{"id":77221,"date":"2023-05-24T17:57:11","date_gmt":"2023-05-24T17:57:11","guid":{"rendered":"https:\/\/skinstudio.ee\/?post_type=product&#038;p=77221"},"modified":"2026-04-07T12:40:44","modified_gmt":"2026-04-07T12:40:44","slug":"estrogen-for-women","status":"publish","type":"product","link":"https:\/\/skinstudio.ee\/lt\/catalog\/life-extension\/estrogen-for-women\/","title":{"rendered":"Estrogen for Women"},"content":{"rendered":"<div class=\"row item-row\">\n<div class=\"col-xs-24\">\n<p data-start=\"2384\" data-end=\"2486\"><strong data-start=\"2391\" data-end=\"2432\">Estrogen for Women nuo Life Extension<\/strong> yra maisto papildas su augalini\u0173 ekstrakt\u0173 kompleksu.<\/p>\n<p data-start=\"2488\" data-end=\"2700\">Formul\u0117je yra Estro8PN\u00ae \u2014 koncentruotas apyni\u0173 ekstraktas, taip pat saldymed\u017eio \u0161aknies ekstraktas ir paprastosios egl\u0117s lignanai. Taip pat sud\u0117tyje yra brokoli\u0173 ekstraktas, angelikos \u0161aknies ekstraktas ir vitex.<\/p>\n<p data-start=\"2702\" data-end=\"2760\">Kompleksas sujungia augalinius komponentus kapsuli\u0173 forma.<\/p>\n<p data-start=\"2762\" data-end=\"2787\"><strong data-start=\"2762\" data-end=\"2785\">Pagaminta Europoje.<\/strong><\/p>\n<p data-start=\"2789\" data-end=\"2929\"><strong data-start=\"2789\" data-end=\"2808\">Geriausias iki:<\/strong> \u017er. ant pakuot\u0117s<br data-start=\"2825\" data-end=\"2828\" \/><strong data-start=\"2828\" data-end=\"2848\">Laikymo s\u0105lygos:<\/strong> laikyti sandariai u\u017edaryt\u0105 v\u0117sioje ir sausoje vietoje<br data-start=\"2902\" data-end=\"2905\" \/><strong data-start=\"2905\" data-end=\"2915\">T\u016bris:<\/strong> 30 kapsuli\u0173<\/p>\n<\/div>\n<\/div>\n","protected":false},"excerpt":{"rendered":"<p data-start=\"2936\" data-end=\"2962\">Maisto papildas moterims<\/p>\n<h2 data-start=\"2964\" data-end=\"3011\"><strong data-start=\"2964\" data-end=\"3011\">Life Extension &#8211; Estrogen for Women Savyb\u0117s<\/strong><\/h2>\n<p data-start=\"3013\" data-end=\"3174\">\u2714\ufe0f Daugiakomponent\u0117 augalin\u0117 formul\u0117<br data-start=\"3049\" data-end=\"3052\" \/>\u2714\ufe0f Ekstrakt\u0173 derinys vienoje kapsul\u0117je<br data-start=\"3090\" data-end=\"3093\" \/>\u2714\ufe0f Kapsuli\u0173 forma patogiam vartojimui<br data-start=\"3130\" data-end=\"3133\" \/>\u2714\ufe0f Be hormon\u0173<br data-start=\"3146\" data-end=\"3149\" \/>\u2714\ufe0f Be glitimo ir be GMO<\/p>\n","protected":false},"featured_media":77222,"template":"","meta":[],"pwb-brand":[775],"product_brand":[],"product_cat":[769],"product_tag":[],"giftcard-category":[],"class_list":{"0":"post-77221","1":"product","2":"type-product","3":"status-publish","4":"has-post-thumbnail","6":"pwb-brand-life-extension","7":"product_cat-vitaminai","9":"first","10":"instock","11":"taxable","12":"shipping-taxable","13":"purchasable","14":"product-type-simple"},"acf":[],"brands":[{"id":775,"name":"Life Extension","slug":"life-extension"}],"_links":{"self":[{"href":"https:\/\/skinstudio.ee\/lt\/wp-json\/wp\/v2\/product\/77221","targetHints":{"allow":["GET"]}}],"collection":[{"href":"https:\/\/skinstudio.ee\/lt\/wp-json\/wp\/v2\/product"}],"about":[{"href":"https:\/\/skinstudio.ee\/lt\/wp-json\/wp\/v2\/types\/product"}],"version-history":[{"count":2,"href":"https:\/\/skinstudio.ee\/lt\/wp-json\/wp\/v2\/product\/77221\/revisions"}],"predecessor-version":[{"id":88191,"href":"https:\/\/skinstudio.ee\/lt\/wp-json\/wp\/v2\/product\/77221\/revisions\/88191"}],"wp:featuredmedia":[{"embeddable":true,"href":"https:\/\/skinstudio.ee\/lt\/wp-json\/wp\/v2\/media\/77222"}],"wp:attachment":[{"href":"https:\/\/skinstudio.ee\/lt\/wp-json\/wp\/v2\/media?parent=77221"}],"wp:term":[{"taxonomy":"pwb-brand","embeddable":true,"href":"https:\/\/skinstudio.ee\/lt\/wp-json\/wp\/v2\/pwb-brand?post=77221"},{"taxonomy":"product_brand","embeddable":true,"href":"https:\/\/skinstudio.ee\/lt\/wp-json\/wp\/v2\/product_brand?post=77221"},{"taxonomy":"product_cat","embeddable":true,"href":"https:\/\/skinstudio.ee\/lt\/wp-json\/wp\/v2\/product_cat?post=77221"},{"taxonomy":"product_tag","embeddable":true,"href":"https:\/\/skinstudio.ee\/lt\/wp-json\/wp\/v2\/product_tag?post=77221"},{"taxonomy":"giftcard-category","embeddable":true,"href":"https:\/\/skinstudio.ee\/lt\/wp-json\/wp\/v2\/giftcard-category?post=77221"}],"curies":[{"name":"wp","href":"https:\/\/api.w.org\/{rel}","templated":true}]}}