{"id":77229,"date":"2023-05-24T17:57:11","date_gmt":"2023-05-24T17:57:11","guid":{"rendered":"https:\/\/skinstudio.ee\/?post_type=product&#038;p=77229"},"modified":"2026-04-07T12:38:58","modified_gmt":"2026-04-07T12:38:58","slug":"vitamins-d-k","status":"publish","type":"product","link":"https:\/\/skinstudio.ee\/lt\/catalog\/life-extension\/vitamins-d-k\/","title":{"rendered":"Vitamins D &amp; K"},"content":{"rendered":"<p data-start=\"2149\" data-end=\"2236\"><strong data-start=\"2156\" data-end=\"2193\">Vitamins D &amp; K nuo Life Extension<\/strong> yra maisto papildas su vitaminais D3 ir K.<\/p>\n<p data-start=\"2238\" data-end=\"2336\">Formul\u0117je sujungti vitaminai D ir K vienoje kapsul\u0117je. \u0160i kombinacija naudojama maisto papilduose.<\/p>\n<p data-start=\"2338\" data-end=\"2395\">Produktas pateikiamas kapsuli\u0173 forma patogiam vartojimui.<\/p>\n<p data-start=\"2397\" data-end=\"2422\"><strong data-start=\"2397\" data-end=\"2420\">Pagaminta Europoje.<\/strong><\/p>\n<p data-start=\"2424\" data-end=\"2564\"><strong data-start=\"2424\" data-end=\"2443\">Geriausias iki:<\/strong> \u017er. ant pakuot\u0117s<br data-start=\"2460\" data-end=\"2463\" \/><strong data-start=\"2463\" data-end=\"2483\">Laikymo s\u0105lygos:<\/strong> laikyti sandariai u\u017edaryt\u0105 v\u0117sioje ir sausoje vietoje<br data-start=\"2537\" data-end=\"2540\" \/><strong data-start=\"2540\" data-end=\"2550\">T\u016bris:<\/strong> 60 kapsuli\u0173<\/p>\n","protected":false},"excerpt":{"rendered":"<p data-start=\"2571\" data-end=\"2609\">Maisto papildas su vitaminais D ir K<\/p>\n<h2 data-start=\"2611\" data-end=\"2654\"><strong data-start=\"2611\" data-end=\"2654\">Life Extension &#8211; Vitamins D &amp; K Savyb\u0117s<\/strong><\/h2>\n<p data-start=\"2656\" data-end=\"2846\">\u2714\ufe0f Vitamin\u0173 D ir K derinys vienoje formul\u0117je<br data-start=\"2700\" data-end=\"2703\" \/>\u2714\ufe0f Du riebaluose tirp\u016bs vitaminai sud\u0117tyje<br data-start=\"2745\" data-end=\"2748\" \/>\u2714\ufe0f Kapsuli\u0173 forma patogiam vartojimui<br data-start=\"2785\" data-end=\"2788\" \/>\u2714\ufe0f Tinka kasdieniam vartojimui<br data-start=\"2818\" data-end=\"2821\" \/>\u2714\ufe0f Be glitimo ir be GMO<\/p>\n","protected":false},"featured_media":77230,"template":"","meta":[],"pwb-brand":[775],"product_brand":[],"product_cat":[769],"product_tag":[],"giftcard-category":[],"class_list":{"0":"post-77229","1":"product","2":"type-product","3":"status-publish","4":"has-post-thumbnail","6":"pwb-brand-life-extension","7":"product_cat-vitaminai","9":"first","10":"instock","11":"taxable","12":"shipping-taxable","13":"purchasable","14":"product-type-simple"},"acf":[],"brands":[{"id":775,"name":"Life Extension","slug":"life-extension"}],"_links":{"self":[{"href":"https:\/\/skinstudio.ee\/lt\/wp-json\/wp\/v2\/product\/77229","targetHints":{"allow":["GET"]}}],"collection":[{"href":"https:\/\/skinstudio.ee\/lt\/wp-json\/wp\/v2\/product"}],"about":[{"href":"https:\/\/skinstudio.ee\/lt\/wp-json\/wp\/v2\/types\/product"}],"version-history":[{"count":2,"href":"https:\/\/skinstudio.ee\/lt\/wp-json\/wp\/v2\/product\/77229\/revisions"}],"predecessor-version":[{"id":88196,"href":"https:\/\/skinstudio.ee\/lt\/wp-json\/wp\/v2\/product\/77229\/revisions\/88196"}],"wp:featuredmedia":[{"embeddable":true,"href":"https:\/\/skinstudio.ee\/lt\/wp-json\/wp\/v2\/media\/77230"}],"wp:attachment":[{"href":"https:\/\/skinstudio.ee\/lt\/wp-json\/wp\/v2\/media?parent=77229"}],"wp:term":[{"taxonomy":"pwb-brand","embeddable":true,"href":"https:\/\/skinstudio.ee\/lt\/wp-json\/wp\/v2\/pwb-brand?post=77229"},{"taxonomy":"product_brand","embeddable":true,"href":"https:\/\/skinstudio.ee\/lt\/wp-json\/wp\/v2\/product_brand?post=77229"},{"taxonomy":"product_cat","embeddable":true,"href":"https:\/\/skinstudio.ee\/lt\/wp-json\/wp\/v2\/product_cat?post=77229"},{"taxonomy":"product_tag","embeddable":true,"href":"https:\/\/skinstudio.ee\/lt\/wp-json\/wp\/v2\/product_tag?post=77229"},{"taxonomy":"giftcard-category","embeddable":true,"href":"https:\/\/skinstudio.ee\/lt\/wp-json\/wp\/v2\/giftcard-category?post=77229"}],"curies":[{"name":"wp","href":"https:\/\/api.w.org\/{rel}","templated":true}]}}