{"id":77237,"date":"2023-05-24T17:57:10","date_gmt":"2023-05-24T17:57:10","guid":{"rendered":"https:\/\/skinstudio.ee\/?post_type=product&#038;p=77237"},"modified":"2026-04-07T12:43:30","modified_gmt":"2026-04-07T12:43:30","slug":"vitamin-c-24-hour-liposomal-hydrogel-formula","status":"publish","type":"product","link":"https:\/\/skinstudio.ee\/lt\/catalog\/life-extension\/vitamin-c-24-hour-liposomal-hydrogel-formula\/","title":{"rendered":"Vitamin C 24-Hour Liposomal Hydrogel\u2122 Formula"},"content":{"rendered":"<p data-start=\"2795\" data-end=\"2917\"><strong data-start=\"2802\" data-end=\"2870\">Vitamin C 24-Hour Liposomal Hydrogel\u2122 Formula nuo Life Extension<\/strong> yra maisto papildas su liposominiu vitaminu C.<\/p>\n<p data-start=\"2919\" data-end=\"3107\">Formul\u0117 suteikia 350 mg vitamino C, sujungto su liposomine pristatymo sistema, pagr\u012fsta saul\u0117gr\u0105\u017e\u0173 aliejaus lipidine sfera. Taip pat sud\u0117tyje yra hidrog\u0117lis i\u0161 o\u017erag\u0117s s\u0117kl\u0173 galaktomanano.<\/p>\n<p data-start=\"3109\" data-end=\"3217\">Derinys u\u017etikrina laipsni\u0161k\u0105 vitamino C i\u0161siskyrim\u0105 per ilgesn\u012f laik\u0105. Produktas pateikiamas kapsuli\u0173 forma.<\/p>\n<p data-start=\"3219\" data-end=\"3244\"><strong data-start=\"3219\" data-end=\"3242\">Pagaminta Europoje.<\/strong><\/p>\n<p data-start=\"3246\" data-end=\"3386\"><strong data-start=\"3246\" data-end=\"3265\">Geriausias iki:<\/strong> \u017er. ant pakuot\u0117s<br data-start=\"3282\" data-end=\"3285\" \/><strong data-start=\"3285\" data-end=\"3305\">Laikymo s\u0105lygos:<\/strong> laikyti sandariai u\u017edaryt\u0105 v\u0117sioje ir sausoje vietoje<br data-start=\"3359\" data-end=\"3362\" \/><strong data-start=\"3362\" data-end=\"3372\">T\u016bris:<\/strong> 60 kapsuli\u0173<\/p>\n","protected":false},"excerpt":{"rendered":"<p data-start=\"3393\" data-end=\"3436\">Maisto papildas su liposominiu vitaminu C<\/p>\n<h2 data-start=\"3438\" data-end=\"3512\"><strong data-start=\"3438\" data-end=\"3512\">Life Extension &#8211; Vitamin C 24-Hour Liposomal Hydrogel\u2122 Formula Savyb\u0117s<\/strong><\/h2>\n<p data-start=\"3514\" data-end=\"3688\">\u2714\ufe0f 350 mg vitamino C porcijoje<br data-start=\"3544\" data-end=\"3547\" \/>\u2714\ufe0f Liposomin\u0117 pristatymo sistema<br data-start=\"3579\" data-end=\"3582\" \/>\u2714\ufe0f Formul\u0117 su galaktomanano hidrogeliu<br data-start=\"3620\" data-end=\"3623\" \/>\u2714\ufe0f Laipsni\u0161kas i\u0161siskyrimas per dien\u0105<br data-start=\"3660\" data-end=\"3663\" \/>\u2714\ufe0f Be glitimo ir be GMO<\/p>\n","protected":false},"featured_media":77238,"template":"","meta":[],"pwb-brand":[775],"product_brand":[],"product_cat":[769],"product_tag":[],"giftcard-category":[],"class_list":{"0":"post-77237","1":"product","2":"type-product","3":"status-publish","4":"has-post-thumbnail","6":"pwb-brand-life-extension","7":"product_cat-vitaminai","9":"first","10":"instock","11":"taxable","12":"shipping-taxable","13":"purchasable","14":"product-type-simple"},"acf":[],"brands":[{"id":775,"name":"Life Extension","slug":"life-extension"}],"_links":{"self":[{"href":"https:\/\/skinstudio.ee\/lt\/wp-json\/wp\/v2\/product\/77237","targetHints":{"allow":["GET"]}}],"collection":[{"href":"https:\/\/skinstudio.ee\/lt\/wp-json\/wp\/v2\/product"}],"about":[{"href":"https:\/\/skinstudio.ee\/lt\/wp-json\/wp\/v2\/types\/product"}],"version-history":[{"count":2,"href":"https:\/\/skinstudio.ee\/lt\/wp-json\/wp\/v2\/product\/77237\/revisions"}],"predecessor-version":[{"id":88201,"href":"https:\/\/skinstudio.ee\/lt\/wp-json\/wp\/v2\/product\/77237\/revisions\/88201"}],"wp:featuredmedia":[{"embeddable":true,"href":"https:\/\/skinstudio.ee\/lt\/wp-json\/wp\/v2\/media\/77238"}],"wp:attachment":[{"href":"https:\/\/skinstudio.ee\/lt\/wp-json\/wp\/v2\/media?parent=77237"}],"wp:term":[{"taxonomy":"pwb-brand","embeddable":true,"href":"https:\/\/skinstudio.ee\/lt\/wp-json\/wp\/v2\/pwb-brand?post=77237"},{"taxonomy":"product_brand","embeddable":true,"href":"https:\/\/skinstudio.ee\/lt\/wp-json\/wp\/v2\/product_brand?post=77237"},{"taxonomy":"product_cat","embeddable":true,"href":"https:\/\/skinstudio.ee\/lt\/wp-json\/wp\/v2\/product_cat?post=77237"},{"taxonomy":"product_tag","embeddable":true,"href":"https:\/\/skinstudio.ee\/lt\/wp-json\/wp\/v2\/product_tag?post=77237"},{"taxonomy":"giftcard-category","embeddable":true,"href":"https:\/\/skinstudio.ee\/lt\/wp-json\/wp\/v2\/giftcard-category?post=77237"}],"curies":[{"name":"wp","href":"https:\/\/api.w.org\/{rel}","templated":true}]}}