{"id":77245,"date":"2023-05-24T17:57:10","date_gmt":"2023-05-24T17:57:10","guid":{"rendered":"https:\/\/skinstudio.ee\/?post_type=product&#038;p=77245"},"modified":"2026-04-07T12:45:01","modified_gmt":"2026-04-07T12:45:01","slug":"vitamin-d3-3000-iu","status":"publish","type":"product","link":"https:\/\/skinstudio.ee\/lt\/catalog\/life-extension\/vitamin-d3-3000-iu\/","title":{"rendered":"Vitamin D3 (3000 IU)"},"content":{"rendered":"<div class=\"row item-row\">\n<div class=\"col-xs-24\">\n<p data-start=\"3589\" data-end=\"3686\"><strong data-start=\"3589\" data-end=\"3632\">Vitamin D3 (3000 IU) nuo Life Extension<\/strong> &#8211; maisto papildas su vitaminu D3 (cholekalciferoliu).<\/p>\n<p data-start=\"3688\" data-end=\"3887\">Vitaminas D padeda palaikyti normali\u0105 kalcio ir fosforo absorbcij\u0105, normali\u0105 kaul\u0173 ir dant\u0173 b\u016bkl\u0119, taip pat normali\u0105 imunin\u0117s sistemos veikl\u0105. Jis taip pat padeda palaikyti normali\u0105 raumen\u0173 funkcij\u0105.<\/p>\n<p data-start=\"3889\" data-end=\"3999\">Formul\u0117 sud\u0117tyje turi 75 \u03bcg (3000 IU) vitamino D3 ir pateikiama kapsuli\u0173 forma patogiam kasdieniam vartojimui.<\/p>\n<p data-start=\"4001\" data-end=\"4174\"><strong data-start=\"4001\" data-end=\"4024\">Pagaminta Europoje.<\/strong><br data-start=\"4024\" data-end=\"4027\" \/><strong data-start=\"4027\" data-end=\"4048\">Galiojimo laikas:<\/strong> \u017ei\u016br\u0117ti ant pakuot\u0117s<br data-start=\"4069\" data-end=\"4072\" \/><strong data-start=\"4072\" data-end=\"4092\">Laikymo s\u0105lygos:<\/strong> laikyti sandariai u\u017edaryt\u0105 v\u0117sioje ir sausoje vietoje<br data-start=\"4146\" data-end=\"4149\" \/><strong data-start=\"4149\" data-end=\"4159\">T\u016bris:<\/strong> 120 kapsuli\u0173<\/p>\n<\/div>\n<\/div>\n","protected":false},"excerpt":{"rendered":"<p data-start=\"4181\" data-end=\"4213\">Maisto papildas su vitaminu D3<\/p>\n<h2 data-section-id=\"1ew5152\" data-start=\"4215\" data-end=\"4268\"><strong data-start=\"4219\" data-end=\"4268\">Life Extension &#8211; Vitamin D3 (3000 IU) Savyb\u0117s<\/strong><\/h2>\n<p data-start=\"4270\" data-end=\"4418\">\u2714\ufe0f 75 \u03bcg (3000 IU) vitamino D3 kapsul\u0117je<br data-start=\"4310\" data-end=\"4313\" \/>\u2714\ufe0f Cholekalciferolio (D3) forma<br data-start=\"4344\" data-end=\"4347\" \/>\u2714\ufe0f Patogi kapsuli\u0173 forma<br data-start=\"4371\" data-end=\"4374\" \/>\u2714\ufe0f Tinka kasdieniam vartojimui<br data-start=\"4404\" data-end=\"4407\" \/>\u2714\ufe0f Be GMO<\/p>\n","protected":false},"featured_media":77246,"template":"","meta":[],"pwb-brand":[775],"product_brand":[],"product_cat":[769],"product_tag":[],"giftcard-category":[],"class_list":{"0":"post-77245","1":"product","2":"type-product","3":"status-publish","4":"has-post-thumbnail","6":"pwb-brand-life-extension","7":"product_cat-vitaminai","9":"first","10":"instock","11":"taxable","12":"shipping-taxable","13":"purchasable","14":"product-type-simple"},"acf":[],"brands":[{"id":775,"name":"Life Extension","slug":"life-extension"}],"_links":{"self":[{"href":"https:\/\/skinstudio.ee\/lt\/wp-json\/wp\/v2\/product\/77245","targetHints":{"allow":["GET"]}}],"collection":[{"href":"https:\/\/skinstudio.ee\/lt\/wp-json\/wp\/v2\/product"}],"about":[{"href":"https:\/\/skinstudio.ee\/lt\/wp-json\/wp\/v2\/types\/product"}],"version-history":[{"count":2,"href":"https:\/\/skinstudio.ee\/lt\/wp-json\/wp\/v2\/product\/77245\/revisions"}],"predecessor-version":[{"id":87123,"href":"https:\/\/skinstudio.ee\/lt\/wp-json\/wp\/v2\/product\/77245\/revisions\/87123"}],"wp:featuredmedia":[{"embeddable":true,"href":"https:\/\/skinstudio.ee\/lt\/wp-json\/wp\/v2\/media\/77246"}],"wp:attachment":[{"href":"https:\/\/skinstudio.ee\/lt\/wp-json\/wp\/v2\/media?parent=77245"}],"wp:term":[{"taxonomy":"pwb-brand","embeddable":true,"href":"https:\/\/skinstudio.ee\/lt\/wp-json\/wp\/v2\/pwb-brand?post=77245"},{"taxonomy":"product_brand","embeddable":true,"href":"https:\/\/skinstudio.ee\/lt\/wp-json\/wp\/v2\/product_brand?post=77245"},{"taxonomy":"product_cat","embeddable":true,"href":"https:\/\/skinstudio.ee\/lt\/wp-json\/wp\/v2\/product_cat?post=77245"},{"taxonomy":"product_tag","embeddable":true,"href":"https:\/\/skinstudio.ee\/lt\/wp-json\/wp\/v2\/product_tag?post=77245"},{"taxonomy":"giftcard-category","embeddable":true,"href":"https:\/\/skinstudio.ee\/lt\/wp-json\/wp\/v2\/giftcard-category?post=77245"}],"curies":[{"name":"wp","href":"https:\/\/api.w.org\/{rel}","templated":true}]}}