{"id":77256,"date":"2023-05-24T17:57:10","date_gmt":"2023-05-24T17:57:10","guid":{"rendered":"https:\/\/skinstudio.ee\/?post_type=product&#038;p=77256"},"modified":"2026-04-28T12:36:22","modified_gmt":"2026-04-28T12:36:22","slug":"magnesium-caps","status":"publish","type":"product","link":"https:\/\/skinstudio.ee\/lt\/catalog\/life-extension\/magnesium-caps\/","title":{"rendered":"Magnesium Caps"},"content":{"rendered":"<div class=\"row item-row\">\n<div class=\"col-xs-24\">\n<p data-start=\"2214\" data-end=\"2304\"><strong data-start=\"2221\" data-end=\"2258\">Magnesium Caps nuo Life Extension<\/strong> yra maisto papildas su magniu kapsuli\u0173 forma.<\/p>\n<p data-start=\"2306\" data-end=\"2444\">Formul\u0117je sujungtos trys magnio formos: oksidas, citratas ir sukcinatas. Kompleksas apjungia skirtingas mineralo formas vienoje formul\u0117je.<\/p>\n<p data-start=\"2446\" data-end=\"2503\">Produktas pateikiamas kapsuli\u0173 forma patogiam vartojimui.<\/p>\n<p data-start=\"2505\" data-end=\"2530\"><strong data-start=\"2505\" data-end=\"2528\">Pagaminta Europoje.<\/strong><\/p>\n<p data-start=\"2532\" data-end=\"2673\"><strong data-start=\"2532\" data-end=\"2551\">Geriausias iki:<\/strong> \u017er. ant pakuot\u0117s<br data-start=\"2568\" data-end=\"2571\" \/><strong data-start=\"2571\" data-end=\"2591\">Laikymo s\u0105lygos:<\/strong> laikyti sandariai u\u017edaryt\u0105 v\u0117sioje ir sausoje vietoje<br data-start=\"2645\" data-end=\"2648\" \/><strong data-start=\"2648\" data-end=\"2658\">T\u016bris:<\/strong> 100 kapsuli\u0173<\/p>\n<\/div>\n<\/div>\n","protected":false},"excerpt":{"rendered":"<p data-start=\"2680\" data-end=\"2707\">Maisto papildas su magniu<\/p>\n<h2 data-start=\"2709\" data-end=\"2752\"><strong data-start=\"2709\" data-end=\"2752\">Life Extension &#8211; Magnesium Caps Savyb\u0117s<\/strong><\/h2>\n<p data-start=\"2754\" data-end=\"2938\">\u2714\ufe0f Trys magnio formos vienoje formul\u0117je<br data-start=\"2793\" data-end=\"2796\" \/>\u2714\ufe0f Magnio oksidas, citratas ir sukcinatas<br data-start=\"2837\" data-end=\"2840\" \/>\u2714\ufe0f Kapsuli\u0173 forma patogiam vartojimui<br data-start=\"2877\" data-end=\"2880\" \/>\u2714\ufe0f Tinka kasdieniam vartojimui<br data-start=\"2910\" data-end=\"2913\" \/>\u2714\ufe0f Be glitimo ir be GMO<\/p>\n","protected":false},"featured_media":92009,"template":"","meta":[],"pwb-brand":[775],"product_brand":[],"product_cat":[769],"product_tag":[],"giftcard-category":[],"class_list":{"0":"post-77256","1":"product","2":"type-product","3":"status-publish","4":"has-post-thumbnail","6":"pwb-brand-life-extension","7":"product_cat-vitaminai","9":"first","10":"instock","11":"sale","12":"taxable","13":"shipping-taxable","14":"purchasable","15":"product-type-simple"},"acf":[],"brands":[{"id":775,"name":"Life Extension","slug":"life-extension"}],"_links":{"self":[{"href":"https:\/\/skinstudio.ee\/lt\/wp-json\/wp\/v2\/product\/77256","targetHints":{"allow":["GET"]}}],"collection":[{"href":"https:\/\/skinstudio.ee\/lt\/wp-json\/wp\/v2\/product"}],"about":[{"href":"https:\/\/skinstudio.ee\/lt\/wp-json\/wp\/v2\/types\/product"}],"version-history":[{"count":2,"href":"https:\/\/skinstudio.ee\/lt\/wp-json\/wp\/v2\/product\/77256\/revisions"}],"predecessor-version":[{"id":88212,"href":"https:\/\/skinstudio.ee\/lt\/wp-json\/wp\/v2\/product\/77256\/revisions\/88212"}],"wp:featuredmedia":[{"embeddable":true,"href":"https:\/\/skinstudio.ee\/lt\/wp-json\/wp\/v2\/media\/92009"}],"wp:attachment":[{"href":"https:\/\/skinstudio.ee\/lt\/wp-json\/wp\/v2\/media?parent=77256"}],"wp:term":[{"taxonomy":"pwb-brand","embeddable":true,"href":"https:\/\/skinstudio.ee\/lt\/wp-json\/wp\/v2\/pwb-brand?post=77256"},{"taxonomy":"product_brand","embeddable":true,"href":"https:\/\/skinstudio.ee\/lt\/wp-json\/wp\/v2\/product_brand?post=77256"},{"taxonomy":"product_cat","embeddable":true,"href":"https:\/\/skinstudio.ee\/lt\/wp-json\/wp\/v2\/product_cat?post=77256"},{"taxonomy":"product_tag","embeddable":true,"href":"https:\/\/skinstudio.ee\/lt\/wp-json\/wp\/v2\/product_tag?post=77256"},{"taxonomy":"giftcard-category","embeddable":true,"href":"https:\/\/skinstudio.ee\/lt\/wp-json\/wp\/v2\/giftcard-category?post=77256"}],"curies":[{"name":"wp","href":"https:\/\/api.w.org\/{rel}","templated":true}]}}