{"id":77264,"date":"2023-05-24T17:57:10","date_gmt":"2023-05-24T17:57:10","guid":{"rendered":"https:\/\/skinstudio.ee\/?post_type=product&#038;p=77264"},"modified":"2026-04-07T12:42:02","modified_gmt":"2026-04-07T12:42:02","slug":"melatonin-ir-xr","status":"publish","type":"product","link":"https:\/\/skinstudio.ee\/lt\/catalog\/life-extension\/melatonin-ir-xr\/","title":{"rendered":"Melatonin IR\/XR"},"content":{"rendered":"<div class=\"row item-row\">\n<div class=\"col-xs-24\">\n<p data-start=\"1938\" data-end=\"2154\">Melatonin IR\/XR nuo Life Extension yra maisto papildas su MicroActive\u00ae melatoninu. Formul\u0117 sujungia greit\u0105 ir pailgint\u0105 veikli\u0173j\u0173 med\u017eiag\u0173 i\u0161siskyrim\u0105, leid\u017eiant melatoninui i\u0161siskirti palaipsniui visos nakties metu.<\/p>\n<p data-start=\"2156\" data-end=\"2368\">Kiekvienoje kapsul\u0117je yra 1,5 mg MicroActive\u00ae melatonino &#8211; patentuotos formos su pagerintu biologiniu prieinamumu. Dvigubo i\u0161siskyrimo technologija sujungia greit\u0105 ir pailgint\u0105 i\u0161siskyrimo faz\u0119 vienoje kapsul\u0117je.<\/p>\n<p data-start=\"2370\" data-end=\"2511\">Melatonin IR\/XR sukurtas patogiam vartojimui prie\u0161 mieg\u0105.<\/p>\n<p data-start=\"2513\" data-end=\"2532\"><strong>Pagaminta Europoje.<\/strong><\/p>\n<p data-start=\"2534\" data-end=\"2662\"><strong>Tinkamumo laikas:<\/strong> \u017er. ant pakuot\u0117s<br data-start=\"2568\" data-end=\"2571\" \/><strong>Laikymo s\u0105lygos:<\/strong> laikyti sandariai u\u017edaryt\u0105 v\u0117sioje ir sausoje vietoje<br data-start=\"2641\" data-end=\"2644\" \/><strong>T\u016bris:<\/strong> 60 kapsuli\u0173<\/p>\n<\/div>\n<\/div>\n","protected":false},"excerpt":{"rendered":"<p data-start=\"3494\" data-end=\"3523\">Maisto papildas su melatoninu<\/p>\n<h2 data-start=\"3525\" data-end=\"3565\"><strong>Life Extension &#8211; Melatonin IR\/XR Savyb\u0117s<\/strong><\/h2>\n<p data-start=\"3567\" data-end=\"3751\">\u2714\ufe0f MicroActive\u00ae melatoninas kapsul\u0117se<br data-start=\"3604\" data-end=\"3607\" \/>\u2714\ufe0f Greito ir pailginto i\u0161siskyrimo kombinacija<br data-start=\"3653\" data-end=\"3656\" \/>\u2714\ufe0f 1,5 mg melatonino vienoje kapsul\u0117je<br data-start=\"3694\" data-end=\"3697\" \/>\u2714\ufe0f Be glitimo<br data-start=\"3710\" data-end=\"3713\" \/>\u2714\ufe0f Be GMO<\/p>\n","protected":false},"featured_media":77265,"template":"","meta":[],"pwb-brand":[775],"product_brand":[],"product_cat":[769],"product_tag":[],"giftcard-category":[],"class_list":{"0":"post-77264","1":"product","2":"type-product","3":"status-publish","4":"has-post-thumbnail","6":"pwb-brand-life-extension","7":"product_cat-vitaminai","9":"first","10":"instock","11":"taxable","12":"shipping-taxable","13":"purchasable","14":"product-type-simple"},"acf":[],"brands":[{"id":775,"name":"Life Extension","slug":"life-extension"}],"_links":{"self":[{"href":"https:\/\/skinstudio.ee\/lt\/wp-json\/wp\/v2\/product\/77264","targetHints":{"allow":["GET"]}}],"collection":[{"href":"https:\/\/skinstudio.ee\/lt\/wp-json\/wp\/v2\/product"}],"about":[{"href":"https:\/\/skinstudio.ee\/lt\/wp-json\/wp\/v2\/types\/product"}],"version-history":[{"count":3,"href":"https:\/\/skinstudio.ee\/lt\/wp-json\/wp\/v2\/product\/77264\/revisions"}],"predecessor-version":[{"id":85114,"href":"https:\/\/skinstudio.ee\/lt\/wp-json\/wp\/v2\/product\/77264\/revisions\/85114"}],"wp:featuredmedia":[{"embeddable":true,"href":"https:\/\/skinstudio.ee\/lt\/wp-json\/wp\/v2\/media\/77265"}],"wp:attachment":[{"href":"https:\/\/skinstudio.ee\/lt\/wp-json\/wp\/v2\/media?parent=77264"}],"wp:term":[{"taxonomy":"pwb-brand","embeddable":true,"href":"https:\/\/skinstudio.ee\/lt\/wp-json\/wp\/v2\/pwb-brand?post=77264"},{"taxonomy":"product_brand","embeddable":true,"href":"https:\/\/skinstudio.ee\/lt\/wp-json\/wp\/v2\/product_brand?post=77264"},{"taxonomy":"product_cat","embeddable":true,"href":"https:\/\/skinstudio.ee\/lt\/wp-json\/wp\/v2\/product_cat?post=77264"},{"taxonomy":"product_tag","embeddable":true,"href":"https:\/\/skinstudio.ee\/lt\/wp-json\/wp\/v2\/product_tag?post=77264"},{"taxonomy":"giftcard-category","embeddable":true,"href":"https:\/\/skinstudio.ee\/lt\/wp-json\/wp\/v2\/giftcard-category?post=77264"}],"curies":[{"name":"wp","href":"https:\/\/api.w.org\/{rel}","templated":true}]}}