{"id":77271,"date":"2023-05-24T17:57:10","date_gmt":"2023-05-24T17:57:10","guid":{"rendered":"https:\/\/skinstudio.ee\/?post_type=product&#038;p=77271"},"modified":"2026-04-07T12:46:52","modified_gmt":"2026-04-07T12:46:52","slug":"glycine","status":"publish","type":"product","link":"https:\/\/skinstudio.ee\/lt\/catalog\/life-extension\/glycine\/","title":{"rendered":"Glycine"},"content":{"rendered":"<div class=\"row item-row\">\n<div class=\"col-xs-24\">\n<p data-start=\"2011\" data-end=\"2095\"><strong data-start=\"2018\" data-end=\"2048\">Glycine nuo Life Extension<\/strong> yra maisto papildas su amino r\u016bg\u0161timi glicinu.<\/p>\n<p data-start=\"2097\" data-end=\"2205\">Formul\u0117 suteikia 1000 mg glicino vienoje kapsul\u0117je. Glicinas yra amino r\u016bg\u0161tis, naudojama maisto papilduose.<\/p>\n<p data-start=\"2207\" data-end=\"2264\">Produktas pateikiamas kapsuli\u0173 forma patogiam vartojimui.<\/p>\n<p data-start=\"2266\" data-end=\"2291\"><strong data-start=\"2266\" data-end=\"2289\">Pagaminta Europoje.<\/strong><\/p>\n<p data-start=\"2293\" data-end=\"2434\"><strong data-start=\"2293\" data-end=\"2312\">Geriausias iki:<\/strong> \u017er. ant pakuot\u0117s<br data-start=\"2329\" data-end=\"2332\" \/><strong data-start=\"2332\" data-end=\"2352\">Laikymo s\u0105lygos:<\/strong> laikyti sandariai u\u017edaryt\u0105 v\u0117sioje ir sausoje vietoje<br data-start=\"2406\" data-end=\"2409\" \/><strong data-start=\"2409\" data-end=\"2419\">T\u016bris:<\/strong> 100 kapsuli\u0173<\/p>\n<\/div>\n<\/div>\n","protected":false},"excerpt":{"rendered":"<p data-start=\"2441\" data-end=\"2469\">Maisto papildas su glicinu<\/p>\n<h2 data-start=\"2471\" data-end=\"2507\"><strong data-start=\"2471\" data-end=\"2507\">Life Extension &#8211; Glycine Savyb\u0117s<\/strong><\/h2>\n<p data-start=\"2509\" data-end=\"2672\">\u2714\ufe0f 1000 mg glicino vienoje kapsul\u0117je<br data-start=\"2545\" data-end=\"2548\" \/>\u2714\ufe0f Amino r\u016bg\u0161tis kapsuli\u0173 forma<br data-start=\"2579\" data-end=\"2582\" \/>\u2714\ufe0f Patogus vartojimas kasdien<br data-start=\"2611\" data-end=\"2614\" \/>\u2714\ufe0f Tinka kasdieniam vartojimui<br data-start=\"2644\" data-end=\"2647\" \/>\u2714\ufe0f Be glitimo ir be GMO<\/p>\n","protected":false},"featured_media":92025,"template":"","meta":[],"pwb-brand":[775],"product_brand":[],"product_cat":[769],"product_tag":[],"giftcard-category":[],"class_list":{"0":"post-77271","1":"product","2":"type-product","3":"status-publish","4":"has-post-thumbnail","6":"pwb-brand-life-extension","7":"product_cat-vitaminai","9":"first","10":"instock","11":"taxable","12":"shipping-taxable","13":"purchasable","14":"product-type-simple"},"acf":[],"brands":[{"id":775,"name":"Life Extension","slug":"life-extension"}],"_links":{"self":[{"href":"https:\/\/skinstudio.ee\/lt\/wp-json\/wp\/v2\/product\/77271","targetHints":{"allow":["GET"]}}],"collection":[{"href":"https:\/\/skinstudio.ee\/lt\/wp-json\/wp\/v2\/product"}],"about":[{"href":"https:\/\/skinstudio.ee\/lt\/wp-json\/wp\/v2\/types\/product"}],"version-history":[{"count":2,"href":"https:\/\/skinstudio.ee\/lt\/wp-json\/wp\/v2\/product\/77271\/revisions"}],"predecessor-version":[{"id":88206,"href":"https:\/\/skinstudio.ee\/lt\/wp-json\/wp\/v2\/product\/77271\/revisions\/88206"}],"wp:featuredmedia":[{"embeddable":true,"href":"https:\/\/skinstudio.ee\/lt\/wp-json\/wp\/v2\/media\/92025"}],"wp:attachment":[{"href":"https:\/\/skinstudio.ee\/lt\/wp-json\/wp\/v2\/media?parent=77271"}],"wp:term":[{"taxonomy":"pwb-brand","embeddable":true,"href":"https:\/\/skinstudio.ee\/lt\/wp-json\/wp\/v2\/pwb-brand?post=77271"},{"taxonomy":"product_brand","embeddable":true,"href":"https:\/\/skinstudio.ee\/lt\/wp-json\/wp\/v2\/product_brand?post=77271"},{"taxonomy":"product_cat","embeddable":true,"href":"https:\/\/skinstudio.ee\/lt\/wp-json\/wp\/v2\/product_cat?post=77271"},{"taxonomy":"product_tag","embeddable":true,"href":"https:\/\/skinstudio.ee\/lt\/wp-json\/wp\/v2\/product_tag?post=77271"},{"taxonomy":"giftcard-category","embeddable":true,"href":"https:\/\/skinstudio.ee\/lt\/wp-json\/wp\/v2\/giftcard-category?post=77271"}],"curies":[{"name":"wp","href":"https:\/\/api.w.org\/{rel}","templated":true}]}}