{"id":77284,"date":"2025-08-07T09:55:41","date_gmt":"2025-08-07T09:55:41","guid":{"rendered":"https:\/\/skinstudio.ee\/?post_type=product&#038;p=77284"},"modified":"2026-04-28T13:07:44","modified_gmt":"2026-04-28T13:07:44","slug":"ergo-thione","status":"publish","type":"product","link":"https:\/\/skinstudio.ee\/lt\/catalog\/quicksilver\/ergo-thione\/","title":{"rendered":"Ergo-Thione+"},"content":{"rendered":"<p data-start=\"4331\" data-end=\"4476\"><strong data-start=\"4331\" data-end=\"4363\">Ergo-Thione+ nuo Quicksilver<\/strong> yra maisto papildas su ergotioninu liposomin\u0117je formoje. Ergotioninas yra nat\u016bralus junginys, randamas grybuose.<\/p>\n<p data-start=\"4478\" data-end=\"4633\">Formul\u0117 derina ergotionin\u0105 su vitaminu C, glutationu, selenu ir vitaminu E. Liposomin\u0117 technologija naudojama veikli\u0173j\u0173 med\u017eiag\u0173 apsaugai ir j\u0173 perne\u0161imui.<\/p>\n<p data-start=\"4635\" data-end=\"4664\">Produktas yra skystos formos.<\/p>\n<p data-start=\"4666\" data-end=\"4706\">Pagaminta JAV, Quicksilver Scientific.<\/p>\n<p data-start=\"4708\" data-end=\"4866\"><strong data-start=\"4708\" data-end=\"4729\">Galiojimo laikas:<\/strong> \u017er. ant pakuot\u0117s<br data-start=\"4746\" data-end=\"4749\" \/><strong data-start=\"4749\" data-end=\"4769\">Laikymo s\u0105lygos:<\/strong> po atidarymo laikyti \u0161aldytuve, stabilumas iki 18 m\u0117nesi\u0173 laikant tinkamai<br data-start=\"4844\" data-end=\"4847\" \/><strong data-start=\"4847\" data-end=\"4857\">T\u016bris:<\/strong> 100 ml<\/p>\n","protected":false},"excerpt":{"rendered":"<p data-start=\"4055\" data-end=\"4106\">Maisto papildas su liposomine ergotionino formule<\/p>\n<h2 data-start=\"4108\" data-end=\"4146\"><strong data-start=\"4108\" data-end=\"4146\">Quicksilver &#8211; Ergo-Thione+ Savyb\u0117s<\/strong><\/h2>\n<p data-start=\"4148\" data-end=\"4324\">\u2714\ufe0f Liposomin\u0117 aktyvi\u0173j\u0173 med\u017eiag\u0173 forma<br data-start=\"4186\" data-end=\"4189\" \/>\u2714\ufe0f Sud\u0117tyje yra ergotionino<br data-start=\"4216\" data-end=\"4219\" \/>\u2714\ufe0f Derinys su vitaminu C, E, selenu ir glutationu<br data-start=\"4268\" data-end=\"4271\" \/>\u2714\ufe0f Skysta forma patogiam vartojimui<br data-start=\"4306\" data-end=\"4309\" \/>\u2714\ufe0f Be glitimo<\/p>\n","protected":false},"featured_media":40086,"template":"","meta":[],"pwb-brand":[1252],"product_brand":[],"product_cat":[769],"product_tag":[],"giftcard-category":[],"class_list":{"0":"post-77284","1":"product","2":"type-product","3":"status-publish","4":"has-post-thumbnail","6":"pwb-brand-quicksilver","7":"product_cat-vitaminai","9":"first","10":"instock","11":"taxable","12":"shipping-taxable","13":"purchasable","14":"product-type-simple"},"acf":[],"brands":[{"id":1252,"name":"Quicksilver","slug":"quicksilver"}],"_links":{"self":[{"href":"https:\/\/skinstudio.ee\/lt\/wp-json\/wp\/v2\/product\/77284","targetHints":{"allow":["GET"]}}],"collection":[{"href":"https:\/\/skinstudio.ee\/lt\/wp-json\/wp\/v2\/product"}],"about":[{"href":"https:\/\/skinstudio.ee\/lt\/wp-json\/wp\/v2\/types\/product"}],"version-history":[{"count":2,"href":"https:\/\/skinstudio.ee\/lt\/wp-json\/wp\/v2\/product\/77284\/revisions"}],"predecessor-version":[{"id":89465,"href":"https:\/\/skinstudio.ee\/lt\/wp-json\/wp\/v2\/product\/77284\/revisions\/89465"}],"wp:featuredmedia":[{"embeddable":true,"href":"https:\/\/skinstudio.ee\/lt\/wp-json\/wp\/v2\/media\/40086"}],"wp:attachment":[{"href":"https:\/\/skinstudio.ee\/lt\/wp-json\/wp\/v2\/media?parent=77284"}],"wp:term":[{"taxonomy":"pwb-brand","embeddable":true,"href":"https:\/\/skinstudio.ee\/lt\/wp-json\/wp\/v2\/pwb-brand?post=77284"},{"taxonomy":"product_brand","embeddable":true,"href":"https:\/\/skinstudio.ee\/lt\/wp-json\/wp\/v2\/product_brand?post=77284"},{"taxonomy":"product_cat","embeddable":true,"href":"https:\/\/skinstudio.ee\/lt\/wp-json\/wp\/v2\/product_cat?post=77284"},{"taxonomy":"product_tag","embeddable":true,"href":"https:\/\/skinstudio.ee\/lt\/wp-json\/wp\/v2\/product_tag?post=77284"},{"taxonomy":"giftcard-category","embeddable":true,"href":"https:\/\/skinstudio.ee\/lt\/wp-json\/wp\/v2\/giftcard-category?post=77284"}],"curies":[{"name":"wp","href":"https:\/\/api.w.org\/{rel}","templated":true}]}}