{"id":77288,"date":"2025-08-07T09:53:17","date_gmt":"2025-08-07T09:53:17","guid":{"rendered":"https:\/\/skinstudio.ee\/?post_type=product&#038;p=77288"},"modified":"2026-05-06T15:42:16","modified_gmt":"2026-05-06T15:42:16","slug":"performance-cardio","status":"publish","type":"product","link":"https:\/\/skinstudio.ee\/lt\/catalog\/quicksilver\/performance-cardio\/","title":{"rendered":"Performance Cardio+"},"content":{"rendered":"<p data-start=\"4672\" data-end=\"4815\"><strong data-start=\"4672\" data-end=\"4711\">Performance Cardio+ nuo Quicksilver<\/strong> yra maisto papildas su liposomine formule, kurioje yra augaliniai ekstraktai ir botaniniai komponentai.<\/p>\n<p data-start=\"4817\" data-end=\"4973\">Formul\u0117 apjungia gudobel\u0117s uog\u0173 ekstrakt\u0105, dan shen, notoginseng ir ginkmed\u017eio lapus. Taip pat sud\u0117tyje yra he shou wu, bosvelija, mira ir cinamono aliejus.<\/p>\n<p data-start=\"4975\" data-end=\"5054\">Liposomin\u0117 technologija naudojama veikli\u0173j\u0173 med\u017eiag\u0173 apsaugai ir j\u0173 perne\u0161imui.<\/p>\n<p data-start=\"5056\" data-end=\"5085\">Produktas yra skystos formos.<\/p>\n<p data-start=\"5087\" data-end=\"5127\">Pagaminta JAV, Quicksilver Scientific.<\/p>\n<p data-start=\"5129\" data-end=\"5287\"><strong data-start=\"5129\" data-end=\"5150\">Galiojimo laikas:<\/strong> \u017er. ant pakuot\u0117s<br data-start=\"5167\" data-end=\"5170\" \/><strong data-start=\"5170\" data-end=\"5190\">Laikymo s\u0105lygos:<\/strong> po atidarymo laikyti \u0161aldytuve; stabilumas iki 18 m\u0117nesi\u0173 laikant tinkamai<br data-start=\"5265\" data-end=\"5268\" \/><strong data-start=\"5268\" data-end=\"5278\">T\u016bris:<\/strong> 100 ml<\/p>\n","protected":false},"excerpt":{"rendered":"<p data-start=\"5932\" data-end=\"5980\">Maisto papildas su liposomine botanine formule<\/p>\n<h2 data-start=\"5982\" data-end=\"6027\"><strong data-start=\"5982\" data-end=\"6027\">Quicksilver &#8211; Performance Cardio+ Savyb\u0117s<\/strong><\/h2>\n<p data-start=\"6029\" data-end=\"6220\">\u2714\ufe0f Liposomin\u0117 aktyvi\u0173j\u0173 med\u017eiag\u0173 forma<br data-start=\"6067\" data-end=\"6070\" \/>\u2714\ufe0f Sud\u0117tyje yra augalini\u0173 ekstrakt\u0173 ir aliej\u0173<br data-start=\"6115\" data-end=\"6118\" \/>\u2714\ufe0f Vakar\u0173 ir Ryt\u0173 botanikos komponent\u0173 derinys<br data-start=\"6164\" data-end=\"6167\" \/>\u2714\ufe0f Skysta forma patogiam vartojimui<br data-start=\"6202\" data-end=\"6205\" \/>\u2714\ufe0f Be glitimo<\/p>\n","protected":false},"featured_media":65642,"template":"","meta":[],"pwb-brand":[1252],"product_brand":[],"product_cat":[769],"product_tag":[],"giftcard-category":[],"class_list":{"0":"post-77288","1":"product","2":"type-product","3":"status-publish","4":"has-post-thumbnail","6":"pwb-brand-quicksilver","7":"product_cat-vitaminai","9":"first","10":"outofstock","11":"taxable","12":"shipping-taxable","13":"purchasable","14":"product-type-simple"},"acf":[],"brands":[{"id":1252,"name":"Quicksilver","slug":"quicksilver"}],"_links":{"self":[{"href":"https:\/\/skinstudio.ee\/lt\/wp-json\/wp\/v2\/product\/77288","targetHints":{"allow":["GET"]}}],"collection":[{"href":"https:\/\/skinstudio.ee\/lt\/wp-json\/wp\/v2\/product"}],"about":[{"href":"https:\/\/skinstudio.ee\/lt\/wp-json\/wp\/v2\/types\/product"}],"version-history":[{"count":2,"href":"https:\/\/skinstudio.ee\/lt\/wp-json\/wp\/v2\/product\/77288\/revisions"}],"predecessor-version":[{"id":89471,"href":"https:\/\/skinstudio.ee\/lt\/wp-json\/wp\/v2\/product\/77288\/revisions\/89471"}],"wp:featuredmedia":[{"embeddable":true,"href":"https:\/\/skinstudio.ee\/lt\/wp-json\/wp\/v2\/media\/65642"}],"wp:attachment":[{"href":"https:\/\/skinstudio.ee\/lt\/wp-json\/wp\/v2\/media?parent=77288"}],"wp:term":[{"taxonomy":"pwb-brand","embeddable":true,"href":"https:\/\/skinstudio.ee\/lt\/wp-json\/wp\/v2\/pwb-brand?post=77288"},{"taxonomy":"product_brand","embeddable":true,"href":"https:\/\/skinstudio.ee\/lt\/wp-json\/wp\/v2\/product_brand?post=77288"},{"taxonomy":"product_cat","embeddable":true,"href":"https:\/\/skinstudio.ee\/lt\/wp-json\/wp\/v2\/product_cat?post=77288"},{"taxonomy":"product_tag","embeddable":true,"href":"https:\/\/skinstudio.ee\/lt\/wp-json\/wp\/v2\/product_tag?post=77288"},{"taxonomy":"giftcard-category","embeddable":true,"href":"https:\/\/skinstudio.ee\/lt\/wp-json\/wp\/v2\/giftcard-category?post=77288"}],"curies":[{"name":"wp","href":"https:\/\/api.w.org\/{rel}","templated":true}]}}