{"id":77292,"date":"2025-08-07T09:52:42","date_gmt":"2025-08-07T09:52:42","guid":{"rendered":"https:\/\/skinstudio.ee\/?post_type=product&#038;p=77292"},"modified":"2026-05-06T15:40:43","modified_gmt":"2026-05-06T15:40:43","slug":"h2-elite","status":"publish","type":"product","link":"https:\/\/skinstudio.ee\/lt\/catalog\/quicksilver\/h2-elite\/","title":{"rendered":"H2 Elite"},"content":{"rendered":"<p data-start=\"4240\" data-end=\"4376\"><strong data-start=\"4240\" data-end=\"4268\">H2 Elite nuo Quicksilver<\/strong> yra maisto papildas greitai tirpstan\u010di\u0173 table\u010di\u0173 forma, skirtas g\u0117rimui su molekuliniu vandeniliu paruo\u0161ti.<\/p>\n<p data-start=\"4378\" data-end=\"4520\">I\u0161tirpinus vandenyje, tablet\u0117 sudaro lengvai putojant\u012f g\u0117rim\u0105. Formul\u0117 u\u017etikrina molekulin\u012f vandenil\u012f patogioje formoje be papildomos \u012frangos.<\/p>\n<p data-start=\"4522\" data-end=\"4579\">Produktas yra table\u010di\u0173 forma, skirtas tirpinti vandenyje.<\/p>\n<p data-start=\"4581\" data-end=\"4621\">Pagaminta JAV, Quicksilver Scientific.<\/p>\n<p data-start=\"4623\" data-end=\"4746\"><strong data-start=\"4623\" data-end=\"4644\">Galiojimo laikas:<\/strong> \u017er. ant pakuot\u0117s<br data-start=\"4661\" data-end=\"4664\" \/><strong data-start=\"4664\" data-end=\"4684\">Laikymo s\u0105lygos:<\/strong> laikyti v\u0117sioje ir sausoje vietoje<br data-start=\"4719\" data-end=\"4722\" \/><strong data-start=\"4722\" data-end=\"4732\">T\u016bris:<\/strong> 30 table\u010di\u0173<\/p>\n","protected":false},"excerpt":{"rendered":"<p data-start=\"5349\" data-end=\"5392\">Maisto papildas su molekuliniu vandeniliu<\/p>\n<h2 data-start=\"5394\" data-end=\"5428\"><strong data-start=\"5394\" data-end=\"5428\">Quicksilver &#8211; H2 Elite Savyb\u0117s<\/strong><\/h2>\n<p data-start=\"5430\" data-end=\"5617\">\u2714\ufe0f Greitai tirpstanti forma g\u0117rimui paruo\u0161ti<br data-start=\"5474\" data-end=\"5477\" \/>\u2714\ufe0f Sudaro g\u0117rim\u0105 i\u0161tirpinus vandenyje<br data-start=\"5514\" data-end=\"5517\" \/>\u2714\ufe0f Sud\u0117tyje yra molekulinio vandenilio<br data-start=\"5555\" data-end=\"5558\" \/>\u2714\ufe0f Patogus formatas kasdieniam naudojimui<br data-start=\"5599\" data-end=\"5602\" \/>\u2714\ufe0f Be glitimo<\/p>\n","protected":false},"featured_media":40101,"template":"","meta":[],"pwb-brand":[1252],"product_brand":[],"product_cat":[769],"product_tag":[],"giftcard-category":[],"class_list":{"0":"post-77292","1":"product","2":"type-product","3":"status-publish","4":"has-post-thumbnail","6":"pwb-brand-quicksilver","7":"product_cat-vitaminai","9":"first","10":"outofstock","11":"taxable","12":"shipping-taxable","13":"purchasable","14":"product-type-simple"},"acf":[],"brands":[{"id":1252,"name":"Quicksilver","slug":"quicksilver"}],"_links":{"self":[{"href":"https:\/\/skinstudio.ee\/lt\/wp-json\/wp\/v2\/product\/77292","targetHints":{"allow":["GET"]}}],"collection":[{"href":"https:\/\/skinstudio.ee\/lt\/wp-json\/wp\/v2\/product"}],"about":[{"href":"https:\/\/skinstudio.ee\/lt\/wp-json\/wp\/v2\/types\/product"}],"version-history":[{"count":3,"href":"https:\/\/skinstudio.ee\/lt\/wp-json\/wp\/v2\/product\/77292\/revisions"}],"predecessor-version":[{"id":89477,"href":"https:\/\/skinstudio.ee\/lt\/wp-json\/wp\/v2\/product\/77292\/revisions\/89477"}],"wp:featuredmedia":[{"embeddable":true,"href":"https:\/\/skinstudio.ee\/lt\/wp-json\/wp\/v2\/media\/40101"}],"wp:attachment":[{"href":"https:\/\/skinstudio.ee\/lt\/wp-json\/wp\/v2\/media?parent=77292"}],"wp:term":[{"taxonomy":"pwb-brand","embeddable":true,"href":"https:\/\/skinstudio.ee\/lt\/wp-json\/wp\/v2\/pwb-brand?post=77292"},{"taxonomy":"product_brand","embeddable":true,"href":"https:\/\/skinstudio.ee\/lt\/wp-json\/wp\/v2\/product_brand?post=77292"},{"taxonomy":"product_cat","embeddable":true,"href":"https:\/\/skinstudio.ee\/lt\/wp-json\/wp\/v2\/product_cat?post=77292"},{"taxonomy":"product_tag","embeddable":true,"href":"https:\/\/skinstudio.ee\/lt\/wp-json\/wp\/v2\/product_tag?post=77292"},{"taxonomy":"giftcard-category","embeddable":true,"href":"https:\/\/skinstudio.ee\/lt\/wp-json\/wp\/v2\/giftcard-category?post=77292"}],"curies":[{"name":"wp","href":"https:\/\/api.w.org\/{rel}","templated":true}]}}