{"id":77297,"date":"2025-07-08T13:26:08","date_gmt":"2025-07-08T13:26:08","guid":{"rendered":"https:\/\/skinstudio.ee\/?post_type=product&#038;p=77297"},"modified":"2026-04-06T12:32:37","modified_gmt":"2026-04-06T12:32:37","slug":"the-one","status":"publish","type":"product","link":"https:\/\/skinstudio.ee\/lt\/catalog\/quicksilver\/the-one\/","title":{"rendered":"The One\u00ae"},"content":{"rendered":"<p data-start=\"4558\" data-end=\"4689\"><strong data-start=\"4558\" data-end=\"4586\">The One\u00ae nuo Quicksilver<\/strong> yra maisto papildas su nanoemulsine formule, kuriame yra vitamin\u0173, koferment\u0173 ir augalini\u0173 komponent\u0173.<\/p>\n<p data-start=\"4691\" data-end=\"4797\">Formul\u0117 apima PQQ, koferment\u0105 Q10, resveratrol\u012f ir tokotrienolius, taip pat augalini\u0173 ekstrakt\u0173 kompleks\u0105.<\/p>\n<p data-start=\"4799\" data-end=\"4880\">Nanoemulsin\u0117 technologija naudojama veikli\u0173j\u0173 med\u017eiag\u0173 apsaugai ir j\u0173 perne\u0161imui.<\/p>\n<p data-start=\"4882\" data-end=\"4911\">Produktas yra skystos formos.<\/p>\n<p data-start=\"4913\" data-end=\"4953\">Pagaminta JAV, Quicksilver Scientific.<\/p>\n<p data-start=\"4955\" data-end=\"5174\"><strong data-start=\"4955\" data-end=\"4976\">Galiojimo laikas:<\/strong> \u017er. ant pakuot\u0117s<br data-start=\"4993\" data-end=\"4996\" \/><strong data-start=\"4996\" data-end=\"5016\">Laikymo s\u0105lygos:<\/strong> po gavimo laikyti \u0161aldytuve; galima laikyti kambario temperat\u016broje iki 5\u20137 dien\u0173 be pa\u017eeidim\u0173, saugoti nuo tiesiogini\u0173 saul\u0117s spinduli\u0173<br data-start=\"5152\" data-end=\"5155\" \/><strong data-start=\"5155\" data-end=\"5165\">T\u016bris:<\/strong> 100 ml<\/p>\n","protected":false},"excerpt":{"rendered":"<p data-start=\"5766\" data-end=\"5807\">Maisto papildas su nanoemulsine formule<\/p>\n<h2 data-start=\"5809\" data-end=\"5843\"><strong data-start=\"5809\" data-end=\"5843\">Quicksilver &#8211; The One\u00ae Savyb\u0117s<\/strong><\/h2>\n<p data-start=\"5845\" data-end=\"6050\">\u2714\ufe0f Nanoemulsin\u0117 aktyvi\u0173j\u0173 med\u017eiag\u0173 forma<br data-start=\"5885\" data-end=\"5888\" \/>\u2714\ufe0f Sud\u0117tyje yra kofermento Q10, PQQ ir augalini\u0173 ekstrakt\u0173<br data-start=\"5946\" data-end=\"5949\" \/>\u2714\ufe0f Koferment\u0173 ir botanini\u0173 komponent\u0173 derinys<br data-start=\"5994\" data-end=\"5997\" \/>\u2714\ufe0f Skysta forma patogiam vartojimui<br data-start=\"6032\" data-end=\"6035\" \/>\u2714\ufe0f Be glitimo<\/p>\n","protected":false},"featured_media":65647,"template":"","meta":[],"pwb-brand":[1252],"product_brand":[],"product_cat":[769],"product_tag":[],"giftcard-category":[],"class_list":{"0":"post-77297","1":"product","2":"type-product","3":"status-publish","4":"has-post-thumbnail","6":"pwb-brand-quicksilver","7":"product_cat-vitaminai","9":"first","10":"instock","11":"taxable","12":"shipping-taxable","13":"purchasable","14":"product-type-simple"},"acf":[],"brands":[{"id":1252,"name":"Quicksilver","slug":"quicksilver"}],"_links":{"self":[{"href":"https:\/\/skinstudio.ee\/lt\/wp-json\/wp\/v2\/product\/77297","targetHints":{"allow":["GET"]}}],"collection":[{"href":"https:\/\/skinstudio.ee\/lt\/wp-json\/wp\/v2\/product"}],"about":[{"href":"https:\/\/skinstudio.ee\/lt\/wp-json\/wp\/v2\/types\/product"}],"version-history":[{"count":2,"href":"https:\/\/skinstudio.ee\/lt\/wp-json\/wp\/v2\/product\/77297\/revisions"}],"predecessor-version":[{"id":89485,"href":"https:\/\/skinstudio.ee\/lt\/wp-json\/wp\/v2\/product\/77297\/revisions\/89485"}],"wp:featuredmedia":[{"embeddable":true,"href":"https:\/\/skinstudio.ee\/lt\/wp-json\/wp\/v2\/media\/65647"}],"wp:attachment":[{"href":"https:\/\/skinstudio.ee\/lt\/wp-json\/wp\/v2\/media?parent=77297"}],"wp:term":[{"taxonomy":"pwb-brand","embeddable":true,"href":"https:\/\/skinstudio.ee\/lt\/wp-json\/wp\/v2\/pwb-brand?post=77297"},{"taxonomy":"product_brand","embeddable":true,"href":"https:\/\/skinstudio.ee\/lt\/wp-json\/wp\/v2\/product_brand?post=77297"},{"taxonomy":"product_cat","embeddable":true,"href":"https:\/\/skinstudio.ee\/lt\/wp-json\/wp\/v2\/product_cat?post=77297"},{"taxonomy":"product_tag","embeddable":true,"href":"https:\/\/skinstudio.ee\/lt\/wp-json\/wp\/v2\/product_tag?post=77297"},{"taxonomy":"giftcard-category","embeddable":true,"href":"https:\/\/skinstudio.ee\/lt\/wp-json\/wp\/v2\/giftcard-category?post=77297"}],"curies":[{"name":"wp","href":"https:\/\/api.w.org\/{rel}","templated":true}]}}