{"id":77302,"date":"2025-07-08T13:24:48","date_gmt":"2025-07-08T13:24:48","guid":{"rendered":"https:\/\/skinstudio.ee\/?post_type=product&#038;p=77302"},"modified":"2026-04-06T12:35:07","modified_gmt":"2026-04-06T12:35:07","slug":"clear-way-cofactors","status":"publish","type":"product","link":"https:\/\/skinstudio.ee\/lt\/catalog\/quicksilver\/clear-way-cofactors\/","title":{"rendered":"Clear Way Cofactors\u00ae"},"content":{"rendered":"<p data-start=\"3999\" data-end=\"4138\"><strong data-start=\"3999\" data-end=\"4039\">Clear Way Cofactors\u00ae nuo Quicksilver<\/strong> yra maisto papildas su kompleksine formule, kurioje yra augalini\u0173 ekstrakt\u0173, ferment\u0173 ir vitamin\u0173.<\/p>\n<p data-start=\"4140\" data-end=\"4268\">Formul\u0117 apima haritaki, nattokinaz\u0119, R-lipoin\u0119 r\u016bg\u0161t\u012f, B grup\u0117s vitaminus ir selen\u0105, taip pat papildomus botaninius komponentus.<\/p>\n<p data-start=\"4270\" data-end=\"4361\">Sud\u0117tis sujungia augalinius ekstraktus, fermentus ir maistines med\u017eiagas vienoje formul\u0117je.<\/p>\n<p data-start=\"4363\" data-end=\"4392\">Produktas yra kapsuli\u0173 forma.<\/p>\n<p data-start=\"4394\" data-end=\"4434\">Pagaminta JAV, Quicksilver Scientific.<\/p>\n<p data-start=\"4436\" data-end=\"4580\"><strong data-start=\"4436\" data-end=\"4457\">Galiojimo laikas:<\/strong> \u017er. ant pakuot\u0117s<br data-start=\"4474\" data-end=\"4477\" \/><strong data-start=\"4477\" data-end=\"4497\">Laikymo s\u0105lygos:<\/strong> laikyti v\u0117sioje ir sausoje vietoje, sandariai u\u017edaryt\u0105<br data-start=\"4552\" data-end=\"4555\" \/><strong data-start=\"4555\" data-end=\"4565\">T\u016bris:<\/strong> 120 kapsuli\u0173<\/p>\n","protected":false},"excerpt":{"rendered":"<p data-start=\"5065\" data-end=\"5105\">Maisto papildas su kompleksine formule<\/p>\n<h2 data-start=\"5107\" data-end=\"5153\"><strong data-start=\"5107\" data-end=\"5153\">Quicksilver &#8211; Clear Way Cofactors\u00ae Savyb\u0117s<\/strong><\/h2>\n<p data-start=\"5155\" data-end=\"5350\">\u2714\ufe0f Sud\u0117tyje yra augalini\u0173 ekstrakt\u0173, ferment\u0173 ir vitamin\u0173<br data-start=\"5212\" data-end=\"5215\" \/>\u2714\ufe0f Yra nattokinaz\u0117s ir R-lipoin\u0117s r\u016bg\u0161ties<br data-start=\"5257\" data-end=\"5260\" \/>\u2714\ufe0f B grup\u0117s vitamin\u0173 ir seleno derinys<br data-start=\"5298\" data-end=\"5301\" \/>\u2714\ufe0f Kapsul\u0117s patogiam vartojimui<br data-start=\"5332\" data-end=\"5335\" \/>\u2714\ufe0f Be glitimo<\/p>\n","protected":false},"featured_media":37772,"template":"","meta":[],"pwb-brand":[1252],"product_brand":[],"product_cat":[769],"product_tag":[],"giftcard-category":[],"class_list":{"0":"post-77302","1":"product","2":"type-product","3":"status-publish","4":"has-post-thumbnail","6":"pwb-brand-quicksilver","7":"product_cat-vitaminai","9":"first","10":"instock","11":"taxable","12":"shipping-taxable","13":"purchasable","14":"product-type-simple"},"acf":[],"brands":[{"id":1252,"name":"Quicksilver","slug":"quicksilver"}],"_links":{"self":[{"href":"https:\/\/skinstudio.ee\/lt\/wp-json\/wp\/v2\/product\/77302","targetHints":{"allow":["GET"]}}],"collection":[{"href":"https:\/\/skinstudio.ee\/lt\/wp-json\/wp\/v2\/product"}],"about":[{"href":"https:\/\/skinstudio.ee\/lt\/wp-json\/wp\/v2\/types\/product"}],"version-history":[{"count":2,"href":"https:\/\/skinstudio.ee\/lt\/wp-json\/wp\/v2\/product\/77302\/revisions"}],"predecessor-version":[{"id":89494,"href":"https:\/\/skinstudio.ee\/lt\/wp-json\/wp\/v2\/product\/77302\/revisions\/89494"}],"wp:featuredmedia":[{"embeddable":true,"href":"https:\/\/skinstudio.ee\/lt\/wp-json\/wp\/v2\/media\/37772"}],"wp:attachment":[{"href":"https:\/\/skinstudio.ee\/lt\/wp-json\/wp\/v2\/media?parent=77302"}],"wp:term":[{"taxonomy":"pwb-brand","embeddable":true,"href":"https:\/\/skinstudio.ee\/lt\/wp-json\/wp\/v2\/pwb-brand?post=77302"},{"taxonomy":"product_brand","embeddable":true,"href":"https:\/\/skinstudio.ee\/lt\/wp-json\/wp\/v2\/product_brand?post=77302"},{"taxonomy":"product_cat","embeddable":true,"href":"https:\/\/skinstudio.ee\/lt\/wp-json\/wp\/v2\/product_cat?post=77302"},{"taxonomy":"product_tag","embeddable":true,"href":"https:\/\/skinstudio.ee\/lt\/wp-json\/wp\/v2\/product_tag?post=77302"},{"taxonomy":"giftcard-category","embeddable":true,"href":"https:\/\/skinstudio.ee\/lt\/wp-json\/wp\/v2\/giftcard-category?post=77302"}],"curies":[{"name":"wp","href":"https:\/\/api.w.org\/{rel}","templated":true}]}}