{"id":77306,"date":"2025-07-08T13:20:49","date_gmt":"2025-07-08T13:20:49","guid":{"rendered":"https:\/\/skinstudio.ee\/?post_type=product&#038;p=77306"},"modified":"2026-04-06T12:39:17","modified_gmt":"2026-04-06T12:39:17","slug":"liposomal-ultra-vitamin","status":"publish","type":"product","link":"https:\/\/skinstudio.ee\/lt\/catalog\/quicksilver\/liposomal-ultra-vitamin\/","title":{"rendered":"Liposomal Ultra Vitamin"},"content":{"rendered":"<p data-start=\"4952\" data-end=\"5108\"><strong data-start=\"4952\" data-end=\"5006\">Liposomal Ultra Vitamin nuo Quicksilver Scientific<\/strong> yra maisto papildas su liposomine formule, kurioje yra vitamin\u0173, karotinoid\u0173 ir augalini\u0173 komponent\u0173.<\/p>\n<p data-start=\"5110\" data-end=\"5226\">Formul\u0117 apima vitaminus A, C, D\u2083, E ir K (K\u2081 ir K\u2082), B grup\u0117s vitaminus, taip pat liutein\u0105, zeaksantin\u0105 ir likopen\u0105.<\/p>\n<p data-start=\"5228\" data-end=\"5308\">Sud\u0117tis papildyta trimetilglicinu (TMG), tokotrienoliais ir margaini\u0173 ekstraktu.<\/p>\n<p data-start=\"5310\" data-end=\"5389\">Liposomin\u0117 technologija naudojama veikli\u0173j\u0173 med\u017eiag\u0173 apsaugai ir j\u0173 perne\u0161imui.<\/p>\n<p data-start=\"5391\" data-end=\"5420\">Produktas yra skystos formos.<\/p>\n<p data-start=\"5422\" data-end=\"5462\">Pagaminta JAV, Quicksilver Scientific.<\/p>\n<p data-start=\"5464\" data-end=\"5663\"><strong data-start=\"5464\" data-end=\"5485\">Galiojimo laikas:<\/strong> \u017er. ant pakuot\u0117s<br data-start=\"5502\" data-end=\"5505\" \/><strong data-start=\"5505\" data-end=\"5525\">Laikymo s\u0105lygos:<\/strong> laikyti sandariai u\u017edaryt\u0105 kambario temperat\u016broje, sausoje ir tamsioje vietoje. Sunaudoti per 30 dien\u0173 po atidarymo<br data-start=\"5641\" data-end=\"5644\" \/><strong data-start=\"5644\" data-end=\"5654\">T\u016bris:<\/strong> 100 ml<\/p>\n","protected":false},"excerpt":{"rendered":"<p data-start=\"6266\" data-end=\"6319\">Maisto papildas su liposomine multivitamin\u0173 formule<\/p>\n<h2 data-start=\"6321\" data-end=\"6370\"><strong data-start=\"6321\" data-end=\"6370\">Quicksilver &#8211; Liposomal Ultra Vitamin Savyb\u0117s<\/strong><\/h2>\n<p data-start=\"6372\" data-end=\"6604\">\u2714\ufe0f Sud\u0117tyje yra vitamin\u0173 A, C, D\u2083, E ir K<br data-start=\"6413\" data-end=\"6416\" \/>\u2714\ufe0f Apima B grup\u0117s vitaminus ir karotinoidus<br data-start=\"6459\" data-end=\"6462\" \/>\u2714\ufe0f Papildytas TMG, tokotrienoliais ir augaliniais ekstraktais<br data-start=\"6523\" data-end=\"6526\" \/>\u2714\ufe0f Liposomin\u0117 aktyvi\u0173j\u0173 med\u017eiag\u0173 forma<br data-start=\"6564\" data-end=\"6567\" \/>\u2714\ufe0f Skysta forma patogiam vartojimui<\/p>\n","protected":false},"featured_media":65609,"template":"","meta":[],"pwb-brand":[1252],"product_brand":[],"product_cat":[769],"product_tag":[],"giftcard-category":[],"class_list":{"0":"post-77306","1":"product","2":"type-product","3":"status-publish","4":"has-post-thumbnail","6":"pwb-brand-quicksilver","7":"product_cat-vitaminai","9":"first","10":"instock","11":"taxable","12":"shipping-taxable","13":"purchasable","14":"product-type-simple"},"acf":[],"brands":[{"id":1252,"name":"Quicksilver","slug":"quicksilver"}],"_links":{"self":[{"href":"https:\/\/skinstudio.ee\/lt\/wp-json\/wp\/v2\/product\/77306","targetHints":{"allow":["GET"]}}],"collection":[{"href":"https:\/\/skinstudio.ee\/lt\/wp-json\/wp\/v2\/product"}],"about":[{"href":"https:\/\/skinstudio.ee\/lt\/wp-json\/wp\/v2\/types\/product"}],"version-history":[{"count":2,"href":"https:\/\/skinstudio.ee\/lt\/wp-json\/wp\/v2\/product\/77306\/revisions"}],"predecessor-version":[{"id":89501,"href":"https:\/\/skinstudio.ee\/lt\/wp-json\/wp\/v2\/product\/77306\/revisions\/89501"}],"wp:featuredmedia":[{"embeddable":true,"href":"https:\/\/skinstudio.ee\/lt\/wp-json\/wp\/v2\/media\/65609"}],"wp:attachment":[{"href":"https:\/\/skinstudio.ee\/lt\/wp-json\/wp\/v2\/media?parent=77306"}],"wp:term":[{"taxonomy":"pwb-brand","embeddable":true,"href":"https:\/\/skinstudio.ee\/lt\/wp-json\/wp\/v2\/pwb-brand?post=77306"},{"taxonomy":"product_brand","embeddable":true,"href":"https:\/\/skinstudio.ee\/lt\/wp-json\/wp\/v2\/product_brand?post=77306"},{"taxonomy":"product_cat","embeddable":true,"href":"https:\/\/skinstudio.ee\/lt\/wp-json\/wp\/v2\/product_cat?post=77306"},{"taxonomy":"product_tag","embeddable":true,"href":"https:\/\/skinstudio.ee\/lt\/wp-json\/wp\/v2\/product_tag?post=77306"},{"taxonomy":"giftcard-category","embeddable":true,"href":"https:\/\/skinstudio.ee\/lt\/wp-json\/wp\/v2\/giftcard-category?post=77306"}],"curies":[{"name":"wp","href":"https:\/\/api.w.org\/{rel}","templated":true}]}}