{"id":77310,"date":"2025-07-08T13:19:03","date_gmt":"2025-07-08T13:19:03","guid":{"rendered":"https:\/\/skinstudio.ee\/?post_type=product&#038;p=77310"},"modified":"2026-04-06T12:41:12","modified_gmt":"2026-04-06T12:41:12","slug":"micellized-pure-pc","status":"publish","type":"product","link":"https:\/\/skinstudio.ee\/lt\/catalog\/quicksilver\/micellized-pure-pc\/","title":{"rendered":"Micellized Pure PC\u00ae"},"content":{"rendered":"<p data-start=\"3993\" data-end=\"4100\"><strong data-start=\"3993\" data-end=\"4043\">Micellized Pure PC\u00ae nuo Quicksilver Scientific<\/strong> yra maisto papildas su fosfatidilcholino miceline forma.<\/p>\n<p data-start=\"4102\" data-end=\"4217\">Formul\u0117 apima fosfatidilcholin\u0105 micelin\u0117je formoje. Tiekimo technologija pagr\u012fsta ma\u017e\u0173 ir stabili\u0173 sfer\u0173 naudojimu.<\/p>\n<p data-start=\"4219\" data-end=\"4248\">Produktas yra skystos formos.<\/p>\n<p data-start=\"4250\" data-end=\"4295\"><strong data-start=\"4250\" data-end=\"4293\">Gamintojas: Quicksilver Scientific, JAV<\/strong><\/p>\n<p data-start=\"4297\" data-end=\"4417\"><strong data-start=\"4297\" data-end=\"4318\">Galiojimo laikas:<\/strong> \u017er. ant pakuot\u0117s<br data-start=\"4335\" data-end=\"4338\" \/><strong data-start=\"4338\" data-end=\"4358\">Laikymo s\u0105lygos:<\/strong> laikyti sandariai u\u017edaryt\u0105 \u0161aldytuve<br data-start=\"4395\" data-end=\"4398\" \/><strong data-start=\"4398\" data-end=\"4408\">T\u016bris:<\/strong> 120 ml<\/p>\n","protected":false},"excerpt":{"rendered":"<p data-start=\"5023\" data-end=\"5076\">Maisto papildas su fosfatidilcholino miceline forma<\/p>\n<h2 data-start=\"5078\" data-end=\"5123\"><strong data-start=\"5078\" data-end=\"5123\">Quicksilver &#8211; Micellized Pure PC\u00ae Savyb\u0117s<\/strong><\/h2>\n<p data-start=\"5125\" data-end=\"5317\">\u2714\ufe0f Sud\u0117tyje yra fosfatidilcholino micelin\u0117je formoje<br data-start=\"5177\" data-end=\"5180\" \/>\u2714\ufe0f Skysta forma patogiam vartojimui<br data-start=\"5215\" data-end=\"5218\" \/>\u2714\ufe0f Micelin\u0117 veikli\u0173j\u0173 med\u017eiag\u0173 tiekimo technologija<br data-start=\"5269\" data-end=\"5272\" \/>\u2714\ufe0f Sud\u0117tyje yra fosfolipid\u0173<br data-start=\"5299\" data-end=\"5302\" \/>\u2714\ufe0f Be glitimo<\/p>\n","protected":false},"featured_media":65615,"template":"","meta":[],"pwb-brand":[1252],"product_brand":[],"product_cat":[769],"product_tag":[],"giftcard-category":[],"class_list":{"0":"post-77310","1":"product","2":"type-product","3":"status-publish","4":"has-post-thumbnail","6":"pwb-brand-quicksilver","7":"product_cat-vitaminai","9":"first","10":"instock","11":"taxable","12":"shipping-taxable","13":"purchasable","14":"product-type-simple"},"acf":[],"brands":[{"id":1252,"name":"Quicksilver","slug":"quicksilver"}],"_links":{"self":[{"href":"https:\/\/skinstudio.ee\/lt\/wp-json\/wp\/v2\/product\/77310","targetHints":{"allow":["GET"]}}],"collection":[{"href":"https:\/\/skinstudio.ee\/lt\/wp-json\/wp\/v2\/product"}],"about":[{"href":"https:\/\/skinstudio.ee\/lt\/wp-json\/wp\/v2\/types\/product"}],"version-history":[{"count":2,"href":"https:\/\/skinstudio.ee\/lt\/wp-json\/wp\/v2\/product\/77310\/revisions"}],"predecessor-version":[{"id":89506,"href":"https:\/\/skinstudio.ee\/lt\/wp-json\/wp\/v2\/product\/77310\/revisions\/89506"}],"wp:featuredmedia":[{"embeddable":true,"href":"https:\/\/skinstudio.ee\/lt\/wp-json\/wp\/v2\/media\/65615"}],"wp:attachment":[{"href":"https:\/\/skinstudio.ee\/lt\/wp-json\/wp\/v2\/media?parent=77310"}],"wp:term":[{"taxonomy":"pwb-brand","embeddable":true,"href":"https:\/\/skinstudio.ee\/lt\/wp-json\/wp\/v2\/pwb-brand?post=77310"},{"taxonomy":"product_brand","embeddable":true,"href":"https:\/\/skinstudio.ee\/lt\/wp-json\/wp\/v2\/product_brand?post=77310"},{"taxonomy":"product_cat","embeddable":true,"href":"https:\/\/skinstudio.ee\/lt\/wp-json\/wp\/v2\/product_cat?post=77310"},{"taxonomy":"product_tag","embeddable":true,"href":"https:\/\/skinstudio.ee\/lt\/wp-json\/wp\/v2\/product_tag?post=77310"},{"taxonomy":"giftcard-category","embeddable":true,"href":"https:\/\/skinstudio.ee\/lt\/wp-json\/wp\/v2\/giftcard-category?post=77310"}],"curies":[{"name":"wp","href":"https:\/\/api.w.org\/{rel}","templated":true}]}}