{"id":77317,"date":"2025-07-08T13:18:03","date_gmt":"2025-07-08T13:18:03","guid":{"rendered":"https:\/\/skinstudio.ee\/?post_type=product&#038;p=77317"},"modified":"2026-04-06T12:43:14","modified_gmt":"2026-04-06T12:43:14","slug":"vitamin-c-elderberry","status":"publish","type":"product","link":"https:\/\/skinstudio.ee\/lt\/catalog\/quicksilver\/vitamin-c-elderberry\/","title":{"rendered":"Vitamin C+ Elderberry"},"content":{"rendered":"<p data-start=\"4335\" data-end=\"4476\"><strong data-start=\"4335\" data-end=\"4387\">Vitamin C+ Elderberry nuo Quicksilver Scientific<\/strong> yra maisto papildas su liposomine formule, kurioje yra vitamin\u0173 ir augalini\u0173 komponent\u0173.<\/p>\n<p data-start=\"4478\" data-end=\"4561\">Formul\u0117 apima vitamin\u0105 C, vitamin\u0105 E (tokotrienol\u0173 forma) ir \u0161eivamed\u017eio ekstrakt\u0105.<\/p>\n<p data-start=\"4563\" data-end=\"4642\">Liposomin\u0117 technologija naudojama veikli\u0173j\u0173 med\u017eiag\u0173 apsaugai ir j\u0173 perne\u0161imui.<\/p>\n<p data-start=\"4644\" data-end=\"4673\">Produktas yra skystos formos.<\/p>\n<p data-start=\"4675\" data-end=\"4720\"><strong data-start=\"4675\" data-end=\"4718\">Gamintojas: Quicksilver Scientific, JAV<\/strong><\/p>\n<p data-start=\"4722\" data-end=\"4868\"><strong data-start=\"4722\" data-end=\"4743\">Galiojimo laikas:<\/strong> \u017er. ant pakuot\u0117s<br data-start=\"4760\" data-end=\"4763\" \/><strong data-start=\"4763\" data-end=\"4783\">Laikymo s\u0105lygos:<\/strong> laikyti kambario temperat\u016broje; po atidarymo laikyti \u0161aldytuve<br data-start=\"4846\" data-end=\"4849\" \/><strong data-start=\"4849\" data-end=\"4859\">T\u016bris:<\/strong> 100 ml<\/p>\n","protected":false},"excerpt":{"rendered":"<p data-start=\"5464\" data-end=\"5527\">Maisto papildas su liposomine vitamin\u0173 ir \u0161eivamed\u017eio formule<\/p>\n<h2 data-start=\"5529\" data-end=\"5576\"><strong data-start=\"5529\" data-end=\"5576\">Quicksilver &#8211; Vitamin C+ Elderberry Savyb\u0117s<\/strong><\/h2>\n<p data-start=\"5578\" data-end=\"5769\">\u2714\ufe0f Sud\u0117tyje yra vitamino C, vitamino E ir \u0161eivamed\u017eio ekstrakto<br data-start=\"5641\" data-end=\"5644\" \/>\u2714\ufe0f Liposomin\u0117 aktyvi\u0173j\u0173 med\u017eiag\u0173 forma<br data-start=\"5682\" data-end=\"5685\" \/>\u2714\ufe0f Skysta forma patogiam vartojimui<br data-start=\"5720\" data-end=\"5723\" \/>\u2714\ufe0f Sud\u0117tyje yra tokotrienol\u0173<br data-start=\"5751\" data-end=\"5754\" \/>\u2714\ufe0f Be glitimo<\/p>\n","protected":false},"featured_media":65621,"template":"","meta":[],"pwb-brand":[1252],"product_brand":[],"product_cat":[769],"product_tag":[],"giftcard-category":[],"class_list":{"0":"post-77317","1":"product","2":"type-product","3":"status-publish","4":"has-post-thumbnail","6":"pwb-brand-quicksilver","7":"product_cat-vitaminai","9":"first","10":"instock","11":"taxable","12":"shipping-taxable","13":"purchasable","14":"product-type-simple"},"acf":[],"brands":[{"id":1252,"name":"Quicksilver","slug":"quicksilver"}],"_links":{"self":[{"href":"https:\/\/skinstudio.ee\/lt\/wp-json\/wp\/v2\/product\/77317","targetHints":{"allow":["GET"]}}],"collection":[{"href":"https:\/\/skinstudio.ee\/lt\/wp-json\/wp\/v2\/product"}],"about":[{"href":"https:\/\/skinstudio.ee\/lt\/wp-json\/wp\/v2\/types\/product"}],"version-history":[{"count":2,"href":"https:\/\/skinstudio.ee\/lt\/wp-json\/wp\/v2\/product\/77317\/revisions"}],"predecessor-version":[{"id":89511,"href":"https:\/\/skinstudio.ee\/lt\/wp-json\/wp\/v2\/product\/77317\/revisions\/89511"}],"wp:featuredmedia":[{"embeddable":true,"href":"https:\/\/skinstudio.ee\/lt\/wp-json\/wp\/v2\/media\/65621"}],"wp:attachment":[{"href":"https:\/\/skinstudio.ee\/lt\/wp-json\/wp\/v2\/media?parent=77317"}],"wp:term":[{"taxonomy":"pwb-brand","embeddable":true,"href":"https:\/\/skinstudio.ee\/lt\/wp-json\/wp\/v2\/pwb-brand?post=77317"},{"taxonomy":"product_brand","embeddable":true,"href":"https:\/\/skinstudio.ee\/lt\/wp-json\/wp\/v2\/product_brand?post=77317"},{"taxonomy":"product_cat","embeddable":true,"href":"https:\/\/skinstudio.ee\/lt\/wp-json\/wp\/v2\/product_cat?post=77317"},{"taxonomy":"product_tag","embeddable":true,"href":"https:\/\/skinstudio.ee\/lt\/wp-json\/wp\/v2\/product_tag?post=77317"},{"taxonomy":"giftcard-category","embeddable":true,"href":"https:\/\/skinstudio.ee\/lt\/wp-json\/wp\/v2\/giftcard-category?post=77317"}],"curies":[{"name":"wp","href":"https:\/\/api.w.org\/{rel}","templated":true}]}}