{"id":77327,"date":"2025-07-08T13:17:21","date_gmt":"2025-07-08T13:17:21","guid":{"rendered":"https:\/\/skinstudio.ee\/?post_type=product&#038;p=77327"},"modified":"2026-04-06T12:48:31","modified_gmt":"2026-04-06T12:48:31","slug":"nanoemulsified-cats-claw-elite","status":"publish","type":"product","link":"https:\/\/skinstudio.ee\/lt\/catalog\/quicksilver\/nanoemulsified-cats-claw-elite\/","title":{"rendered":"Nanoemulsified Cat&#8217;s Claw Elite\u2122"},"content":{"rendered":"<p data-start=\"4844\" data-end=\"4997\"><strong data-start=\"4844\" data-end=\"4907\">Nanoemulsified Cat\u2019s Claw Elite\u2122 nuo Quicksilver Scientific<\/strong> yra maisto papildas su nanoemulsine formule, kurioje yra augalini\u0173 ekstrakt\u0173 ir vitamin\u0173.<\/p>\n<p data-start=\"4999\" data-end=\"5101\">Formul\u0117 apima kat\u0117s nag\u0173 ekstrakt\u0105 (Uncaria tomentosa), vitamin\u0105 D\u2083, monolaurin\u0105 ir eterinius aliejus.<\/p>\n<p data-start=\"5103\" data-end=\"5203\">Sud\u0117tis sujungia botaninius komponentus, vitaminus ir kitas veikli\u0105sias med\u017eiagas vienoje formul\u0117je.<\/p>\n<p data-start=\"5205\" data-end=\"5286\">Nanoemulsin\u0117 technologija naudojama veikli\u0173j\u0173 med\u017eiag\u0173 apsaugai ir j\u0173 perne\u0161imui.<\/p>\n<p data-start=\"5288\" data-end=\"5317\">Produktas yra skystos formos.<\/p>\n<p data-start=\"5319\" data-end=\"5364\"><strong data-start=\"5319\" data-end=\"5362\">Gamintojas: Quicksilver Scientific, JAV<\/strong><\/p>\n<p data-start=\"5366\" data-end=\"5534\"><strong data-start=\"5366\" data-end=\"5387\">Galiojimo laikas:<\/strong> \u017er. ant pakuot\u0117s<br data-start=\"5404\" data-end=\"5407\" \/><strong data-start=\"5407\" data-end=\"5427\">Laikymo s\u0105lygos:<\/strong> laikyti sandariai u\u017edaryt\u0105 v\u0117sioje ir sausoje vietoje. Po atidarymo laikyti \u0161aldytuve<br data-start=\"5513\" data-end=\"5516\" \/><strong data-start=\"5516\" data-end=\"5526\">T\u016bris:<\/strong> 50 ml<\/p>\n","protected":false},"excerpt":{"rendered":"<p data-start=\"6131\" data-end=\"6183\">Maisto papildas su nanoemulsine kat\u0117s nag\u0173 formule<\/p>\n<h2 data-start=\"6185\" data-end=\"6243\"><strong data-start=\"6185\" data-end=\"6243\">Quicksilver &#8211; Nanoemulsified Cat\u2019s Claw Elite\u2122 Savyb\u0117s<\/strong><\/h2>\n<p data-start=\"6245\" data-end=\"6439\">\u2714\ufe0f Sud\u0117tyje yra kat\u0117s nag\u0173 ekstrakto ir vitamino D\u2083<br data-start=\"6296\" data-end=\"6299\" \/>\u2714\ufe0f Apima monolaurin\u0105 ir eterinius aliejus<br data-start=\"6340\" data-end=\"6343\" \/>\u2714\ufe0f Nanoemulsin\u0117 aktyvi\u0173j\u0173 med\u017eiag\u0173 forma<br data-start=\"6383\" data-end=\"6386\" \/>\u2714\ufe0f Skysta forma patogiam vartojimui<br data-start=\"6421\" data-end=\"6424\" \/>\u2714\ufe0f Be glitimo<\/p>\n","protected":false},"featured_media":37847,"template":"","meta":[],"pwb-brand":[1252],"product_brand":[],"product_cat":[769],"product_tag":[],"giftcard-category":[],"class_list":{"0":"post-77327","1":"product","2":"type-product","3":"status-publish","4":"has-post-thumbnail","6":"pwb-brand-quicksilver","7":"product_cat-vitaminai","9":"first","10":"instock","11":"taxable","12":"shipping-taxable","13":"purchasable","14":"product-type-simple"},"acf":[],"brands":[{"id":1252,"name":"Quicksilver","slug":"quicksilver"}],"_links":{"self":[{"href":"https:\/\/skinstudio.ee\/lt\/wp-json\/wp\/v2\/product\/77327","targetHints":{"allow":["GET"]}}],"collection":[{"href":"https:\/\/skinstudio.ee\/lt\/wp-json\/wp\/v2\/product"}],"about":[{"href":"https:\/\/skinstudio.ee\/lt\/wp-json\/wp\/v2\/types\/product"}],"version-history":[{"count":2,"href":"https:\/\/skinstudio.ee\/lt\/wp-json\/wp\/v2\/product\/77327\/revisions"}],"predecessor-version":[{"id":89516,"href":"https:\/\/skinstudio.ee\/lt\/wp-json\/wp\/v2\/product\/77327\/revisions\/89516"}],"wp:featuredmedia":[{"embeddable":true,"href":"https:\/\/skinstudio.ee\/lt\/wp-json\/wp\/v2\/media\/37847"}],"wp:attachment":[{"href":"https:\/\/skinstudio.ee\/lt\/wp-json\/wp\/v2\/media?parent=77327"}],"wp:term":[{"taxonomy":"pwb-brand","embeddable":true,"href":"https:\/\/skinstudio.ee\/lt\/wp-json\/wp\/v2\/pwb-brand?post=77327"},{"taxonomy":"product_brand","embeddable":true,"href":"https:\/\/skinstudio.ee\/lt\/wp-json\/wp\/v2\/product_brand?post=77327"},{"taxonomy":"product_cat","embeddable":true,"href":"https:\/\/skinstudio.ee\/lt\/wp-json\/wp\/v2\/product_cat?post=77327"},{"taxonomy":"product_tag","embeddable":true,"href":"https:\/\/skinstudio.ee\/lt\/wp-json\/wp\/v2\/product_tag?post=77327"},{"taxonomy":"giftcard-category","embeddable":true,"href":"https:\/\/skinstudio.ee\/lt\/wp-json\/wp\/v2\/giftcard-category?post=77327"}],"curies":[{"name":"wp","href":"https:\/\/api.w.org\/{rel}","templated":true}]}}