{"id":77331,"date":"2025-07-08T13:16:39","date_gmt":"2025-07-08T13:16:39","guid":{"rendered":"https:\/\/skinstudio.ee\/?post_type=product&#038;p=77331"},"modified":"2026-04-28T13:30:28","modified_gmt":"2026-04-28T13:30:28","slug":"nanoemulsified-milk-thistle","status":"publish","type":"product","link":"https:\/\/skinstudio.ee\/lt\/catalog\/quicksilver\/nanoemulsified-milk-thistle\/","title":{"rendered":"Nanoemulsified Milk Thistle"},"content":{"rendered":"<p data-start=\"4346\" data-end=\"4482\"><strong data-start=\"4346\" data-end=\"4404\">Nanoemulsified Milk Thistle nuo Quicksilver Scientific<\/strong> yra maisto papildas su nanoemulsine formule, kurioje yra margaini\u0173 ekstrakto.<\/p>\n<p data-start=\"4484\" data-end=\"4557\">Formul\u0117 apima margaini\u0173 ekstrakt\u0105, standartizuot\u0105 pagal silimarino kiek\u012f.<\/p>\n<p data-start=\"4559\" data-end=\"4639\">Fosfolipid\u0173 technologija naudojama veikli\u0173j\u0173 med\u017eiag\u0173 apsaugai ir j\u0173 perne\u0161imui.<\/p>\n<p data-start=\"4641\" data-end=\"4670\">Produktas yra skystos formos.<\/p>\n<p data-start=\"4672\" data-end=\"4717\"><strong data-start=\"4672\" data-end=\"4715\">Gamintojas: Quicksilver Scientific, JAV<\/strong><\/p>\n<p data-start=\"4719\" data-end=\"4881\"><strong data-start=\"4719\" data-end=\"4740\">Galiojimo laikas:<\/strong> \u017er. ant pakuot\u0117s<br data-start=\"4757\" data-end=\"4760\" \/><strong data-start=\"4760\" data-end=\"4780\">Laikymo s\u0105lygos:<\/strong> laikyti sandariai u\u017edaryt\u0105 v\u0117sioje ir sausoje vietoje; po atidarymo \u2014 \u0161aldytuve<br data-start=\"4860\" data-end=\"4863\" \/><strong data-start=\"4863\" data-end=\"4873\">T\u016bris:<\/strong> 50 ml<\/p>\n","protected":false},"excerpt":{"rendered":"<p data-start=\"5471\" data-end=\"5522\">Maisto papildas su nanoemulsine margaini\u0173 formule<\/p>\n<h2 data-start=\"5524\" data-end=\"5577\"><strong data-start=\"5524\" data-end=\"5577\">Quicksilver &#8211; Nanoemulsified Milk Thistle Savyb\u0117s<\/strong><\/h2>\n<p data-start=\"5579\" data-end=\"5742\">\u2714\ufe0f Sud\u0117tyje yra margaini\u0173 ekstrakto<br data-start=\"5614\" data-end=\"5617\" \/>\u2714\ufe0f Nanoemulsin\u0117 aktyvi\u0173j\u0173 med\u017eiag\u0173 forma<br data-start=\"5657\" data-end=\"5660\" \/>\u2714\ufe0f Skysta forma patogiam vartojimui<br data-start=\"5695\" data-end=\"5698\" \/>\u2714\ufe0f Sud\u0117tyje yra silimarino<br data-start=\"5724\" data-end=\"5727\" \/>\u2714\ufe0f Be glitimo<\/p>\n","protected":false},"featured_media":65632,"template":"","meta":[],"pwb-brand":[1252],"product_brand":[],"product_cat":[769],"product_tag":[],"giftcard-category":[],"class_list":{"0":"post-77331","1":"product","2":"type-product","3":"status-publish","4":"has-post-thumbnail","6":"pwb-brand-quicksilver","7":"product_cat-vitaminai","9":"first","10":"instock","11":"taxable","12":"shipping-taxable","13":"purchasable","14":"product-type-simple"},"acf":[],"brands":[{"id":1252,"name":"Quicksilver","slug":"quicksilver"}],"_links":{"self":[{"href":"https:\/\/skinstudio.ee\/lt\/wp-json\/wp\/v2\/product\/77331","targetHints":{"allow":["GET"]}}],"collection":[{"href":"https:\/\/skinstudio.ee\/lt\/wp-json\/wp\/v2\/product"}],"about":[{"href":"https:\/\/skinstudio.ee\/lt\/wp-json\/wp\/v2\/types\/product"}],"version-history":[{"count":3,"href":"https:\/\/skinstudio.ee\/lt\/wp-json\/wp\/v2\/product\/77331\/revisions"}],"predecessor-version":[{"id":89522,"href":"https:\/\/skinstudio.ee\/lt\/wp-json\/wp\/v2\/product\/77331\/revisions\/89522"}],"wp:featuredmedia":[{"embeddable":true,"href":"https:\/\/skinstudio.ee\/lt\/wp-json\/wp\/v2\/media\/65632"}],"wp:attachment":[{"href":"https:\/\/skinstudio.ee\/lt\/wp-json\/wp\/v2\/media?parent=77331"}],"wp:term":[{"taxonomy":"pwb-brand","embeddable":true,"href":"https:\/\/skinstudio.ee\/lt\/wp-json\/wp\/v2\/pwb-brand?post=77331"},{"taxonomy":"product_brand","embeddable":true,"href":"https:\/\/skinstudio.ee\/lt\/wp-json\/wp\/v2\/product_brand?post=77331"},{"taxonomy":"product_cat","embeddable":true,"href":"https:\/\/skinstudio.ee\/lt\/wp-json\/wp\/v2\/product_cat?post=77331"},{"taxonomy":"product_tag","embeddable":true,"href":"https:\/\/skinstudio.ee\/lt\/wp-json\/wp\/v2\/product_tag?post=77331"},{"taxonomy":"giftcard-category","embeddable":true,"href":"https:\/\/skinstudio.ee\/lt\/wp-json\/wp\/v2\/giftcard-category?post=77331"}],"curies":[{"name":"wp","href":"https:\/\/api.w.org\/{rel}","templated":true}]}}