{"id":77336,"date":"2025-07-08T13:15:23","date_gmt":"2025-07-08T13:15:23","guid":{"rendered":"https:\/\/skinstudio.ee\/?post_type=product&#038;p=77336"},"modified":"2026-04-06T12:56:27","modified_gmt":"2026-04-06T12:56:27","slug":"nanoemulsified-hista-aid","status":"publish","type":"product","link":"https:\/\/skinstudio.ee\/lt\/catalog\/quicksilver\/nanoemulsified-hista-aid\/","title":{"rendered":"Nanoemulsified Hista-Aid\u00ae"},"content":{"rendered":"<p data-start=\"4757\" data-end=\"4904\"><strong data-start=\"4757\" data-end=\"4813\">Nanoemulsified Hista-Aid\u00ae nuo Quicksilver Scientific<\/strong> yra maisto papildas su nanoemulsine formule, kurioje yra vitamin\u0173 ir augalini\u0173 komponent\u0173.<\/p>\n<p data-start=\"4906\" data-end=\"4979\">Formul\u0117 apima vitamin\u0105 C, kvercetin\u0105, luteolin\u0105 ir diindolilmetan\u0105 (DIM).<\/p>\n<p data-start=\"4981\" data-end=\"5070\">Sud\u0117tis sujungia flavonoidus, vitaminus ir kitas veikli\u0105sias med\u017eiagas vienoje formul\u0117je.<\/p>\n<p data-start=\"5072\" data-end=\"5153\">Nanoemulsin\u0117 technologija naudojama veikli\u0173j\u0173 med\u017eiag\u0173 apsaugai ir j\u0173 perne\u0161imui.<\/p>\n<p data-start=\"5155\" data-end=\"5184\">Produktas yra skystos formos.<\/p>\n<p data-start=\"5186\" data-end=\"5231\"><strong data-start=\"5186\" data-end=\"5229\">Gamintojas: Quicksilver Scientific, JAV<\/strong><\/p>\n<p data-start=\"5233\" data-end=\"5394\"><strong data-start=\"5233\" data-end=\"5254\">Galiojimo laikas:<\/strong> \u017er. ant pakuot\u0117s<br data-start=\"5271\" data-end=\"5274\" \/><strong data-start=\"5274\" data-end=\"5294\">Laikymo s\u0105lygos:<\/strong> laikyti kambario temperat\u016broje; ne\u0161aldyti. Sunaudoti per 60 dien\u0173 po atidarymo<br data-start=\"5373\" data-end=\"5376\" \/><strong data-start=\"5376\" data-end=\"5386\">T\u016bris:<\/strong> 50 ml<\/p>\n","protected":false},"excerpt":{"rendered":"<p data-start=\"6027\" data-end=\"6068\">Maisto papildas su nanoemulsine formule<\/p>\n<h2 data-start=\"6070\" data-end=\"6121\"><strong data-start=\"6070\" data-end=\"6121\">Quicksilver &#8211; Nanoemulsified Hista-Aid\u00ae Savyb\u0117s<\/strong><\/h2>\n<p data-start=\"6123\" data-end=\"6307\">\u2714\ufe0f Sud\u0117tyje yra vitamino C, kvercetino, luteolino ir DIM<br data-start=\"6179\" data-end=\"6182\" \/>\u2714\ufe0f Nanoemulsin\u0117 aktyvi\u0173j\u0173 med\u017eiag\u0173 forma<br data-start=\"6222\" data-end=\"6225\" \/>\u2714\ufe0f Skysta forma patogiam vartojimui<br data-start=\"6260\" data-end=\"6263\" \/>\u2714\ufe0f Sud\u0117tyje yra flavonoid\u0173<br data-start=\"6289\" data-end=\"6292\" \/>\u2714\ufe0f Be glitimo<\/p>\n","protected":false},"featured_media":65598,"template":"","meta":[],"pwb-brand":[1252],"product_brand":[],"product_cat":[769],"product_tag":[],"giftcard-category":[],"class_list":{"0":"post-77336","1":"product","2":"type-product","3":"status-publish","4":"has-post-thumbnail","6":"pwb-brand-quicksilver","7":"product_cat-vitaminai","9":"first","10":"instock","11":"taxable","12":"shipping-taxable","13":"purchasable","14":"product-type-simple"},"acf":[],"brands":[{"id":1252,"name":"Quicksilver","slug":"quicksilver"}],"_links":{"self":[{"href":"https:\/\/skinstudio.ee\/lt\/wp-json\/wp\/v2\/product\/77336","targetHints":{"allow":["GET"]}}],"collection":[{"href":"https:\/\/skinstudio.ee\/lt\/wp-json\/wp\/v2\/product"}],"about":[{"href":"https:\/\/skinstudio.ee\/lt\/wp-json\/wp\/v2\/types\/product"}],"version-history":[{"count":2,"href":"https:\/\/skinstudio.ee\/lt\/wp-json\/wp\/v2\/product\/77336\/revisions"}],"predecessor-version":[{"id":89527,"href":"https:\/\/skinstudio.ee\/lt\/wp-json\/wp\/v2\/product\/77336\/revisions\/89527"}],"wp:featuredmedia":[{"embeddable":true,"href":"https:\/\/skinstudio.ee\/lt\/wp-json\/wp\/v2\/media\/65598"}],"wp:attachment":[{"href":"https:\/\/skinstudio.ee\/lt\/wp-json\/wp\/v2\/media?parent=77336"}],"wp:term":[{"taxonomy":"pwb-brand","embeddable":true,"href":"https:\/\/skinstudio.ee\/lt\/wp-json\/wp\/v2\/pwb-brand?post=77336"},{"taxonomy":"product_brand","embeddable":true,"href":"https:\/\/skinstudio.ee\/lt\/wp-json\/wp\/v2\/product_brand?post=77336"},{"taxonomy":"product_cat","embeddable":true,"href":"https:\/\/skinstudio.ee\/lt\/wp-json\/wp\/v2\/product_cat?post=77336"},{"taxonomy":"product_tag","embeddable":true,"href":"https:\/\/skinstudio.ee\/lt\/wp-json\/wp\/v2\/product_tag?post=77336"},{"taxonomy":"giftcard-category","embeddable":true,"href":"https:\/\/skinstudio.ee\/lt\/wp-json\/wp\/v2\/giftcard-category?post=77336"}],"curies":[{"name":"wp","href":"https:\/\/api.w.org\/{rel}","templated":true}]}}