{"id":77341,"date":"2025-07-08T13:14:16","date_gmt":"2025-07-08T13:14:16","guid":{"rendered":"https:\/\/skinstudio.ee\/?post_type=product&#038;p=77341"},"modified":"2026-04-06T13:04:44","modified_gmt":"2026-04-06T13:04:44","slug":"liposomal-gaba-with-l-theanine","status":"publish","type":"product","link":"https:\/\/skinstudio.ee\/lt\/catalog\/quicksilver\/liposomal-gaba-with-l-theanine\/","title":{"rendered":"Liposomal GABA with L-Theanine"},"content":{"rendered":"<p data-start=\"4626\" data-end=\"4761\"><strong data-start=\"4626\" data-end=\"4687\">Liposomal GABA with L-Theanine nuo Quicksilver Scientific<\/strong> yra maisto papildas su liposomine formule, kurioje yra GABA ir L-teanino.<\/p>\n<p data-start=\"4763\" data-end=\"4822\">Formul\u0117 apima gama-aminosviesto r\u016bg\u0161t\u012f (GABA) ir L-teanin\u0105.<\/p>\n<p data-start=\"4824\" data-end=\"4903\">Sud\u0117tis sujungia aminor\u016bg\u0161tis ir kitas veikli\u0105sias med\u017eiagas vienoje formul\u0117je.<\/p>\n<p data-start=\"4905\" data-end=\"4984\">Liposomin\u0117 technologija naudojama veikli\u0173j\u0173 med\u017eiag\u0173 apsaugai ir j\u0173 perne\u0161imui.<\/p>\n<p data-start=\"4986\" data-end=\"5015\">Produktas yra skystos formos.<\/p>\n<p data-start=\"5017\" data-end=\"5083\"><strong data-start=\"5017\" data-end=\"5060\">Gamintojas: Quicksilver Scientific, JAV<\/strong><br data-start=\"5060\" data-end=\"5063\" \/>Pagaminta Europoje<\/p>\n<p data-start=\"5085\" data-end=\"5277\"><strong data-start=\"5085\" data-end=\"5106\">Galiojimo laikas:<\/strong> \u017er. ant pakuot\u0117s<br data-start=\"5123\" data-end=\"5126\" \/><strong data-start=\"5126\" data-end=\"5146\">Laikymo s\u0105lygos:<\/strong> laikyti sandariai u\u017edaryt\u0105 kambario temperat\u016broje, sausoje ir v\u0117sioje vietoje.\u00a0<br data-start=\"5256\" data-end=\"5259\" \/><strong data-start=\"5259\" data-end=\"5269\">T\u016bris:<\/strong> 50 ml<\/p>\n","protected":false},"excerpt":{"rendered":"<p data-start=\"5886\" data-end=\"5943\">Maisto papildas su liposomine GABA ir L-teanino formule<\/p>\n<h2 data-start=\"5945\" data-end=\"6001\"><strong data-start=\"5945\" data-end=\"6001\">Quicksilver &#8211; Liposomal GABA with L-Theanine Savyb\u0117s<\/strong><\/h2>\n<p data-start=\"6003\" data-end=\"6164\">\u2714\ufe0f Sud\u0117tyje yra GABA ir L-teanino<br data-start=\"6036\" data-end=\"6039\" \/>\u2714\ufe0f Liposomin\u0117 aktyvi\u0173j\u0173 med\u017eiag\u0173 forma<br data-start=\"6077\" data-end=\"6080\" \/>\u2714\ufe0f Skysta forma patogiam vartojimui<br data-start=\"6115\" data-end=\"6118\" \/>\u2714\ufe0f Sud\u0117tyje yra aminor\u016bg\u0161\u010di\u0173<br data-start=\"6146\" data-end=\"6149\" \/>\u2714\ufe0f Be glitimo<\/p>\n","protected":false},"featured_media":65604,"template":"","meta":[],"pwb-brand":[1252],"product_brand":[],"product_cat":[769],"product_tag":[],"giftcard-category":[],"class_list":{"0":"post-77341","1":"product","2":"type-product","3":"status-publish","4":"has-post-thumbnail","6":"pwb-brand-quicksilver","7":"product_cat-vitaminai","9":"first","10":"instock","11":"taxable","12":"shipping-taxable","13":"purchasable","14":"product-type-simple"},"acf":[],"brands":[{"id":1252,"name":"Quicksilver","slug":"quicksilver"}],"_links":{"self":[{"href":"https:\/\/skinstudio.ee\/lt\/wp-json\/wp\/v2\/product\/77341","targetHints":{"allow":["GET"]}}],"collection":[{"href":"https:\/\/skinstudio.ee\/lt\/wp-json\/wp\/v2\/product"}],"about":[{"href":"https:\/\/skinstudio.ee\/lt\/wp-json\/wp\/v2\/types\/product"}],"version-history":[{"count":2,"href":"https:\/\/skinstudio.ee\/lt\/wp-json\/wp\/v2\/product\/77341\/revisions"}],"predecessor-version":[{"id":89532,"href":"https:\/\/skinstudio.ee\/lt\/wp-json\/wp\/v2\/product\/77341\/revisions\/89532"}],"wp:featuredmedia":[{"embeddable":true,"href":"https:\/\/skinstudio.ee\/lt\/wp-json\/wp\/v2\/media\/65604"}],"wp:attachment":[{"href":"https:\/\/skinstudio.ee\/lt\/wp-json\/wp\/v2\/media?parent=77341"}],"wp:term":[{"taxonomy":"pwb-brand","embeddable":true,"href":"https:\/\/skinstudio.ee\/lt\/wp-json\/wp\/v2\/pwb-brand?post=77341"},{"taxonomy":"product_brand","embeddable":true,"href":"https:\/\/skinstudio.ee\/lt\/wp-json\/wp\/v2\/product_brand?post=77341"},{"taxonomy":"product_cat","embeddable":true,"href":"https:\/\/skinstudio.ee\/lt\/wp-json\/wp\/v2\/product_cat?post=77341"},{"taxonomy":"product_tag","embeddable":true,"href":"https:\/\/skinstudio.ee\/lt\/wp-json\/wp\/v2\/product_tag?post=77341"},{"taxonomy":"giftcard-category","embeddable":true,"href":"https:\/\/skinstudio.ee\/lt\/wp-json\/wp\/v2\/giftcard-category?post=77341"}],"curies":[{"name":"wp","href":"https:\/\/api.w.org\/{rel}","templated":true}]}}