{"id":77345,"date":"2025-06-24T08:02:43","date_gmt":"2025-06-24T08:02:43","guid":{"rendered":"https:\/\/skinstudio.ee\/?post_type=product&#038;p=77345"},"modified":"2026-04-06T13:07:49","modified_gmt":"2026-04-06T13:07:49","slug":"liposomal-magtein","status":"publish","type":"product","link":"https:\/\/skinstudio.ee\/lt\/catalog\/quicksilver\/liposomal-magtein\/","title":{"rendered":"Liposomal Magtein\u2122"},"content":{"rendered":"<p data-start=\"3988\" data-end=\"4112\"><strong data-start=\"3988\" data-end=\"4037\">Liposomal Magtein\u2122 nuo Quicksilver Scientific<\/strong> yra maisto papildas su liposomine formule, kurioje yra magnio L-treonatas.<\/p>\n<p data-start=\"4114\" data-end=\"4151\">Formul\u0117 apima magn\u012f L-treonato forma.<\/p>\n<p data-start=\"4153\" data-end=\"4232\">Liposomin\u0117 technologija naudojama veikli\u0173j\u0173 med\u017eiag\u0173 apsaugai ir j\u0173 perne\u0161imui.<\/p>\n<p data-start=\"4234\" data-end=\"4263\">Produktas yra skystos formos.<\/p>\n<p data-start=\"4265\" data-end=\"4310\"><strong data-start=\"4265\" data-end=\"4308\">Gamintojas: Quicksilver Scientific, JAV<\/strong><\/p>\n<p data-start=\"4312\" data-end=\"4510\"><strong data-start=\"4312\" data-end=\"4333\">Galiojimo laikas:<\/strong> \u017er. ant pakuot\u0117s<br data-start=\"4350\" data-end=\"4353\" \/><strong data-start=\"4353\" data-end=\"4373\">Laikymo s\u0105lygos:<\/strong> laikyti sandariai u\u017edaryt\u0105 kambario temperat\u016broje, sausoje ir v\u0117sioje vietoje. Sunaudoti per 60 dien\u0173 po atidarymo<br data-start=\"4488\" data-end=\"4491\" \/><strong data-start=\"4491\" data-end=\"4501\">T\u016bris:<\/strong> 450 ml<\/p>\n","protected":false},"excerpt":{"rendered":"<p data-start=\"5052\" data-end=\"5098\">Maisto papildas su liposomine magnio formule<\/p>\n<h2 data-start=\"5100\" data-end=\"5144\"><strong data-start=\"5100\" data-end=\"5144\">Quicksilver &#8211; Liposomal Magtein\u2122 Savyb\u0117s<\/strong><\/h2>\n<p data-start=\"5146\" data-end=\"5315\">\u2714\ufe0f Sud\u0117tyje yra magnio L-treonato<br data-start=\"5179\" data-end=\"5182\" \/>\u2714\ufe0f Liposomin\u0117 aktyvi\u0173j\u0173 med\u017eiag\u0173 forma<br data-start=\"5220\" data-end=\"5223\" \/>\u2714\ufe0f Skysta forma patogiam vartojimui<br data-start=\"5258\" data-end=\"5261\" \/>\u2714\ufe0f Sud\u0117tyje yra magnio kaip mineralo<br data-start=\"5297\" data-end=\"5300\" \/>\u2714\ufe0f Be glitimo<\/p>\n","protected":false},"featured_media":65626,"template":"","meta":[],"pwb-brand":[1252],"product_brand":[],"product_cat":[769],"product_tag":[],"giftcard-category":[],"class_list":{"0":"post-77345","1":"product","2":"type-product","3":"status-publish","4":"has-post-thumbnail","6":"pwb-brand-quicksilver","7":"product_cat-vitaminai","9":"first","10":"instock","11":"taxable","12":"shipping-taxable","13":"purchasable","14":"product-type-simple"},"acf":[],"brands":[{"id":1252,"name":"Quicksilver","slug":"quicksilver"}],"_links":{"self":[{"href":"https:\/\/skinstudio.ee\/lt\/wp-json\/wp\/v2\/product\/77345","targetHints":{"allow":["GET"]}}],"collection":[{"href":"https:\/\/skinstudio.ee\/lt\/wp-json\/wp\/v2\/product"}],"about":[{"href":"https:\/\/skinstudio.ee\/lt\/wp-json\/wp\/v2\/types\/product"}],"version-history":[{"count":2,"href":"https:\/\/skinstudio.ee\/lt\/wp-json\/wp\/v2\/product\/77345\/revisions"}],"predecessor-version":[{"id":89538,"href":"https:\/\/skinstudio.ee\/lt\/wp-json\/wp\/v2\/product\/77345\/revisions\/89538"}],"wp:featuredmedia":[{"embeddable":true,"href":"https:\/\/skinstudio.ee\/lt\/wp-json\/wp\/v2\/media\/65626"}],"wp:attachment":[{"href":"https:\/\/skinstudio.ee\/lt\/wp-json\/wp\/v2\/media?parent=77345"}],"wp:term":[{"taxonomy":"pwb-brand","embeddable":true,"href":"https:\/\/skinstudio.ee\/lt\/wp-json\/wp\/v2\/pwb-brand?post=77345"},{"taxonomy":"product_brand","embeddable":true,"href":"https:\/\/skinstudio.ee\/lt\/wp-json\/wp\/v2\/product_brand?post=77345"},{"taxonomy":"product_cat","embeddable":true,"href":"https:\/\/skinstudio.ee\/lt\/wp-json\/wp\/v2\/product_cat?post=77345"},{"taxonomy":"product_tag","embeddable":true,"href":"https:\/\/skinstudio.ee\/lt\/wp-json\/wp\/v2\/product_tag?post=77345"},{"taxonomy":"giftcard-category","embeddable":true,"href":"https:\/\/skinstudio.ee\/lt\/wp-json\/wp\/v2\/giftcard-category?post=77345"}],"curies":[{"name":"wp","href":"https:\/\/api.w.org\/{rel}","templated":true}]}}