{"id":77349,"date":"2025-01-13T09:06:34","date_gmt":"2025-01-13T09:06:34","guid":{"rendered":"https:\/\/skinstudio.ee\/?post_type=product&#038;p=77349"},"modified":"2026-04-28T13:39:49","modified_gmt":"2026-04-28T13:39:49","slug":"nad-platinum","status":"publish","type":"product","link":"https:\/\/skinstudio.ee\/lt\/catalog\/quicksilver\/nad-platinum\/","title":{"rendered":"NAD+ Platinum\u00ae"},"content":{"rendered":"<p data-start=\"4614\" data-end=\"4754\"><strong data-start=\"4614\" data-end=\"4659\">NAD+ Platinum\u00ae nuo Quicksilver Scientific<\/strong> yra maisto papildas su kompleksine formule, kurioje yra NMN, vitamin\u0173 ir augalini\u0173 komponent\u0173.<\/p>\n<p data-start=\"4756\" data-end=\"4852\">Formul\u0117 apima nikotinamido mononukleotid\u0105 (NMN), kvercetin\u0105, resveratrol\u012f ir B grup\u0117s vitaminus.<\/p>\n<p data-start=\"4854\" data-end=\"4938\">Sud\u0117tis sujungia kofermentus, vitaminus ir augalinius komponentus vienoje formul\u0117je.<\/p>\n<p data-start=\"4940\" data-end=\"4969\">Produktas yra skystos formos.<\/p>\n<p data-start=\"4971\" data-end=\"5016\"><strong data-start=\"4971\" data-end=\"5014\">Gamintojas: Quicksilver Scientific, JAV<\/strong><\/p>\n<p data-start=\"5018\" data-end=\"5203\"><strong data-start=\"5018\" data-end=\"5039\">Galiojimo laikas:<\/strong> \u017er. ant pakuot\u0117s<br data-start=\"5056\" data-end=\"5059\" \/><strong data-start=\"5059\" data-end=\"5079\">Laikymo s\u0105lygos:<\/strong> po gavimo laikyti \u0161aldytuve; v\u0117liau laikyti sandariai u\u017edaryt\u0105 kambario temperat\u016broje sausoje vietoje<br data-start=\"5181\" data-end=\"5184\" \/><strong data-start=\"5184\" data-end=\"5194\">T\u016bris:<\/strong> 100 ml<\/p>\n","protected":false},"excerpt":{"rendered":"<p data-start=\"5875\" data-end=\"5915\">Maisto papildas su kompleksine formule<\/p>\n<h2 data-start=\"5917\" data-end=\"5957\"><strong data-start=\"5917\" data-end=\"5957\">Quicksilver &#8211; NAD+ Platinum\u00ae Savyb\u0117s<\/strong><\/h2>\n<p data-start=\"5959\" data-end=\"6156\">\u2714\ufe0f Sud\u0117tyje yra NMN, B grup\u0117s vitamin\u0173 ir augalini\u0173 komponent\u0173<br data-start=\"6021\" data-end=\"6024\" \/>\u2714\ufe0f Apima kvercetin\u0105 ir resveratrol\u012f<br data-start=\"6059\" data-end=\"6062\" \/>\u2714\ufe0f Skysta forma patogiam vartojimui<br data-start=\"6097\" data-end=\"6100\" \/>\u2714\ufe0f Sud\u0117tyje yra koferment\u0173 ir vitamin\u0173<br data-start=\"6138\" data-end=\"6141\" \/>\u2714\ufe0f Be glitimo<\/p>\n","protected":false},"featured_media":65637,"template":"","meta":[],"pwb-brand":[1252],"product_brand":[],"product_cat":[769],"product_tag":[],"giftcard-category":[],"class_list":{"0":"post-77349","1":"product","2":"type-product","3":"status-publish","4":"has-post-thumbnail","6":"pwb-brand-quicksilver","7":"product_cat-vitaminai","9":"first","10":"instock","11":"taxable","12":"shipping-taxable","13":"purchasable","14":"product-type-simple"},"acf":[],"brands":[{"id":1252,"name":"Quicksilver","slug":"quicksilver"}],"_links":{"self":[{"href":"https:\/\/skinstudio.ee\/lt\/wp-json\/wp\/v2\/product\/77349","targetHints":{"allow":["GET"]}}],"collection":[{"href":"https:\/\/skinstudio.ee\/lt\/wp-json\/wp\/v2\/product"}],"about":[{"href":"https:\/\/skinstudio.ee\/lt\/wp-json\/wp\/v2\/types\/product"}],"version-history":[{"count":2,"href":"https:\/\/skinstudio.ee\/lt\/wp-json\/wp\/v2\/product\/77349\/revisions"}],"predecessor-version":[{"id":89543,"href":"https:\/\/skinstudio.ee\/lt\/wp-json\/wp\/v2\/product\/77349\/revisions\/89543"}],"wp:featuredmedia":[{"embeddable":true,"href":"https:\/\/skinstudio.ee\/lt\/wp-json\/wp\/v2\/media\/65637"}],"wp:attachment":[{"href":"https:\/\/skinstudio.ee\/lt\/wp-json\/wp\/v2\/media?parent=77349"}],"wp:term":[{"taxonomy":"pwb-brand","embeddable":true,"href":"https:\/\/skinstudio.ee\/lt\/wp-json\/wp\/v2\/pwb-brand?post=77349"},{"taxonomy":"product_brand","embeddable":true,"href":"https:\/\/skinstudio.ee\/lt\/wp-json\/wp\/v2\/product_brand?post=77349"},{"taxonomy":"product_cat","embeddable":true,"href":"https:\/\/skinstudio.ee\/lt\/wp-json\/wp\/v2\/product_cat?post=77349"},{"taxonomy":"product_tag","embeddable":true,"href":"https:\/\/skinstudio.ee\/lt\/wp-json\/wp\/v2\/product_tag?post=77349"},{"taxonomy":"giftcard-category","embeddable":true,"href":"https:\/\/skinstudio.ee\/lt\/wp-json\/wp\/v2\/giftcard-category?post=77349"}],"curies":[{"name":"wp","href":"https:\/\/api.w.org\/{rel}","templated":true}]}}