{"id":77353,"date":"2025-01-13T08:58:38","date_gmt":"2025-01-13T08:58:38","guid":{"rendered":"https:\/\/skinstudio.ee\/?post_type=product&#038;p=77353"},"modified":"2026-04-06T13:12:10","modified_gmt":"2026-04-06T13:12:10","slug":"nad-gold","status":"publish","type":"product","link":"https:\/\/skinstudio.ee\/lt\/catalog\/quicksilver\/nad-gold\/","title":{"rendered":"NAD+ Gold\u00ae"},"content":{"rendered":"<p data-start=\"4314\" data-end=\"4437\"><strong data-start=\"4314\" data-end=\"4355\">NAD+ Gold\u00ae nuo Quicksilver Scientific<\/strong> &#8211; maisto papildas su liposomine nikotinamido adenino dinukleotido (NAD+) forma.<\/p>\n<p data-start=\"4439\" data-end=\"4502\">Formul\u0117 sukurta naudojant liposomin\u0119 pristatymo technologij\u0105.<\/p>\n<p data-start=\"4504\" data-end=\"4587\">Liposomin\u0117 sistema u\u017etikrina veikli\u0173j\u0173 komponent\u0173 pasiskirstym\u0105 skystoje formoje.<\/p>\n<p data-start=\"4589\" data-end=\"4659\">Produktas pateikiamas su dozatoriumi ir skirtas vartoti po lie\u017euviu.<\/p>\n<p data-start=\"4661\" data-end=\"4889\"><strong data-start=\"4661\" data-end=\"4676\">Gamintojas:<\/strong> Quicksilver Scientific, JAV<br data-start=\"4704\" data-end=\"4707\" \/><strong data-start=\"4707\" data-end=\"4729\">Pagaminta Europoje<\/strong><br data-start=\"4729\" data-end=\"4732\" \/>Tinka iki: \u017ei\u016br\u0117ti ant pakuot\u0117s<br data-start=\"4763\" data-end=\"4766\" \/>Laikymo s\u0105lygos: laikyti \u0161aldytuve po gavimo, sandariai u\u017edaryt\u0105. Sunaudoti per 60 dien\u0173 po atidarymo.<br data-start=\"4868\" data-end=\"4871\" \/><strong data-start=\"4871\" data-end=\"4881\">T\u016bris:<\/strong> 50 ml<\/p>\n","protected":false},"excerpt":{"rendered":"<p data-start=\"5479\" data-end=\"5508\">Liposominis maisto papildas<\/p>\n<h2 data-start=\"5510\" data-end=\"5546\"><strong data-start=\"5510\" data-end=\"5546\">Quicksilver &#8211; NAD+ Gold\u00ae Savyb\u0117s<\/strong><\/h2>\n<p data-start=\"5548\" data-end=\"5730\">\u2714\ufe0f Liposomin\u0117 pristatymo forma<br data-start=\"5578\" data-end=\"5581\" \/>\u2714\ufe0f Sud\u0117tyje yra nikotinamido adenino dinukleotidas (NAD+)<br data-start=\"5638\" data-end=\"5641\" \/>\u2714\ufe0f Skysta forma su dozatoriumi<br data-start=\"5671\" data-end=\"5674\" \/>\u2714\ufe0f Tinka vartoti po lie\u017euviu<br data-start=\"5702\" data-end=\"5705\" \/>\u2714\ufe0f Be glitimo ir be GMO<\/p>\n","protected":false},"featured_media":25821,"template":"","meta":[],"pwb-brand":[1252],"product_brand":[],"product_cat":[769],"product_tag":[],"giftcard-category":[],"class_list":{"0":"post-77353","1":"product","2":"type-product","3":"status-publish","4":"has-post-thumbnail","6":"pwb-brand-quicksilver","7":"product_cat-vitaminai","9":"first","10":"instock","11":"taxable","12":"shipping-taxable","13":"purchasable","14":"product-type-simple"},"acf":[],"brands":[{"id":1252,"name":"Quicksilver","slug":"quicksilver"}],"_links":{"self":[{"href":"https:\/\/skinstudio.ee\/lt\/wp-json\/wp\/v2\/product\/77353","targetHints":{"allow":["GET"]}}],"collection":[{"href":"https:\/\/skinstudio.ee\/lt\/wp-json\/wp\/v2\/product"}],"about":[{"href":"https:\/\/skinstudio.ee\/lt\/wp-json\/wp\/v2\/types\/product"}],"version-history":[{"count":2,"href":"https:\/\/skinstudio.ee\/lt\/wp-json\/wp\/v2\/product\/77353\/revisions"}],"predecessor-version":[{"id":89550,"href":"https:\/\/skinstudio.ee\/lt\/wp-json\/wp\/v2\/product\/77353\/revisions\/89550"}],"wp:featuredmedia":[{"embeddable":true,"href":"https:\/\/skinstudio.ee\/lt\/wp-json\/wp\/v2\/media\/25821"}],"wp:attachment":[{"href":"https:\/\/skinstudio.ee\/lt\/wp-json\/wp\/v2\/media?parent=77353"}],"wp:term":[{"taxonomy":"pwb-brand","embeddable":true,"href":"https:\/\/skinstudio.ee\/lt\/wp-json\/wp\/v2\/pwb-brand?post=77353"},{"taxonomy":"product_brand","embeddable":true,"href":"https:\/\/skinstudio.ee\/lt\/wp-json\/wp\/v2\/product_brand?post=77353"},{"taxonomy":"product_cat","embeddable":true,"href":"https:\/\/skinstudio.ee\/lt\/wp-json\/wp\/v2\/product_cat?post=77353"},{"taxonomy":"product_tag","embeddable":true,"href":"https:\/\/skinstudio.ee\/lt\/wp-json\/wp\/v2\/product_tag?post=77353"},{"taxonomy":"giftcard-category","embeddable":true,"href":"https:\/\/skinstudio.ee\/lt\/wp-json\/wp\/v2\/giftcard-category?post=77353"}],"curies":[{"name":"wp","href":"https:\/\/api.w.org\/{rel}","templated":true}]}}