{"id":77358,"date":"2025-01-11T12:39:22","date_gmt":"2025-01-11T12:39:22","guid":{"rendered":"https:\/\/skinstudio.ee\/?post_type=product&#038;p=77358"},"modified":"2026-04-06T13:14:50","modified_gmt":"2026-04-06T13:14:50","slug":"thrivagen","status":"publish","type":"product","link":"https:\/\/skinstudio.ee\/lt\/catalog\/quicksilver\/thrivagen\/","title":{"rendered":"Thrivagen"},"content":{"rendered":"<p data-start=\"4519\" data-end=\"4652\"><strong data-start=\"4519\" data-end=\"4559\">Thrivagen nuo Quicksilver Scientific<\/strong> &#8211; maisto papildas su augalin\u0117s kilm\u0117s formule, kurioje yra augalini\u0173 ekstrakt\u0173 kompleksas.<\/p>\n<p data-start=\"4654\" data-end=\"4755\">Formul\u0117 sujungia augalin\u0117s kilm\u0117s sudedam\u0105sias dalis, tradici\u0161kai naudojamas \u012fvairiuose regionuose.<\/p>\n<p data-start=\"4757\" data-end=\"4854\">Derinys pateikiamas skystoje formoje ir sukurtas atsi\u017evelgiant \u012f augalini\u0173 komponent\u0173 derinim\u0105.<\/p>\n<p data-start=\"4856\" data-end=\"4924\">Produktas tiekiamas su dozatoriumi ir skirtas vartoti po lie\u017euviu.<\/p>\n<p data-start=\"4926\" data-end=\"5157\"><strong data-start=\"4926\" data-end=\"4941\">Gamintojas:<\/strong> Quicksilver Scientific, JAV<br data-start=\"4969\" data-end=\"4972\" \/><strong data-start=\"4972\" data-end=\"4994\">Pagaminta Europoje<\/strong><br data-start=\"4994\" data-end=\"4997\" \/>Tinka iki: \u017ei\u016br\u0117ti ant pakuot\u0117s<br data-start=\"5028\" data-end=\"5031\" \/>Laikymo s\u0105lygos: laikyti kambario temperat\u016broje, sandariai u\u017edaryt\u0105. Sunaudoti per 60 dien\u0173 po atidarymo.<br data-start=\"5136\" data-end=\"5139\" \/><strong data-start=\"5139\" data-end=\"5149\">T\u016bris:<\/strong> 50 ml<\/p>\n","protected":false},"excerpt":{"rendered":"<p data-start=\"5812\" data-end=\"5839\">Augalinis maisto papildas<\/p>\n<h2 data-start=\"5841\" data-end=\"5876\"><strong data-start=\"5841\" data-end=\"5876\">Quicksilver &#8211; Thrivagen Savyb\u0117s<\/strong><\/h2>\n<p data-start=\"5878\" data-end=\"6046\">\u2714\ufe0f Sud\u0117tyje yra augalini\u0173 ekstrakt\u0173 kompleksas<br data-start=\"5924\" data-end=\"5927\" \/>\u2714\ufe0f Skysta forma su dozatoriumi<br data-start=\"5957\" data-end=\"5960\" \/>\u2714\ufe0f Tinka vartoti po lie\u017euviu<br data-start=\"5988\" data-end=\"5991\" \/>\u2714\ufe0f Augalin\u0117s kilm\u0117s formul\u0117<br data-start=\"6018\" data-end=\"6021\" \/>\u2714\ufe0f Be glitimo ir be GMO<\/p>\n","protected":false},"featured_media":65652,"template":"","meta":[],"pwb-brand":[1252],"product_brand":[],"product_cat":[769],"product_tag":[],"giftcard-category":[],"class_list":{"0":"post-77358","1":"product","2":"type-product","3":"status-publish","4":"has-post-thumbnail","6":"pwb-brand-quicksilver","7":"product_cat-vitaminai","9":"first","10":"instock","11":"taxable","12":"shipping-taxable","13":"purchasable","14":"product-type-simple"},"acf":[],"brands":[{"id":1252,"name":"Quicksilver","slug":"quicksilver"}],"_links":{"self":[{"href":"https:\/\/skinstudio.ee\/lt\/wp-json\/wp\/v2\/product\/77358","targetHints":{"allow":["GET"]}}],"collection":[{"href":"https:\/\/skinstudio.ee\/lt\/wp-json\/wp\/v2\/product"}],"about":[{"href":"https:\/\/skinstudio.ee\/lt\/wp-json\/wp\/v2\/types\/product"}],"version-history":[{"count":2,"href":"https:\/\/skinstudio.ee\/lt\/wp-json\/wp\/v2\/product\/77358\/revisions"}],"predecessor-version":[{"id":89555,"href":"https:\/\/skinstudio.ee\/lt\/wp-json\/wp\/v2\/product\/77358\/revisions\/89555"}],"wp:featuredmedia":[{"embeddable":true,"href":"https:\/\/skinstudio.ee\/lt\/wp-json\/wp\/v2\/media\/65652"}],"wp:attachment":[{"href":"https:\/\/skinstudio.ee\/lt\/wp-json\/wp\/v2\/media?parent=77358"}],"wp:term":[{"taxonomy":"pwb-brand","embeddable":true,"href":"https:\/\/skinstudio.ee\/lt\/wp-json\/wp\/v2\/pwb-brand?post=77358"},{"taxonomy":"product_brand","embeddable":true,"href":"https:\/\/skinstudio.ee\/lt\/wp-json\/wp\/v2\/product_brand?post=77358"},{"taxonomy":"product_cat","embeddable":true,"href":"https:\/\/skinstudio.ee\/lt\/wp-json\/wp\/v2\/product_cat?post=77358"},{"taxonomy":"product_tag","embeddable":true,"href":"https:\/\/skinstudio.ee\/lt\/wp-json\/wp\/v2\/product_tag?post=77358"},{"taxonomy":"giftcard-category","embeddable":true,"href":"https:\/\/skinstudio.ee\/lt\/wp-json\/wp\/v2\/giftcard-category?post=77358"}],"curies":[{"name":"wp","href":"https:\/\/api.w.org\/{rel}","templated":true}]}}