{"id":77366,"date":"2024-05-31T13:38:20","date_gmt":"2024-05-31T13:38:20","guid":{"rendered":"https:\/\/skinstudio.ee\/?post_type=product&#038;p=77366"},"modified":"2026-04-06T13:16:49","modified_gmt":"2026-04-06T13:16:49","slug":"ampk-charge","status":"publish","type":"product","link":"https:\/\/skinstudio.ee\/lt\/catalog\/quicksilver\/ampk-charge\/","title":{"rendered":"AMPK Charge+"},"content":{"rendered":"<p data-start=\"4751\" data-end=\"4886\"><strong data-start=\"4751\" data-end=\"4784\">AMPK Charge+\u2122 nuo Quicksilver<\/strong> &#8211; maisto papildas su kompleksine formule, kurioje yra fitonutrient\u0173 ir augalin\u0117s kilm\u0117s komponent\u0173.<\/p>\n<p data-start=\"4888\" data-end=\"4989\">Formul\u0117 sud\u0117tyje turi diindolilmetano, kvercetino, resveratrolio, berberino ir margaini\u0173 ekstrakto.<\/p>\n<p data-start=\"4991\" data-end=\"5087\">Derinys pateikiamas skystoje formoje ir sukurtas naudojant liposomin\u0119 pristatymo technologij\u0105.<\/p>\n<p data-start=\"5089\" data-end=\"5171\">Produktas tiekiamas su dozatoriumi ir skirtas vartoti po lie\u017euviu (po lie\u017euviu).<\/p>\n<p data-start=\"5173\" data-end=\"5421\"><strong data-start=\"5173\" data-end=\"5188\">Gamintojas:<\/strong> Quicksilver Scientific, JAV<br data-start=\"5216\" data-end=\"5219\" \/><strong data-start=\"5219\" data-end=\"5241\">Pagaminta Europoje<\/strong><br data-start=\"5241\" data-end=\"5244\" \/>Tinka iki: \u017ei\u016br\u0117ti ant pakuot\u0117s<br data-start=\"5275\" data-end=\"5278\" \/>Laikymo s\u0105lygos: laikyti sandariai u\u017edaryt\u0105 kambario temperat\u016broje, sausoje vietoje. Sunaudoti per 60 dien\u0173 po atidarymo.<br data-start=\"5399\" data-end=\"5402\" \/><strong data-start=\"5402\" data-end=\"5412\">T\u016bris:<\/strong> 100 ml<\/p>\n","protected":false},"excerpt":{"rendered":"<p data-start=\"6056\" data-end=\"6086\">Kompleksinis maisto papildas<\/p>\n<h2 data-start=\"6088\" data-end=\"6127\"><strong data-start=\"6088\" data-end=\"6127\">Quicksilver &#8211; AMPK Charge+\u2122 Savyb\u0117s<\/strong><\/h2>\n<p data-start=\"6129\" data-end=\"6326\">\u2714\ufe0f Sud\u0117tyje yra fitonutrient\u0173 kompleksas<br data-start=\"6169\" data-end=\"6172\" \/>\u2714\ufe0f Sud\u0117tyje yra diindolilmetanas, kvercetinas ir resveratrolis<br data-start=\"6234\" data-end=\"6237\" \/>\u2714\ufe0f Skysta forma su dozatoriumi<br data-start=\"6267\" data-end=\"6270\" \/>\u2714\ufe0f Tinka vartoti po lie\u017euviu<br data-start=\"6298\" data-end=\"6301\" \/>\u2714\ufe0f Be glitimo ir be GMO<\/p>\n","protected":false},"featured_media":77367,"template":"","meta":[],"pwb-brand":[1252],"product_brand":[],"product_cat":[769],"product_tag":[],"giftcard-category":[],"class_list":{"0":"post-77366","1":"product","2":"type-product","3":"status-publish","4":"has-post-thumbnail","6":"pwb-brand-quicksilver","7":"product_cat-vitaminai","9":"first","10":"instock","11":"taxable","12":"shipping-taxable","13":"purchasable","14":"product-type-simple"},"acf":[],"brands":[{"id":1252,"name":"Quicksilver","slug":"quicksilver"}],"_links":{"self":[{"href":"https:\/\/skinstudio.ee\/lt\/wp-json\/wp\/v2\/product\/77366","targetHints":{"allow":["GET"]}}],"collection":[{"href":"https:\/\/skinstudio.ee\/lt\/wp-json\/wp\/v2\/product"}],"about":[{"href":"https:\/\/skinstudio.ee\/lt\/wp-json\/wp\/v2\/types\/product"}],"version-history":[{"count":3,"href":"https:\/\/skinstudio.ee\/lt\/wp-json\/wp\/v2\/product\/77366\/revisions"}],"predecessor-version":[{"id":89560,"href":"https:\/\/skinstudio.ee\/lt\/wp-json\/wp\/v2\/product\/77366\/revisions\/89560"}],"wp:featuredmedia":[{"embeddable":true,"href":"https:\/\/skinstudio.ee\/lt\/wp-json\/wp\/v2\/media\/77367"}],"wp:attachment":[{"href":"https:\/\/skinstudio.ee\/lt\/wp-json\/wp\/v2\/media?parent=77366"}],"wp:term":[{"taxonomy":"pwb-brand","embeddable":true,"href":"https:\/\/skinstudio.ee\/lt\/wp-json\/wp\/v2\/pwb-brand?post=77366"},{"taxonomy":"product_brand","embeddable":true,"href":"https:\/\/skinstudio.ee\/lt\/wp-json\/wp\/v2\/product_brand?post=77366"},{"taxonomy":"product_cat","embeddable":true,"href":"https:\/\/skinstudio.ee\/lt\/wp-json\/wp\/v2\/product_cat?post=77366"},{"taxonomy":"product_tag","embeddable":true,"href":"https:\/\/skinstudio.ee\/lt\/wp-json\/wp\/v2\/product_tag?post=77366"},{"taxonomy":"giftcard-category","embeddable":true,"href":"https:\/\/skinstudio.ee\/lt\/wp-json\/wp\/v2\/giftcard-category?post=77366"}],"curies":[{"name":"wp","href":"https:\/\/api.w.org\/{rel}","templated":true}]}}