{"id":77374,"date":"2023-08-12T11:49:14","date_gmt":"2023-08-12T11:49:14","guid":{"rendered":"https:\/\/skinstudio.ee\/?post_type=product&#038;p=77374"},"modified":"2026-04-06T13:19:12","modified_gmt":"2026-04-06T13:19:12","slug":"nanoemulsified-d3k2","status":"publish","type":"product","link":"https:\/\/skinstudio.ee\/lt\/catalog\/quicksilver\/nanoemulsified-d3k2\/","title":{"rendered":"Nanoemulsified D3K2"},"content":{"rendered":"<p data-start=\"4326\" data-end=\"4442\"><strong data-start=\"4326\" data-end=\"4365\">Nanoemulsified D3K2 nuo Quicksilver<\/strong> &#8211; maisto papildas su nanoemulsine formule, kurioje yra vitaminai D3 ir K2.<\/p>\n<p data-start=\"4444\" data-end=\"4502\">Formul\u0117 sud\u0117tyje turi vitamin\u0105 D3 ir vitamin\u0105 K2 (MK-7).<\/p>\n<p data-start=\"4504\" data-end=\"4602\">Derinys pateikiamas skystoje formoje ir sukurtas naudojant nanoemulsin\u0119 pristatymo technologij\u0105.<\/p>\n<p data-start=\"4604\" data-end=\"4672\">Produktas tiekiamas su dozatoriumi ir skirtas vartoti po lie\u017euviu.<\/p>\n<p data-start=\"4674\" data-end=\"4864\"><strong data-start=\"4674\" data-end=\"4689\">Gamintojas:<\/strong> Quicksilver Scientific, JAV<br data-start=\"4717\" data-end=\"4720\" \/><strong data-start=\"4720\" data-end=\"4742\">Pagaminta Europoje<\/strong><br data-start=\"4742\" data-end=\"4745\" \/>Tinka iki: sunaudoti per 6 m\u0117nesius po atidarymo<br data-start=\"4793\" data-end=\"4796\" \/>Laikymo s\u0105lygos: laikyti \u0161aldytuve po atidarymo<br data-start=\"4843\" data-end=\"4846\" \/><strong data-start=\"4846\" data-end=\"4856\">T\u016bris:<\/strong> 50 ml<\/p>\n","protected":false},"excerpt":{"rendered":"<p data-start=\"5498\" data-end=\"5529\">Nanoemulsinis maisto papildas<\/p>\n<h2 data-start=\"5531\" data-end=\"5576\"><strong data-start=\"5531\" data-end=\"5576\">Quicksilver &#8211; Nanoemulsified D3K2 Savyb\u0117s<\/strong><\/h2>\n<p data-start=\"5578\" data-end=\"5746\">\u2714\ufe0f Sud\u0117tyje yra vitaminai D3 ir K2 (MK-7)<br data-start=\"5619\" data-end=\"5622\" \/>\u2714\ufe0f Nanoemulsin\u0117 pristatymo forma<br data-start=\"5654\" data-end=\"5657\" \/>\u2714\ufe0f Skysta forma su dozatoriumi<br data-start=\"5687\" data-end=\"5690\" \/>\u2714\ufe0f Tinka vartoti po lie\u017euviu<br data-start=\"5718\" data-end=\"5721\" \/>\u2714\ufe0f Be glitimo ir be GMO<\/p>\n","protected":false},"featured_media":77375,"template":"","meta":[],"pwb-brand":[1252],"product_brand":[],"product_cat":[769],"product_tag":[],"giftcard-category":[],"class_list":{"0":"post-77374","1":"product","2":"type-product","3":"status-publish","4":"has-post-thumbnail","6":"pwb-brand-quicksilver","7":"product_cat-vitaminai","9":"first","10":"instock","11":"taxable","12":"shipping-taxable","13":"purchasable","14":"product-type-simple"},"acf":[],"brands":[{"id":1252,"name":"Quicksilver","slug":"quicksilver"}],"_links":{"self":[{"href":"https:\/\/skinstudio.ee\/lt\/wp-json\/wp\/v2\/product\/77374","targetHints":{"allow":["GET"]}}],"collection":[{"href":"https:\/\/skinstudio.ee\/lt\/wp-json\/wp\/v2\/product"}],"about":[{"href":"https:\/\/skinstudio.ee\/lt\/wp-json\/wp\/v2\/types\/product"}],"version-history":[{"count":2,"href":"https:\/\/skinstudio.ee\/lt\/wp-json\/wp\/v2\/product\/77374\/revisions"}],"predecessor-version":[{"id":89565,"href":"https:\/\/skinstudio.ee\/lt\/wp-json\/wp\/v2\/product\/77374\/revisions\/89565"}],"wp:featuredmedia":[{"embeddable":true,"href":"https:\/\/skinstudio.ee\/lt\/wp-json\/wp\/v2\/media\/77375"}],"wp:attachment":[{"href":"https:\/\/skinstudio.ee\/lt\/wp-json\/wp\/v2\/media?parent=77374"}],"wp:term":[{"taxonomy":"pwb-brand","embeddable":true,"href":"https:\/\/skinstudio.ee\/lt\/wp-json\/wp\/v2\/pwb-brand?post=77374"},{"taxonomy":"product_brand","embeddable":true,"href":"https:\/\/skinstudio.ee\/lt\/wp-json\/wp\/v2\/product_brand?post=77374"},{"taxonomy":"product_cat","embeddable":true,"href":"https:\/\/skinstudio.ee\/lt\/wp-json\/wp\/v2\/product_cat?post=77374"},{"taxonomy":"product_tag","embeddable":true,"href":"https:\/\/skinstudio.ee\/lt\/wp-json\/wp\/v2\/product_tag?post=77374"},{"taxonomy":"giftcard-category","embeddable":true,"href":"https:\/\/skinstudio.ee\/lt\/wp-json\/wp\/v2\/giftcard-category?post=77374"}],"curies":[{"name":"wp","href":"https:\/\/api.w.org\/{rel}","templated":true}]}}