{"id":77380,"date":"2023-08-11T10:17:28","date_gmt":"2023-08-11T10:17:28","guid":{"rendered":"https:\/\/skinstudio.ee\/?post_type=product&#038;p=77380"},"modified":"2026-04-06T13:21:47","modified_gmt":"2026-04-06T13:21:47","slug":"liposomal-vitamin-c-with-r-lipoic-acid","status":"publish","type":"product","link":"https:\/\/skinstudio.ee\/lt\/catalog\/quicksilver\/liposomal-vitamin-c-with-r-lipoic-acid\/","title":{"rendered":"Liposomal Vitamin C with R-Lipoic Acid"},"content":{"rendered":"<p data-start=\"4255\" data-end=\"4402\"><strong data-start=\"4255\" data-end=\"4313\">Liposomal Vitamin C with R-Lipoic Acid nuo Quicksilver<\/strong> &#8211; maisto papildas su liposomine formule, kurioje yra vitaminas C ir R-lipoin\u0117 r\u016bg\u0161tis.<\/p>\n<p data-start=\"4461\" data-end=\"4557\">Derinys pateikiamas skystoje formoje ir sukurtas naudojant liposomin\u0119 pristatymo technologij\u0105.<\/p>\n<p data-start=\"4559\" data-end=\"4627\">Produktas tiekiamas su dozatoriumi ir skirtas vartoti po lie\u017euviu.<\/p>\n<p data-start=\"4629\" data-end=\"4842\"><strong data-start=\"4629\" data-end=\"4644\">Gamintojas:<\/strong> Quicksilver Scientific, JAV<br data-start=\"4672\" data-end=\"4675\" \/><strong data-start=\"4675\" data-end=\"4697\">Pagaminta Europoje<\/strong><br data-start=\"4697\" data-end=\"4700\" \/>Tinka iki: sunaudoti per 30 dien\u0173 po atidarymo<br data-start=\"4746\" data-end=\"4749\" \/>Laikymo s\u0105lygos: laikyti v\u0117sioje vietoje, po atidarymo laikyti \u0161aldytuve<br data-start=\"4821\" data-end=\"4824\" \/><strong data-start=\"4824\" data-end=\"4834\">T\u016bris:<\/strong> 50 ml<\/p>\n","protected":false},"excerpt":{"rendered":"<p data-start=\"5397\" data-end=\"5426\">Liposominis maisto papildas<\/p>\n<h2 data-start=\"5428\" data-end=\"5492\"><strong data-start=\"5428\" data-end=\"5492\">Quicksilver &#8211; Liposomal Vitamin C with R-Lipoic Acid Savyb\u0117s<\/strong><\/h2>\n<p data-start=\"5494\" data-end=\"5667\">\u2714\ufe0f Sud\u0117tyje yra vitaminas C ir R-lipoin\u0117 r\u016bg\u0161tis<br data-start=\"5542\" data-end=\"5545\" \/>\u2714\ufe0f Liposomin\u0117 pristatymo forma<br data-start=\"5575\" data-end=\"5578\" \/>\u2714\ufe0f Skysta forma su dozatoriumi<br data-start=\"5608\" data-end=\"5611\" \/>\u2714\ufe0f Tinka vartoti po lie\u017euviu<br data-start=\"5639\" data-end=\"5642\" \/>\u2714\ufe0f Be glitimo ir be GMO<\/p>\n","protected":false},"featured_media":77381,"template":"","meta":[],"pwb-brand":[1252],"product_brand":[],"product_cat":[769,730],"product_tag":[],"giftcard-category":[],"class_list":{"0":"post-77380","1":"product","2":"type-product","3":"status-publish","4":"has-post-thumbnail","6":"pwb-brand-quicksilver","7":"product_cat-vitaminai","8":"product_cat-vitaminas-c","10":"first","11":"instock","12":"taxable","13":"shipping-taxable","14":"purchasable","15":"product-type-simple"},"acf":[],"brands":[{"id":1252,"name":"Quicksilver","slug":"quicksilver"}],"_links":{"self":[{"href":"https:\/\/skinstudio.ee\/lt\/wp-json\/wp\/v2\/product\/77380","targetHints":{"allow":["GET"]}}],"collection":[{"href":"https:\/\/skinstudio.ee\/lt\/wp-json\/wp\/v2\/product"}],"about":[{"href":"https:\/\/skinstudio.ee\/lt\/wp-json\/wp\/v2\/types\/product"}],"version-history":[{"count":2,"href":"https:\/\/skinstudio.ee\/lt\/wp-json\/wp\/v2\/product\/77380\/revisions"}],"predecessor-version":[{"id":89571,"href":"https:\/\/skinstudio.ee\/lt\/wp-json\/wp\/v2\/product\/77380\/revisions\/89571"}],"wp:featuredmedia":[{"embeddable":true,"href":"https:\/\/skinstudio.ee\/lt\/wp-json\/wp\/v2\/media\/77381"}],"wp:attachment":[{"href":"https:\/\/skinstudio.ee\/lt\/wp-json\/wp\/v2\/media?parent=77380"}],"wp:term":[{"taxonomy":"pwb-brand","embeddable":true,"href":"https:\/\/skinstudio.ee\/lt\/wp-json\/wp\/v2\/pwb-brand?post=77380"},{"taxonomy":"product_brand","embeddable":true,"href":"https:\/\/skinstudio.ee\/lt\/wp-json\/wp\/v2\/product_brand?post=77380"},{"taxonomy":"product_cat","embeddable":true,"href":"https:\/\/skinstudio.ee\/lt\/wp-json\/wp\/v2\/product_cat?post=77380"},{"taxonomy":"product_tag","embeddable":true,"href":"https:\/\/skinstudio.ee\/lt\/wp-json\/wp\/v2\/product_tag?post=77380"},{"taxonomy":"giftcard-category","embeddable":true,"href":"https:\/\/skinstudio.ee\/lt\/wp-json\/wp\/v2\/giftcard-category?post=77380"}],"curies":[{"name":"wp","href":"https:\/\/api.w.org\/{rel}","templated":true}]}}