{"id":77387,"date":"2023-05-24T17:57:18","date_gmt":"2023-05-24T17:57:18","guid":{"rendered":"https:\/\/skinstudio.ee\/?post_type=product&#038;p=77387"},"modified":"2026-04-06T13:25:03","modified_gmt":"2026-04-06T13:25:03","slug":"liposomal-methyl-b-12","status":"publish","type":"product","link":"https:\/\/skinstudio.ee\/lt\/catalog\/quicksilver\/liposomal-methyl-b-12\/","title":{"rendered":"Liposomal Methyl B-12"},"content":{"rendered":"<p data-start=\"4100\" data-end=\"4209\"><strong data-start=\"4100\" data-end=\"4141\">Liposomal Methyl B-12 nuo Quicksilver<\/strong> &#8211; maisto papildas su liposomine forma, kurioje yra vitaminas B12.<\/p>\n<p data-start=\"4211\" data-end=\"4270\">Formul\u0117 sud\u0117tyje turi vitamin\u0105 B12 metilkobalamino forma.<\/p>\n<p data-start=\"4272\" data-end=\"4368\">Derinys pateikiamas skystoje formoje ir sukurtas naudojant liposomin\u0119 pristatymo technologij\u0105.<\/p>\n<p data-start=\"4370\" data-end=\"4438\">Produktas tiekiamas su dozatoriumi ir skirtas vartoti po lie\u017euviu.<\/p>\n<p data-start=\"4440\" data-end=\"4654\"><strong data-start=\"4440\" data-end=\"4455\">Gamintojas:<\/strong> Quicksilver Scientific, JAV<br data-start=\"4483\" data-end=\"4486\" \/><strong data-start=\"4486\" data-end=\"4508\">Pagaminta Europoje<\/strong><br data-start=\"4508\" data-end=\"4511\" \/>Tinka iki: \u017ei\u016br\u0117ti ant pakuot\u0117s<br data-start=\"4542\" data-end=\"4545\" \/>Laikymo s\u0105lygos: laikyti kambario temperat\u016broje, po atidarymo v\u0117sioje ir sausoje vietoje<br data-start=\"4633\" data-end=\"4636\" \/><strong data-start=\"4636\" data-end=\"4646\">T\u016bris:<\/strong> 30 ml<\/p>\n","protected":false},"excerpt":{"rendered":"<p data-start=\"5207\" data-end=\"5236\">Liposominis maisto papildas<\/p>\n<h2 data-start=\"5238\" data-end=\"5285\"><strong data-start=\"5238\" data-end=\"5285\">Quicksilver &#8211; Liposomal Methyl B-12 Savyb\u0117s<\/strong><\/h2>\n<p data-start=\"5287\" data-end=\"5460\">\u2714\ufe0f Sud\u0117tyje yra vitaminas B12 (metilkobalaminas)<br data-start=\"5335\" data-end=\"5338\" \/>\u2714\ufe0f Liposomin\u0117 pristatymo forma<br data-start=\"5368\" data-end=\"5371\" \/>\u2714\ufe0f Skysta forma su dozatoriumi<br data-start=\"5401\" data-end=\"5404\" \/>\u2714\ufe0f Tinka vartoti po lie\u017euviu<br data-start=\"5432\" data-end=\"5435\" \/>\u2714\ufe0f Be glitimo ir be GMO<\/p>\n","protected":false},"featured_media":77388,"template":"","meta":[],"pwb-brand":[1252],"product_brand":[],"product_cat":[769],"product_tag":[],"giftcard-category":[],"class_list":{"0":"post-77387","1":"product","2":"type-product","3":"status-publish","4":"has-post-thumbnail","6":"pwb-brand-quicksilver","7":"product_cat-vitaminai","9":"first","10":"instock","11":"taxable","12":"shipping-taxable","13":"purchasable","14":"product-type-simple"},"acf":[],"brands":[{"id":1252,"name":"Quicksilver","slug":"quicksilver"}],"_links":{"self":[{"href":"https:\/\/skinstudio.ee\/lt\/wp-json\/wp\/v2\/product\/77387","targetHints":{"allow":["GET"]}}],"collection":[{"href":"https:\/\/skinstudio.ee\/lt\/wp-json\/wp\/v2\/product"}],"about":[{"href":"https:\/\/skinstudio.ee\/lt\/wp-json\/wp\/v2\/types\/product"}],"version-history":[{"count":2,"href":"https:\/\/skinstudio.ee\/lt\/wp-json\/wp\/v2\/product\/77387\/revisions"}],"predecessor-version":[{"id":89576,"href":"https:\/\/skinstudio.ee\/lt\/wp-json\/wp\/v2\/product\/77387\/revisions\/89576"}],"wp:featuredmedia":[{"embeddable":true,"href":"https:\/\/skinstudio.ee\/lt\/wp-json\/wp\/v2\/media\/77388"}],"wp:attachment":[{"href":"https:\/\/skinstudio.ee\/lt\/wp-json\/wp\/v2\/media?parent=77387"}],"wp:term":[{"taxonomy":"pwb-brand","embeddable":true,"href":"https:\/\/skinstudio.ee\/lt\/wp-json\/wp\/v2\/pwb-brand?post=77387"},{"taxonomy":"product_brand","embeddable":true,"href":"https:\/\/skinstudio.ee\/lt\/wp-json\/wp\/v2\/product_brand?post=77387"},{"taxonomy":"product_cat","embeddable":true,"href":"https:\/\/skinstudio.ee\/lt\/wp-json\/wp\/v2\/product_cat?post=77387"},{"taxonomy":"product_tag","embeddable":true,"href":"https:\/\/skinstudio.ee\/lt\/wp-json\/wp\/v2\/product_tag?post=77387"},{"taxonomy":"giftcard-category","embeddable":true,"href":"https:\/\/skinstudio.ee\/lt\/wp-json\/wp\/v2\/giftcard-category?post=77387"}],"curies":[{"name":"wp","href":"https:\/\/api.w.org\/{rel}","templated":true}]}}