{"id":77395,"date":"2023-05-24T17:57:18","date_gmt":"2023-05-24T17:57:18","guid":{"rendered":"https:\/\/skinstudio.ee\/?post_type=product&#038;p=77395"},"modified":"2026-04-06T13:26:59","modified_gmt":"2026-04-06T13:26:59","slug":"nanoemulsified-coq10","status":"publish","type":"product","link":"https:\/\/skinstudio.ee\/lt\/catalog\/quicksilver\/nanoemulsified-coq10\/","title":{"rendered":"Nanoemulsified CoQ10"},"content":{"rendered":"<p data-start=\"4206\" data-end=\"4318\"><strong data-start=\"4206\" data-end=\"4246\">Nanoemulsified CoQ10 nuo Quicksilver<\/strong> &#8211; maisto papildas su nanoemulsine forma, kurioje yra kofermentas Q10.<\/p>\n<p data-start=\"4320\" data-end=\"4359\">Formul\u0117 sud\u0117tyje turi koferment\u0105 Q10.<\/p>\n<p data-start=\"4361\" data-end=\"4459\">Derinys pateikiamas skystoje formoje ir sukurtas naudojant nanoemulsin\u0119 pristatymo technologij\u0105.<\/p>\n<p data-start=\"4461\" data-end=\"4529\">Produktas tiekiamas su dozatoriumi ir skirtas vartoti po lie\u017euviu.<\/p>\n<p data-start=\"4531\" data-end=\"4755\"><strong data-start=\"4531\" data-end=\"4546\">Gamintojas:<\/strong> Quicksilver Scientific, JAV<br data-start=\"4574\" data-end=\"4577\" \/><strong data-start=\"4577\" data-end=\"4599\">Pagaminta Europoje<\/strong><br data-start=\"4599\" data-end=\"4602\" \/>Tinka iki: sunaudoti per 30 dien\u0173 po atidarymo<br data-start=\"4648\" data-end=\"4651\" \/>Laikymo s\u0105lygos: laikyti v\u0117sioje ir sausoje vietoje, po atidarymo laikyti \u0161aldytuve<br data-start=\"4734\" data-end=\"4737\" \/><strong data-start=\"4737\" data-end=\"4747\">T\u016bris:<\/strong> 50 ml<\/p>\n","protected":false},"excerpt":{"rendered":"<p data-start=\"5368\" data-end=\"5399\">Nanoemulsinis maisto papildas<\/p>\n<h2 data-start=\"5401\" data-end=\"5447\"><strong data-start=\"5401\" data-end=\"5447\">Quicksilver &#8211; Nanoemulsified CoQ10 Savyb\u0117s<\/strong><\/h2>\n<p data-start=\"5449\" data-end=\"5607\">\u2714\ufe0f Sud\u0117tyje yra kofermentas Q10<br data-start=\"5480\" data-end=\"5483\" \/>\u2714\ufe0f Nanoemulsin\u0117 pristatymo forma<br data-start=\"5515\" data-end=\"5518\" \/>\u2714\ufe0f Skysta forma su dozatoriumi<br data-start=\"5548\" data-end=\"5551\" \/>\u2714\ufe0f Tinka vartoti po lie\u017euviu<br data-start=\"5579\" data-end=\"5582\" \/>\u2714\ufe0f Be glitimo ir be GMO<\/p>\n","protected":false},"featured_media":77396,"template":"","meta":[],"pwb-brand":[1252],"product_brand":[],"product_cat":[769],"product_tag":[],"giftcard-category":[],"class_list":{"0":"post-77395","1":"product","2":"type-product","3":"status-publish","4":"has-post-thumbnail","6":"pwb-brand-quicksilver","7":"product_cat-vitaminai","9":"first","10":"instock","11":"taxable","12":"shipping-taxable","13":"purchasable","14":"product-type-simple"},"acf":[],"brands":[{"id":1252,"name":"Quicksilver","slug":"quicksilver"}],"_links":{"self":[{"href":"https:\/\/skinstudio.ee\/lt\/wp-json\/wp\/v2\/product\/77395","targetHints":{"allow":["GET"]}}],"collection":[{"href":"https:\/\/skinstudio.ee\/lt\/wp-json\/wp\/v2\/product"}],"about":[{"href":"https:\/\/skinstudio.ee\/lt\/wp-json\/wp\/v2\/types\/product"}],"version-history":[{"count":2,"href":"https:\/\/skinstudio.ee\/lt\/wp-json\/wp\/v2\/product\/77395\/revisions"}],"predecessor-version":[{"id":89594,"href":"https:\/\/skinstudio.ee\/lt\/wp-json\/wp\/v2\/product\/77395\/revisions\/89594"}],"wp:featuredmedia":[{"embeddable":true,"href":"https:\/\/skinstudio.ee\/lt\/wp-json\/wp\/v2\/media\/77396"}],"wp:attachment":[{"href":"https:\/\/skinstudio.ee\/lt\/wp-json\/wp\/v2\/media?parent=77395"}],"wp:term":[{"taxonomy":"pwb-brand","embeddable":true,"href":"https:\/\/skinstudio.ee\/lt\/wp-json\/wp\/v2\/pwb-brand?post=77395"},{"taxonomy":"product_brand","embeddable":true,"href":"https:\/\/skinstudio.ee\/lt\/wp-json\/wp\/v2\/product_brand?post=77395"},{"taxonomy":"product_cat","embeddable":true,"href":"https:\/\/skinstudio.ee\/lt\/wp-json\/wp\/v2\/product_cat?post=77395"},{"taxonomy":"product_tag","embeddable":true,"href":"https:\/\/skinstudio.ee\/lt\/wp-json\/wp\/v2\/product_tag?post=77395"},{"taxonomy":"giftcard-category","embeddable":true,"href":"https:\/\/skinstudio.ee\/lt\/wp-json\/wp\/v2\/giftcard-category?post=77395"}],"curies":[{"name":"wp","href":"https:\/\/api.w.org\/{rel}","templated":true}]}}