{"id":77404,"date":"2023-05-24T17:57:18","date_gmt":"2023-05-24T17:57:18","guid":{"rendered":"https:\/\/skinstudio.ee\/?post_type=product&#038;p=77404"},"modified":"2026-04-06T13:30:03","modified_gmt":"2026-04-06T13:30:03","slug":"liposomal-vitamin-c","status":"publish","type":"product","link":"https:\/\/skinstudio.ee\/lt\/catalog\/quicksilver\/liposomal-vitamin-c\/","title":{"rendered":"Liposomal Vitamin C"},"content":{"rendered":"<p data-start=\"1853\" data-end=\"2143\">Liposomal Vitamin C \u2013 tai farmacin\u0117s kokyb\u0117s vitaminas C liposomin\u0117je formoje, u\u017etikrinantis auk\u0161t\u0105 biologin\u012f prieinamum\u0105 ir efektyv\u0173 \u012fsisavinim\u0105. Vitaminas C padeda neutralizuoti laisvuosius radikalus, saugo l\u0105steles nuo oksidacinio streso ir palaiko odos, kaul\u0173 bei kraujagysli\u0173 sveikat\u0105.<\/p>\n<p data-start=\"2145\" data-end=\"2418\">D\u0117l Quicksilver Delivery Systems\u2122 technologijos vitaminas C yra \u012fkapsuliuotas \u012f liposomas, kurios pradeda \u012fsisavinti jau burnos ertm\u0117je. Toks tiekimo b\u016bdas u\u017etikrina greit\u0105 maistini\u0173 med\u017eiag\u0173 patekim\u0105 \u012f organizm\u0105 ir leid\u017eia vartoti didesnes dozes be intraveninio vartojimo.<\/p>\n<p data-start=\"2420\" data-end=\"2594\"><strong data-start=\"2420\" data-end=\"2435\">Gamintojas:<\/strong> Quicksilver Scientific, JAV<br data-start=\"2463\" data-end=\"2466\" \/><strong data-start=\"2466\" data-end=\"2486\">Laikymo s\u0105lygos:<\/strong> po atidarymo laikyti \u0161aldytuve<br data-start=\"2517\" data-end=\"2520\" \/><strong data-start=\"2520\" data-end=\"2530\">T\u016bris:<\/strong> 120 ml<br data-start=\"2537\" data-end=\"2540\" \/><strong data-start=\"2540\" data-end=\"2571\">Tinkamumo vartoti terminas:<\/strong> \u017ei\u016br\u0117ti ant pakuot\u0117s<\/p>\n","protected":false},"excerpt":{"rendered":"<p data-start=\"3172\" data-end=\"3218\">Maisto papildas su liposomine vitamino C forma<\/p>\n<h2 data-start=\"3220\" data-end=\"3265\"><strong data-start=\"3220\" data-end=\"3265\">Quicksilver &#8211; Liposomal Vitamin C Savyb\u0117s<\/strong><\/h2>\n<p data-start=\"3267\" data-end=\"3573\">\u2714\ufe0f Sud\u0117tyje yra vitaminas C liposomin\u0117je formoje, pasi\u017eymin\u010dioje auk\u0161tu biologiniu prieinamumu<br data-start=\"3361\" data-end=\"3364\" \/>\u2714\ufe0f Tinka kasdienei antioksidacinei apsaugai<br data-start=\"3407\" data-end=\"3410\" \/>\u2714\ufe0f Palaiko nat\u016bralias organizmo apsaugines funkcijas<br data-start=\"3462\" data-end=\"3465\" \/>\u2714\ufe0f Padeda palaikyti \u017evalumo ir aktyvumo poj\u016bt\u012f<br data-start=\"3511\" data-end=\"3514\" \/>\u2714\ufe0f Patogi skysta forma greitam ir efektyviam \u012fsisavinimui<\/p>\n","protected":false},"featured_media":77407,"template":"","meta":[],"pwb-brand":[1252],"product_brand":[],"product_cat":[769],"product_tag":[],"giftcard-category":[],"class_list":{"0":"post-77404","1":"product","2":"type-product","3":"status-publish","4":"has-post-thumbnail","6":"pwb-brand-quicksilver","7":"product_cat-vitaminai","9":"first","10":"instock","11":"taxable","12":"shipping-taxable","13":"purchasable","14":"product-type-simple"},"acf":[],"brands":[{"id":1252,"name":"Quicksilver","slug":"quicksilver"}],"_links":{"self":[{"href":"https:\/\/skinstudio.ee\/lt\/wp-json\/wp\/v2\/product\/77404","targetHints":{"allow":["GET"]}}],"collection":[{"href":"https:\/\/skinstudio.ee\/lt\/wp-json\/wp\/v2\/product"}],"about":[{"href":"https:\/\/skinstudio.ee\/lt\/wp-json\/wp\/v2\/types\/product"}],"version-history":[{"count":1,"href":"https:\/\/skinstudio.ee\/lt\/wp-json\/wp\/v2\/product\/77404\/revisions"}],"predecessor-version":[{"id":77408,"href":"https:\/\/skinstudio.ee\/lt\/wp-json\/wp\/v2\/product\/77404\/revisions\/77408"}],"wp:featuredmedia":[{"embeddable":true,"href":"https:\/\/skinstudio.ee\/lt\/wp-json\/wp\/v2\/media\/77407"}],"wp:attachment":[{"href":"https:\/\/skinstudio.ee\/lt\/wp-json\/wp\/v2\/media?parent=77404"}],"wp:term":[{"taxonomy":"pwb-brand","embeddable":true,"href":"https:\/\/skinstudio.ee\/lt\/wp-json\/wp\/v2\/pwb-brand?post=77404"},{"taxonomy":"product_brand","embeddable":true,"href":"https:\/\/skinstudio.ee\/lt\/wp-json\/wp\/v2\/product_brand?post=77404"},{"taxonomy":"product_cat","embeddable":true,"href":"https:\/\/skinstudio.ee\/lt\/wp-json\/wp\/v2\/product_cat?post=77404"},{"taxonomy":"product_tag","embeddable":true,"href":"https:\/\/skinstudio.ee\/lt\/wp-json\/wp\/v2\/product_tag?post=77404"},{"taxonomy":"giftcard-category","embeddable":true,"href":"https:\/\/skinstudio.ee\/lt\/wp-json\/wp\/v2\/giftcard-category?post=77404"}],"curies":[{"name":"wp","href":"https:\/\/api.w.org\/{rel}","templated":true}]}}