{"id":77416,"date":"2023-05-24T17:57:11","date_gmt":"2023-05-24T17:57:11","guid":{"rendered":"https:\/\/skinstudio.ee\/?post_type=product&#038;p=77416"},"modified":"2026-04-28T14:08:15","modified_gmt":"2026-04-28T14:08:15","slug":"liposomal-melatonin","status":"publish","type":"product","link":"https:\/\/skinstudio.ee\/lt\/catalog\/quicksilver\/liposomal-melatonin\/","title":{"rendered":"Liposomal Melatonin"},"content":{"rendered":"<p data-start=\"4467\" data-end=\"4547\"><strong data-start=\"4467\" data-end=\"4506\">Liposomal Melatonin nuo Quicksilver<\/strong> &#8211; maisto papildas su liposomine forma.<\/p>\n<p data-start=\"4549\" data-end=\"4636\">Formul\u0117 yra skystoje formoje ir sukurta naudojant liposomin\u0119 pristatymo technologij\u0105.<\/p>\n<p data-start=\"4638\" data-end=\"4719\">Naudojama technologija u\u017etikrina veikliosios med\u017eiagos pasiskirstym\u0105 formul\u0117je.<\/p>\n<p data-start=\"4721\" data-end=\"4789\">Produktas tiekiamas su dozatoriumi ir skirtas vartoti po lie\u017euviu.<\/p>\n<p data-start=\"4791\" data-end=\"5001\"><strong data-start=\"4791\" data-end=\"4806\">Gamintojas:<\/strong> Quicksilver Scientific, JAV<br data-start=\"4834\" data-end=\"4837\" \/><strong data-start=\"4837\" data-end=\"4859\">Pagaminta Europoje<\/strong><br data-start=\"4859\" data-end=\"4862\" \/>Tinka iki: sunaudoti per 180 dien\u0173 po atidarymo<br data-start=\"4909\" data-end=\"4912\" \/>Laikymo s\u0105lygos: laikyti kambario temperat\u016broje, saugoti nuo \u0161viesos<br data-start=\"4980\" data-end=\"4983\" \/><strong data-start=\"4983\" data-end=\"4993\">T\u016bris:<\/strong> 30 ml<\/p>\n","protected":false},"excerpt":{"rendered":"<p data-start=\"5692\" data-end=\"5721\">Liposominis maisto papildas<\/p>\n<h2 data-start=\"5723\" data-end=\"5768\"><strong data-start=\"5723\" data-end=\"5768\">Quicksilver &#8211; Liposomal Melatonin Savyb\u0117s<\/strong><\/h2>\n<p data-start=\"5770\" data-end=\"5924\">\u2714\ufe0f Liposomin\u0117 pristatymo forma<br data-start=\"5800\" data-end=\"5803\" \/>\u2714\ufe0f Skysta forma su dozatoriumi<br data-start=\"5833\" data-end=\"5836\" \/>\u2714\ufe0f Tinka vartoti po lie\u017euviu<br data-start=\"5864\" data-end=\"5867\" \/>\u2714\ufe0f Patogus naudojimo formatas<br data-start=\"5896\" data-end=\"5899\" \/>\u2714\ufe0f Be glitimo ir be GMO<\/p>\n","protected":false},"featured_media":81137,"template":"","meta":[],"pwb-brand":[1252],"product_brand":[],"product_cat":[769],"product_tag":[],"giftcard-category":[],"class_list":{"0":"post-77416","1":"product","2":"type-product","3":"status-publish","4":"has-post-thumbnail","6":"pwb-brand-quicksilver","7":"product_cat-vitaminai","9":"first","10":"instock","11":"taxable","12":"shipping-taxable","13":"purchasable","14":"product-type-simple"},"acf":[],"brands":[{"id":1252,"name":"Quicksilver","slug":"quicksilver"}],"_links":{"self":[{"href":"https:\/\/skinstudio.ee\/lt\/wp-json\/wp\/v2\/product\/77416","targetHints":{"allow":["GET"]}}],"collection":[{"href":"https:\/\/skinstudio.ee\/lt\/wp-json\/wp\/v2\/product"}],"about":[{"href":"https:\/\/skinstudio.ee\/lt\/wp-json\/wp\/v2\/types\/product"}],"version-history":[{"count":3,"href":"https:\/\/skinstudio.ee\/lt\/wp-json\/wp\/v2\/product\/77416\/revisions"}],"predecessor-version":[{"id":92974,"href":"https:\/\/skinstudio.ee\/lt\/wp-json\/wp\/v2\/product\/77416\/revisions\/92974"}],"wp:featuredmedia":[{"embeddable":true,"href":"https:\/\/skinstudio.ee\/lt\/wp-json\/wp\/v2\/media\/81137"}],"wp:attachment":[{"href":"https:\/\/skinstudio.ee\/lt\/wp-json\/wp\/v2\/media?parent=77416"}],"wp:term":[{"taxonomy":"pwb-brand","embeddable":true,"href":"https:\/\/skinstudio.ee\/lt\/wp-json\/wp\/v2\/pwb-brand?post=77416"},{"taxonomy":"product_brand","embeddable":true,"href":"https:\/\/skinstudio.ee\/lt\/wp-json\/wp\/v2\/product_brand?post=77416"},{"taxonomy":"product_cat","embeddable":true,"href":"https:\/\/skinstudio.ee\/lt\/wp-json\/wp\/v2\/product_cat?post=77416"},{"taxonomy":"product_tag","embeddable":true,"href":"https:\/\/skinstudio.ee\/lt\/wp-json\/wp\/v2\/product_tag?post=77416"},{"taxonomy":"giftcard-category","embeddable":true,"href":"https:\/\/skinstudio.ee\/lt\/wp-json\/wp\/v2\/giftcard-category?post=77416"}],"curies":[{"name":"wp","href":"https:\/\/api.w.org\/{rel}","templated":true}]}}