{"id":77428,"date":"2023-05-24T17:57:10","date_gmt":"2023-05-24T17:57:10","guid":{"rendered":"https:\/\/skinstudio.ee\/?post_type=product&#038;p=77428"},"modified":"2026-04-28T14:09:57","modified_gmt":"2026-04-28T14:09:57","slug":"liposomal-glutathione","status":"publish","type":"product","link":"https:\/\/skinstudio.ee\/lt\/catalog\/quicksilver\/liposomal-glutathione\/","title":{"rendered":"Liposomal Glutathione"},"content":{"rendered":"<p data-start=\"4155\" data-end=\"4237\"><strong data-start=\"4155\" data-end=\"4196\">Liposomal Glutathione nuo Quicksilver<\/strong> &#8211; maisto papildas su liposomine forma.<\/p>\n<p data-start=\"4239\" data-end=\"4326\">Formul\u0117 yra skystoje formoje ir sukurta naudojant liposomin\u0119 pristatymo technologij\u0105.<\/p>\n<p data-start=\"4328\" data-end=\"4406\">Glutationas yra junginys, sintetinamas i\u0161 aminor\u016bg\u0161\u010di\u0173 ir esantis organizme.<\/p>\n<p data-start=\"4408\" data-end=\"4476\">Produktas tiekiamas su dozatoriumi ir skirtas vartoti po lie\u017euviu.<\/p>\n<p data-start=\"4478\" data-end=\"4702\"><strong data-start=\"4478\" data-end=\"4493\">Gamintojas:<\/strong> Quicksilver Scientific, JAV<br data-start=\"4521\" data-end=\"4524\" \/><strong data-start=\"4524\" data-end=\"4546\">Pagaminta Europoje<\/strong><br data-start=\"4546\" data-end=\"4549\" \/>Tinka iki: sunaudoti per 30 dien\u0173 po atidarymo<br data-start=\"4595\" data-end=\"4598\" \/>Laikymo s\u0105lygos: laikyti v\u0117sioje ir sausoje vietoje, po atidarymo laikyti \u0161aldytuve<br data-start=\"4681\" data-end=\"4684\" \/><strong data-start=\"4684\" data-end=\"4694\">T\u016bris:<\/strong> 50 ml<\/p>\n","protected":false},"excerpt":{"rendered":"<p data-start=\"5271\" data-end=\"5300\">Liposominis maisto papildas<\/p>\n<h2 data-start=\"5302\" data-end=\"5349\"><strong data-start=\"5302\" data-end=\"5349\">Quicksilver &#8211; Liposomal Glutathione Savyb\u0117s<\/strong><\/h2>\n<p data-start=\"5351\" data-end=\"5505\">\u2714\ufe0f Liposomin\u0117 pristatymo forma<br data-start=\"5381\" data-end=\"5384\" \/>\u2714\ufe0f Skysta forma su dozatoriumi<br data-start=\"5414\" data-end=\"5417\" \/>\u2714\ufe0f Tinka vartoti po lie\u017euviu<br data-start=\"5445\" data-end=\"5448\" \/>\u2714\ufe0f Patogus naudojimo formatas<br data-start=\"5477\" data-end=\"5480\" \/>\u2714\ufe0f Be glitimo ir be GMO<\/p>\n","protected":false},"featured_media":77432,"template":"","meta":[],"pwb-brand":[1252],"product_brand":[],"product_cat":[769],"product_tag":[],"giftcard-category":[],"class_list":{"0":"post-77428","1":"product","2":"type-product","3":"status-publish","4":"has-post-thumbnail","6":"pwb-brand-quicksilver","7":"product_cat-vitaminai","9":"first","10":"instock","11":"taxable","12":"shipping-taxable","13":"purchasable","14":"product-type-simple"},"acf":[],"brands":[{"id":1252,"name":"Quicksilver","slug":"quicksilver"}],"_links":{"self":[{"href":"https:\/\/skinstudio.ee\/lt\/wp-json\/wp\/v2\/product\/77428","targetHints":{"allow":["GET"]}}],"collection":[{"href":"https:\/\/skinstudio.ee\/lt\/wp-json\/wp\/v2\/product"}],"about":[{"href":"https:\/\/skinstudio.ee\/lt\/wp-json\/wp\/v2\/types\/product"}],"version-history":[{"count":2,"href":"https:\/\/skinstudio.ee\/lt\/wp-json\/wp\/v2\/product\/77428\/revisions"}],"predecessor-version":[{"id":89606,"href":"https:\/\/skinstudio.ee\/lt\/wp-json\/wp\/v2\/product\/77428\/revisions\/89606"}],"wp:featuredmedia":[{"embeddable":true,"href":"https:\/\/skinstudio.ee\/lt\/wp-json\/wp\/v2\/media\/77432"}],"wp:attachment":[{"href":"https:\/\/skinstudio.ee\/lt\/wp-json\/wp\/v2\/media?parent=77428"}],"wp:term":[{"taxonomy":"pwb-brand","embeddable":true,"href":"https:\/\/skinstudio.ee\/lt\/wp-json\/wp\/v2\/pwb-brand?post=77428"},{"taxonomy":"product_brand","embeddable":true,"href":"https:\/\/skinstudio.ee\/lt\/wp-json\/wp\/v2\/product_brand?post=77428"},{"taxonomy":"product_cat","embeddable":true,"href":"https:\/\/skinstudio.ee\/lt\/wp-json\/wp\/v2\/product_cat?post=77428"},{"taxonomy":"product_tag","embeddable":true,"href":"https:\/\/skinstudio.ee\/lt\/wp-json\/wp\/v2\/product_tag?post=77428"},{"taxonomy":"giftcard-category","embeddable":true,"href":"https:\/\/skinstudio.ee\/lt\/wp-json\/wp\/v2\/giftcard-category?post=77428"}],"curies":[{"name":"wp","href":"https:\/\/api.w.org\/{rel}","templated":true}]}}