{"id":77438,"date":"2023-05-24T17:57:10","date_gmt":"2023-05-24T17:57:10","guid":{"rendered":"https:\/\/skinstudio.ee\/?post_type=product&#038;p=77438"},"modified":"2026-04-06T14:43:08","modified_gmt":"2026-04-06T14:43:08","slug":"liposomal-methyl-b-complex","status":"publish","type":"product","link":"https:\/\/skinstudio.ee\/lt\/catalog\/quicksilver\/liposomal-methyl-b-complex\/","title":{"rendered":"Liposomal Methyl B-Complex"},"content":{"rendered":"<p data-start=\"4125\" data-end=\"4235\"><strong data-start=\"4125\" data-end=\"4171\">Liposomal Methyl B-Complex nuo Quicksilver<\/strong> &#8211; maisto papildas su liposominiu B grup\u0117s vitamin\u0173 kompleksu.<\/p>\n<p data-start=\"4237\" data-end=\"4300\">Formul\u0117 sud\u0117tyje turi B grup\u0117s vitaminus aktyviomis formomis.<\/p>\n<p data-start=\"4302\" data-end=\"4398\">Derinys pateikiamas skystoje formoje ir sukurtas naudojant liposomin\u0119 pristatymo technologij\u0105.<\/p>\n<p data-start=\"4400\" data-end=\"4468\">Produktas tiekiamas su dozatoriumi ir skirtas vartoti po lie\u017euviu.<\/p>\n<p data-start=\"4470\" data-end=\"4695\"><strong data-start=\"4470\" data-end=\"4485\">Gamintojas:<\/strong> Quicksilver Scientific, JAV<br data-start=\"4513\" data-end=\"4516\" \/><strong data-start=\"4516\" data-end=\"4538\">Pagaminta Europoje<\/strong><br data-start=\"4538\" data-end=\"4541\" \/>Tinka iki: \u017ei\u016br\u0117ti ant pakuot\u0117s<br data-start=\"4572\" data-end=\"4575\" \/>Laikymo s\u0105lygos: laikyti kambario temperat\u016broje, toliau nuo \u0161ilumos ir \u0161viesos \u0161altini\u0173. Ne\u0161aldyti.<br data-start=\"4674\" data-end=\"4677\" \/><strong data-start=\"4677\" data-end=\"4687\">T\u016bris:<\/strong> 50 ml<\/p>\n","protected":false},"excerpt":{"rendered":"<p data-start=\"5245\" data-end=\"5274\">Liposominis maisto papildas<\/p>\n<h2 data-start=\"5276\" data-end=\"5328\"><strong data-start=\"5276\" data-end=\"5328\">Quicksilver &#8211; Liposomal Methyl B-Complex Savyb\u0117s<\/strong><\/h2>\n<p data-start=\"5330\" data-end=\"5509\">\u2714\ufe0f Sud\u0117tyje yra B grup\u0117s vitaminai aktyviomis formomis<br data-start=\"5384\" data-end=\"5387\" \/>\u2714\ufe0f Liposomin\u0117 pristatymo forma<br data-start=\"5417\" data-end=\"5420\" \/>\u2714\ufe0f Skysta forma su dozatoriumi<br data-start=\"5450\" data-end=\"5453\" \/>\u2714\ufe0f Tinka vartoti po lie\u017euviu<br data-start=\"5481\" data-end=\"5484\" \/>\u2714\ufe0f Be glitimo ir be GMO<\/p>\n","protected":false},"featured_media":77439,"template":"","meta":[],"pwb-brand":[1252],"product_brand":[],"product_cat":[769],"product_tag":[],"giftcard-category":[],"class_list":{"0":"post-77438","1":"product","2":"type-product","3":"status-publish","4":"has-post-thumbnail","6":"pwb-brand-quicksilver","7":"product_cat-vitaminai","9":"first","10":"instock","11":"taxable","12":"shipping-taxable","13":"purchasable","14":"product-type-simple"},"acf":[],"brands":[{"id":1252,"name":"Quicksilver","slug":"quicksilver"}],"_links":{"self":[{"href":"https:\/\/skinstudio.ee\/lt\/wp-json\/wp\/v2\/product\/77438","targetHints":{"allow":["GET"]}}],"collection":[{"href":"https:\/\/skinstudio.ee\/lt\/wp-json\/wp\/v2\/product"}],"about":[{"href":"https:\/\/skinstudio.ee\/lt\/wp-json\/wp\/v2\/types\/product"}],"version-history":[{"count":2,"href":"https:\/\/skinstudio.ee\/lt\/wp-json\/wp\/v2\/product\/77438\/revisions"}],"predecessor-version":[{"id":89612,"href":"https:\/\/skinstudio.ee\/lt\/wp-json\/wp\/v2\/product\/77438\/revisions\/89612"}],"wp:featuredmedia":[{"embeddable":true,"href":"https:\/\/skinstudio.ee\/lt\/wp-json\/wp\/v2\/media\/77439"}],"wp:attachment":[{"href":"https:\/\/skinstudio.ee\/lt\/wp-json\/wp\/v2\/media?parent=77438"}],"wp:term":[{"taxonomy":"pwb-brand","embeddable":true,"href":"https:\/\/skinstudio.ee\/lt\/wp-json\/wp\/v2\/pwb-brand?post=77438"},{"taxonomy":"product_brand","embeddable":true,"href":"https:\/\/skinstudio.ee\/lt\/wp-json\/wp\/v2\/product_brand?post=77438"},{"taxonomy":"product_cat","embeddable":true,"href":"https:\/\/skinstudio.ee\/lt\/wp-json\/wp\/v2\/product_cat?post=77438"},{"taxonomy":"product_tag","embeddable":true,"href":"https:\/\/skinstudio.ee\/lt\/wp-json\/wp\/v2\/product_tag?post=77438"},{"taxonomy":"giftcard-category","embeddable":true,"href":"https:\/\/skinstudio.ee\/lt\/wp-json\/wp\/v2\/giftcard-category?post=77438"}],"curies":[{"name":"wp","href":"https:\/\/api.w.org\/{rel}","templated":true}]}}