{"id":77537,"date":"2025-07-17T07:30:32","date_gmt":"2025-07-17T07:30:32","guid":{"rendered":"https:\/\/skinstudio.ee\/?post_type=product&#038;p=77537"},"modified":"2026-02-13T15:29:26","modified_gmt":"2026-02-13T15:29:26","slug":"v-i-t-a-c-cream","status":"publish","type":"product","link":"https:\/\/skinstudio.ee\/lt\/catalog\/ph-formula\/v-i-t-a-c-cream\/","title":{"rendered":"V.I.T.A. C Cream"},"content":{"rendered":"<p data-start=\"5336\" data-end=\"5625\"><strong data-start=\"5336\" data-end=\"5370\">V.I.T.A. C CREAM nuo pHformula<\/strong> yra 24 valand\u0173 veido kremas su vitaminu C, skirtas kasdienei odos prie\u017ei\u016brai, padedantis i\u0161laikyti gaivi\u0105, pri\u017ei\u016br\u0117t\u0105 ir tolygesn\u0119 odos i\u0161vaizd\u0105. Kremas padeda palaikyti odos \u0161velnum\u0105, komfort\u0105 ir elastingum\u0105 bei vizualiai pagerina odos ton\u0105 ir tekst\u016br\u0105.<\/p>\n<p data-start=\"5627\" data-end=\"5797\">Formul\u0117 sukurta palaikyti nat\u016bral\u0173 odos spindes\u012f ir apsaugines funkcijas. Kremas yra lengvos, komforti\u0161kos tekst\u016bros, lengvai pasiskirsto ir neapsunkina odos dienos metu.<\/p>\n<p data-start=\"5799\" data-end=\"5837\"><strong data-start=\"5799\" data-end=\"5835\">Pagrindini\u0173 ingredient\u0173 poveikis<\/strong><\/p>\n<ul data-start=\"5838\" data-end=\"6063\">\n<li data-start=\"5838\" data-end=\"5920\">\n<p data-start=\"5840\" data-end=\"5920\">Sodium Ascorbyl Phosphate &#8211; padeda palaikyti skaistesn\u012f ir tolygesn\u012f odos ton\u0105<\/p>\n<\/li>\n<li data-start=\"5921\" data-end=\"5991\">\n<p data-start=\"5923\" data-end=\"5991\">Niacinamide &#8211; padeda gerinti odos tekst\u016br\u0105 ir palaiko odos barjer\u0105<\/p>\n<\/li>\n<li data-start=\"5992\" data-end=\"6063\">\n<p data-start=\"5994\" data-end=\"6063\">Ceramide NP &#8211; padeda stiprinti odos barjer\u0105 ir ma\u017einti sausumo poj\u016bt\u012f<\/p>\n<\/li>\n<\/ul>\n<p data-start=\"6065\" data-end=\"6209\">Tinka vis\u0173 tip\u0173 odai, \u012fskaitant saus\u0105, dehidratuot\u0105 ir papilk\u0117jusi\u0105 od\u0105, taip pat odai su pirmaisiais sen\u0117jimo po\u017eymiais ir netolygiu atspalviu.<\/p>\n<p data-start=\"6211\" data-end=\"6235\"><strong data-start=\"6211\" data-end=\"6221\">T\u016bris:<\/strong> 20 ml \/ 50 ml<\/p>\n","protected":false},"excerpt":{"rendered":"<p data-start=\"6448\" data-end=\"6516\"><span style=\"color: #ff0000;\"><strong data-start=\"6448\" data-end=\"6516\">pHFormula produkt\u0173 pristatymas galimas tik Estijos teritorijoje.<\/strong><\/span><\/p>\n<p data-start=\"6518\" data-end=\"6723\"><span style=\"color: #ff0000;\">NB! Produkt\u0105 galima \u012fsigyti tik pasikonsultavus su specialistu. Skambinkite +372 58 500 171 arba ra\u0161ykite u\u017eklaus\u0105 el. pa\u0161tu <a class=\"decorated-link cursor-pointer\" style=\"color: #ff0000;\" href=\"mailto:info@skinstudio.ee\" rel=\"noopener\" data-start=\"6643\" data-end=\"6661\">info@skinstudio.ee<\/a>. M\u016bs\u0173 konsultantai pad\u0117s \u012fsigyti \u0161io prek\u0117s \u017eenklo produktus.<\/span><\/p>\n<p data-start=\"6725\" data-end=\"6767\">Intensyvus 24 valand\u0173 kremas su vitaminu C<\/p>\n<h2 data-start=\"6769\" data-end=\"6809\"><strong data-start=\"6769\" data-end=\"6809\">pHformula &#8211; V.I.T.A. C CREAM Savyb\u0117s<\/strong><\/h2>\n<p data-start=\"6811\" data-end=\"7038\">\u2714\ufe0f Padeda palaikyti tolygesn\u012f ir \u0161vytint\u012f odos ton\u0105<br data-start=\"6862\" data-end=\"6865\" \/>\u2714\ufe0f Padaro od\u0105 glotnesn\u0119 ir labiau pri\u017ei\u016br\u0117t\u0105<br data-start=\"6909\" data-end=\"6912\" \/>\u2714\ufe0f Padeda i\u0161laikyti komforto poj\u016bt\u012f ir dr\u0117kinim\u0105<br data-start=\"6960\" data-end=\"6963\" \/>\u2714\ufe0f Palaiko odos elastingum\u0105 ir stangrum\u0105<br data-start=\"7003\" data-end=\"7006\" \/>\u2714\ufe0f Tinka kasdieniam naudojimui<\/p>\n","protected":false},"featured_media":64697,"template":"","meta":[],"pwb-brand":[779],"product_brand":[],"product_cat":[738,654,752,750,730],"product_tag":[],"giftcard-category":[],"class_list":{"0":"post-77537","1":"product","2":"type-product","3":"status-publish","4":"has-post-thumbnail","6":"pwb-brand-ph-formula","7":"product_cat-drekinimas","8":"product_cat-ph-formula-lt","9":"product_cat-pigmentacija-lt","10":"product_cat-senstanti-oda","11":"product_cat-vitaminas-c","12":"pa_suurus-20ml-lt","13":"pa_suurus-50ml-lt","15":"first","16":"instock","17":"taxable","18":"shipping-taxable","19":"purchasable","20":"product-type-variable"},"acf":[],"brands":[{"id":779,"name":"pH Formula","slug":"ph-formula"}],"_links":{"self":[{"href":"https:\/\/skinstudio.ee\/lt\/wp-json\/wp\/v2\/product\/77537","targetHints":{"allow":["GET"]}}],"collection":[{"href":"https:\/\/skinstudio.ee\/lt\/wp-json\/wp\/v2\/product"}],"about":[{"href":"https:\/\/skinstudio.ee\/lt\/wp-json\/wp\/v2\/types\/product"}],"version-history":[{"count":1,"href":"https:\/\/skinstudio.ee\/lt\/wp-json\/wp\/v2\/product\/77537\/revisions"}],"predecessor-version":[{"id":77540,"href":"https:\/\/skinstudio.ee\/lt\/wp-json\/wp\/v2\/product\/77537\/revisions\/77540"}],"wp:featuredmedia":[{"embeddable":true,"href":"https:\/\/skinstudio.ee\/lt\/wp-json\/wp\/v2\/media\/64697"}],"wp:attachment":[{"href":"https:\/\/skinstudio.ee\/lt\/wp-json\/wp\/v2\/media?parent=77537"}],"wp:term":[{"taxonomy":"pwb-brand","embeddable":true,"href":"https:\/\/skinstudio.ee\/lt\/wp-json\/wp\/v2\/pwb-brand?post=77537"},{"taxonomy":"product_brand","embeddable":true,"href":"https:\/\/skinstudio.ee\/lt\/wp-json\/wp\/v2\/product_brand?post=77537"},{"taxonomy":"product_cat","embeddable":true,"href":"https:\/\/skinstudio.ee\/lt\/wp-json\/wp\/v2\/product_cat?post=77537"},{"taxonomy":"product_tag","embeddable":true,"href":"https:\/\/skinstudio.ee\/lt\/wp-json\/wp\/v2\/product_tag?post=77537"},{"taxonomy":"giftcard-category","embeddable":true,"href":"https:\/\/skinstudio.ee\/lt\/wp-json\/wp\/v2\/giftcard-category?post=77537"}],"curies":[{"name":"wp","href":"https:\/\/api.w.org\/{rel}","templated":true}]}}