{"id":77547,"date":"2025-07-17T07:27:16","date_gmt":"2025-07-17T07:27:16","guid":{"rendered":"https:\/\/skinstudio.ee\/?post_type=product&#038;p=77547"},"modified":"2026-02-13T15:29:27","modified_gmt":"2026-02-13T15:29:27","slug":"v-i-t-a-d-cream","status":"publish","type":"product","link":"https:\/\/skinstudio.ee\/lt\/catalog\/ph-formula\/v-i-t-a-d-cream\/","title":{"rendered":"V.I.T.A. D Cream"},"content":{"rendered":"<p data-start=\"5409\" data-end=\"5710\"><strong data-start=\"5409\" data-end=\"5443\">V.I.T.A. D CREAM nuo pHformula<\/strong> yra veido kremas kasdienei prie\u017ei\u016brai, skirtas odai, kuriai reikia komforto, apsaugos nuo i\u0161saus\u0117jimo ir subalansuotos, sveikos i\u0161vaizdos palaikymo. Kremas padeda i\u0161laikyti od\u0105 \u0161velni\u0105, glotni\u0105 ir vizualiai skaistesn\u0119, taip pat palaiko nat\u016brali\u0105 dr\u0117gm\u0117s pusiausvyr\u0105.<\/p>\n<p data-start=\"5712\" data-end=\"5904\">Formul\u0117 sukurta stiprinti odos apsaugines funkcijas ir pad\u0117ti odai geriau i\u0161laikyti dr\u0117gm\u0119. Kremas yra maitinamos, bet ne sunkios tekst\u016bros, lengvai pasiskirsto ir tinka naudoti i\u0161tisus metus.<\/p>\n<p data-start=\"5906\" data-end=\"5944\"><strong data-start=\"5906\" data-end=\"5942\">Pagrindini\u0173 ingredient\u0173 poveikis<\/strong><\/p>\n<ul data-start=\"5945\" data-end=\"6232\">\n<li data-start=\"5945\" data-end=\"6044\">\n<p data-start=\"5947\" data-end=\"6044\"><strong data-start=\"5947\" data-end=\"5973\">Lactobacillus Ferment:<\/strong> palaiko odos mikrobiomo pusiausvyr\u0105 ir stiprina apsaugines funkcijas<\/p>\n<\/li>\n<li data-start=\"6045\" data-end=\"6137\">\n<p data-start=\"6047\" data-end=\"6137\"><strong data-start=\"6047\" data-end=\"6078\">Beta Vulgaris Root Extract:<\/strong> tonizuoja, giliai dr\u0117kina ir gerina bendr\u0105 odos i\u0161vaizd\u0105<\/p>\n<\/li>\n<li data-start=\"6138\" data-end=\"6232\">\n<p data-start=\"6140\" data-end=\"6232\"><strong data-start=\"6140\" data-end=\"6171\">Helianthus Annuus Seed Oil:<\/strong> padeda saugoti odos barjer\u0105 ir apsaugo nuo dr\u0117gm\u0117s praradimo<\/p>\n<\/li>\n<\/ul>\n<p data-start=\"6234\" data-end=\"6365\">Tinka vis\u0173 tip\u0173 odai, ypa\u010d sausai, dehidratuotai ir jautriai, taip pat odai, linkusiai \u012f paraudimus, diskomfort\u0105 ir tempimo poj\u016bt\u012f.<\/p>\n<p data-start=\"6367\" data-end=\"6383\"><strong data-start=\"6367\" data-end=\"6377\">T\u016bris:<\/strong> 20 ml<\/p>\n","protected":false},"excerpt":{"rendered":"<p data-start=\"6494\" data-end=\"6562\"><span style=\"color: #ff0000;\"><strong data-start=\"6494\" data-end=\"6562\">pHFormula produkt\u0173 pristatymas galimas tik Estijos teritorijoje.<\/strong><\/span><\/p>\n<p data-start=\"6564\" data-end=\"6750\"><span style=\"color: #ff0000;\">NB! Produkt\u0105 galima \u012fsigyti tik pasikonsultavus su specialistu. Skambinkite +372 58 500 171 arba ra\u0161ykite <a class=\"decorated-link cursor-pointer\" style=\"color: #ff0000;\" href=\"mailto:info@skinstudio.ee\" rel=\"noopener\" data-start=\"6670\" data-end=\"6688\">info@skinstudio.ee<\/a>. M\u016bs\u0173 konsultantai pad\u0117s \u012fsigyti \u0161io prek\u0117s \u017eenklo produktus.<\/span><\/p>\n<p data-start=\"6752\" data-end=\"6778\">Veido kremas su vitaminu D<\/p>\n<h2 data-start=\"6780\" data-end=\"6820\"><strong data-start=\"6780\" data-end=\"6820\">pHformula &#8211; V.I.T.A. D CREAM Savyb\u0117s<\/strong><\/h2>\n<p data-start=\"6822\" data-end=\"7080\">\u2714\ufe0f Stiprina odos barjer\u0105 ir gerina apsaugines funkcijas<br data-start=\"6877\" data-end=\"6880\" \/>\u2714\ufe0f Ramina jautri\u0105 ir reaktyvi\u0105 od\u0105<br data-start=\"6914\" data-end=\"6917\" \/>\u2714\ufe0f Didina odos atsparum\u0105 i\u0161oriniams streso veiksniams<br data-start=\"6970\" data-end=\"6973\" \/>\u2714\ufe0f Atkuria odos \u0161velnum\u0105, glotnum\u0105 ir komfort\u0105<br data-start=\"7019\" data-end=\"7022\" \/>\u2714\ufe0f Intensyviai dr\u0117kina ir padeda i\u0161vengti dehidratacijos<\/p>\n","protected":false},"featured_media":64702,"template":"","meta":[],"pwb-brand":[779],"product_brand":[],"product_cat":[738,746,654,740],"product_tag":[],"giftcard-category":[],"class_list":{"0":"post-77547","1":"product","2":"type-product","3":"status-publish","4":"has-post-thumbnail","6":"pwb-brand-ph-formula","7":"product_cat-drekinimas","8":"product_cat-jautriai-odai","9":"product_cat-ph-formula-lt","10":"product_cat-sausai-odai","12":"first","13":"instock","14":"taxable","15":"shipping-taxable","16":"purchasable","17":"product-type-simple"},"acf":[],"brands":[{"id":779,"name":"pH Formula","slug":"ph-formula"}],"_links":{"self":[{"href":"https:\/\/skinstudio.ee\/lt\/wp-json\/wp\/v2\/product\/77547","targetHints":{"allow":["GET"]}}],"collection":[{"href":"https:\/\/skinstudio.ee\/lt\/wp-json\/wp\/v2\/product"}],"about":[{"href":"https:\/\/skinstudio.ee\/lt\/wp-json\/wp\/v2\/types\/product"}],"version-history":[{"count":1,"href":"https:\/\/skinstudio.ee\/lt\/wp-json\/wp\/v2\/product\/77547\/revisions"}],"predecessor-version":[{"id":77548,"href":"https:\/\/skinstudio.ee\/lt\/wp-json\/wp\/v2\/product\/77547\/revisions\/77548"}],"wp:featuredmedia":[{"embeddable":true,"href":"https:\/\/skinstudio.ee\/lt\/wp-json\/wp\/v2\/media\/64702"}],"wp:attachment":[{"href":"https:\/\/skinstudio.ee\/lt\/wp-json\/wp\/v2\/media?parent=77547"}],"wp:term":[{"taxonomy":"pwb-brand","embeddable":true,"href":"https:\/\/skinstudio.ee\/lt\/wp-json\/wp\/v2\/pwb-brand?post=77547"},{"taxonomy":"product_brand","embeddable":true,"href":"https:\/\/skinstudio.ee\/lt\/wp-json\/wp\/v2\/product_brand?post=77547"},{"taxonomy":"product_cat","embeddable":true,"href":"https:\/\/skinstudio.ee\/lt\/wp-json\/wp\/v2\/product_cat?post=77547"},{"taxonomy":"product_tag","embeddable":true,"href":"https:\/\/skinstudio.ee\/lt\/wp-json\/wp\/v2\/product_tag?post=77547"},{"taxonomy":"giftcard-category","embeddable":true,"href":"https:\/\/skinstudio.ee\/lt\/wp-json\/wp\/v2\/giftcard-category?post=77547"}],"curies":[{"name":"wp","href":"https:\/\/api.w.org\/{rel}","templated":true}]}}