{"id":77554,"date":"2025-07-17T07:25:52","date_gmt":"2025-07-17T07:25:52","guid":{"rendered":"https:\/\/skinstudio.ee\/?post_type=product&#038;p=77554"},"modified":"2026-02-13T15:29:25","modified_gmt":"2026-02-13T15:29:25","slug":"v-i-t-a-b3-vibrance-boost-mask","status":"publish","type":"product","link":"https:\/\/skinstudio.ee\/lt\/catalog\/ph-formula\/v-i-t-a-b3-vibrance-boost-mask\/","title":{"rendered":"V.I.T.A. B3 Vibrance Boost Mask"},"content":{"rendered":"<p data-start=\"5995\" data-end=\"6270\"><strong data-start=\"5995\" data-end=\"6044\">V.I.T.A. B3 Vibrance Boost Mask nuo pHformula<\/strong> yra kremin\u0117s tekst\u016bros veido kauk\u0117, skirta jautrios, \u012f paraudim\u0105 ir diskomfort\u0105 linkusios odos prie\u017ei\u016brai. Formul\u0117 padeda intensyviai dr\u0117kinti, raminti od\u0105 ir palaikyti tolygesn\u0119, gaivesn\u0119 bei labiau pri\u017ei\u016br\u0117t\u0105 odos i\u0161vaizd\u0105.<\/p>\n<p data-start=\"6272\" data-end=\"6554\">Kauk\u0117 sukurta pad\u0117ti atkurti ir stiprinti odos apsaugin\u012f barjer\u0105, pad\u0117ti odai geriau susidoroti su i\u0161oriniais streso veiksniais ir suma\u017einti papilk\u0117jusio bei netolygaus atspalvio po\u017eymius. Kremin\u0117 tekst\u016bra lengvai pasiskirsto, nei\u0161sausina odos ir palieka j\u0105 \u0161velni\u0105 bei komforti\u0161k\u0105.<\/p>\n<p data-start=\"6556\" data-end=\"6594\"><strong data-start=\"6556\" data-end=\"6592\">Pagrindini\u0173 ingredient\u0173 poveikis<\/strong><\/p>\n<ul data-start=\"6595\" data-end=\"6878\">\n<li data-start=\"6595\" data-end=\"6707\">\n<p data-start=\"6597\" data-end=\"6707\"><strong data-start=\"6597\" data-end=\"6626\">Niacinamide (Vitamin B3):<\/strong> padeda ma\u017einti paraudim\u0105, gerinti odos tekst\u016br\u0105 ir stiprinti apsaugin\u012f barjer\u0105<\/p>\n<\/li>\n<li data-start=\"6708\" data-end=\"6800\">\n<p data-start=\"6710\" data-end=\"6800\"><strong data-start=\"6710\" data-end=\"6740\">Phragmites Kharka Extract:<\/strong> padeda ma\u017einti odos jautrum\u0105 ir didinti atsparum\u0105 stresui<\/p>\n<\/li>\n<li data-start=\"6801\" data-end=\"6878\">\n<p data-start=\"6803\" data-end=\"6878\"><strong data-start=\"6803\" data-end=\"6827\">Poria Cocos Extract:<\/strong> padeda raminti od\u0105 ir palaikyti jos komforto b\u016bkl\u0119<\/p>\n<\/li>\n<\/ul>\n<p data-start=\"6880\" data-end=\"7004\">Tinka vis\u0173 tip\u0173 odai, ypa\u010d jautriai, reaktyviai, linkusiai \u012f paraudim\u0105, taip pat papilk\u0117jusiai ir netolygaus atspalvio odai.<\/p>\n<p data-start=\"7006\" data-end=\"7022\"><strong data-start=\"7006\" data-end=\"7016\">T\u016bris:<\/strong> 50 ml<\/p>\n","protected":false},"excerpt":{"rendered":"<p data-start=\"7236\" data-end=\"7304\"><span style=\"color: #ff0000;\"><strong data-start=\"7236\" data-end=\"7304\">pHFormula produkt\u0173 pristatymas galimas tik Estijos teritorijoje.<\/strong><\/span><\/p>\n<p data-start=\"7306\" data-end=\"7492\"><span style=\"color: #ff0000;\">NB! Produkt\u0105 galima \u012fsigyti tik pasikonsultavus su specialistu. Skambinkite +372 58 500 171 arba ra\u0161ykite <a class=\"decorated-link cursor-pointer\" style=\"color: #ff0000;\" href=\"mailto:info@skinstudio.ee\" rel=\"noopener\" data-start=\"7412\" data-end=\"7430\">info@skinstudio.ee<\/a>. M\u016bs\u0173 konsultantai pad\u0117s \u012fsigyti \u0161io prek\u0117s \u017eenklo produktus.<\/span><\/p>\n<p data-start=\"7494\" data-end=\"7540\">Dr\u0117kinamoji kauk\u0117 su vitaminu B3 jautriai odai<\/p>\n<h2 data-start=\"7542\" data-end=\"7597\"><strong data-start=\"7542\" data-end=\"7597\">pHformula &#8211; V.I.T.A. B3 Vibrance Boost Mask Savyb\u0117s<\/strong><\/h2>\n<p data-start=\"7599\" data-end=\"7849\">\u2714\ufe0f Greitai ramina jautri\u0105 ir sudirgusi\u0105 od\u0105<br data-start=\"7642\" data-end=\"7645\" \/>\u2714\ufe0f Intensyviai dr\u0117kina ir stiprina odos barjer\u0105<br data-start=\"7692\" data-end=\"7695\" \/>\u2714\ufe0f Pastebimai suma\u017eina paraudim\u0105 ir tempimo poj\u016bt\u012f<br data-start=\"7745\" data-end=\"7748\" \/>\u2714\ufe0f Gerina odos tekst\u016br\u0105 ir i\u0161lygina odos atspalv\u012f<br data-start=\"7797\" data-end=\"7800\" \/>\u2714\ufe0f Didina odos atsparum\u0105 i\u0161oriniams dirgikliams<\/p>\n","protected":false},"featured_media":64707,"template":"","meta":[],"pwb-brand":[779],"product_brand":[],"product_cat":[738,744,746,726,654],"product_tag":[],"giftcard-category":[],"class_list":{"0":"post-77554","1":"product","2":"type-product","3":"status-publish","4":"has-post-thumbnail","6":"pwb-brand-ph-formula","7":"product_cat-drekinimas","8":"product_cat-issipletusios-poros","9":"product_cat-jautriai-odai","10":"product_cat-maskas-lt","11":"product_cat-ph-formula-lt","13":"first","14":"instock","15":"taxable","16":"shipping-taxable","17":"purchasable","18":"product-type-simple"},"acf":[],"brands":[{"id":779,"name":"pH Formula","slug":"ph-formula"}],"_links":{"self":[{"href":"https:\/\/skinstudio.ee\/lt\/wp-json\/wp\/v2\/product\/77554","targetHints":{"allow":["GET"]}}],"collection":[{"href":"https:\/\/skinstudio.ee\/lt\/wp-json\/wp\/v2\/product"}],"about":[{"href":"https:\/\/skinstudio.ee\/lt\/wp-json\/wp\/v2\/types\/product"}],"version-history":[{"count":1,"href":"https:\/\/skinstudio.ee\/lt\/wp-json\/wp\/v2\/product\/77554\/revisions"}],"predecessor-version":[{"id":77555,"href":"https:\/\/skinstudio.ee\/lt\/wp-json\/wp\/v2\/product\/77554\/revisions\/77555"}],"wp:featuredmedia":[{"embeddable":true,"href":"https:\/\/skinstudio.ee\/lt\/wp-json\/wp\/v2\/media\/64707"}],"wp:attachment":[{"href":"https:\/\/skinstudio.ee\/lt\/wp-json\/wp\/v2\/media?parent=77554"}],"wp:term":[{"taxonomy":"pwb-brand","embeddable":true,"href":"https:\/\/skinstudio.ee\/lt\/wp-json\/wp\/v2\/pwb-brand?post=77554"},{"taxonomy":"product_brand","embeddable":true,"href":"https:\/\/skinstudio.ee\/lt\/wp-json\/wp\/v2\/product_brand?post=77554"},{"taxonomy":"product_cat","embeddable":true,"href":"https:\/\/skinstudio.ee\/lt\/wp-json\/wp\/v2\/product_cat?post=77554"},{"taxonomy":"product_tag","embeddable":true,"href":"https:\/\/skinstudio.ee\/lt\/wp-json\/wp\/v2\/product_tag?post=77554"},{"taxonomy":"giftcard-category","embeddable":true,"href":"https:\/\/skinstudio.ee\/lt\/wp-json\/wp\/v2\/giftcard-category?post=77554"}],"curies":[{"name":"wp","href":"https:\/\/api.w.org\/{rel}","templated":true}]}}