{"id":77561,"date":"2025-07-17T07:25:15","date_gmt":"2025-07-17T07:25:15","guid":{"rendered":"https:\/\/skinstudio.ee\/?post_type=product&#038;p=77561"},"modified":"2026-02-13T15:29:26","modified_gmt":"2026-02-13T15:29:26","slug":"v-i-t-a-c-bright-overnight-mask","status":"publish","type":"product","link":"https:\/\/skinstudio.ee\/lt\/catalog\/ph-formula\/v-i-t-a-c-bright-overnight-mask\/","title":{"rendered":"V.I.T.A. C Bright Overnight Mask"},"content":{"rendered":"<p data-start=\"5747\" data-end=\"6021\"><strong data-start=\"5747\" data-end=\"5797\">V.I.T.A. C Bright Overnight Mask nuo pHformula<\/strong> yra kremin\u0117s tekst\u016bros naktin\u0117 kauk\u0117, kuri patogiai pasiskirsto ant odos ir veikia vis\u0105 nakt\u012f. Formul\u0117 sukurta atkurti odos komfort\u0105, suma\u017einti sausum\u0105 ir pad\u0117ti odai ryte atrodyti gaivesnei, lygesnei ir labiau spindin\u010diai.<\/p>\n<p data-start=\"6023\" data-end=\"6274\">Kauk\u0117 padeda pagerinti papilk\u0117jusios ir pavargusios odos i\u0161vaizd\u0105, palaiko odos \u0161velnum\u0105 ir elastingum\u0105 bei skatina tolygesn\u012f ir labiau pri\u017ei\u016br\u0117t\u0105 veido odos atspalv\u012f. Maitinamoji, bet ne sunki tekst\u016bra ypa\u010d patogi naudoti vakaro odos prie\u017ei\u016bros metu.<\/p>\n<p data-start=\"6276\" data-end=\"6314\"><strong data-start=\"6276\" data-end=\"6312\">Pagrindini\u0173 ingredient\u0173 poveikis<\/strong><\/p>\n<ul data-start=\"6315\" data-end=\"6649\">\n<li data-start=\"6315\" data-end=\"6439\">\n<p data-start=\"6317\" data-end=\"6439\"><strong data-start=\"6317\" data-end=\"6350\">Magnesium Ascorbyl Phosphate:<\/strong> stabili vitamino C forma, padedanti suvienodinti odos atspalv\u012f ir sustiprinti spindes\u012f<\/p>\n<\/li>\n<li data-start=\"6440\" data-end=\"6548\">\n<p data-start=\"6442\" data-end=\"6548\"><strong data-start=\"6442\" data-end=\"6481\">Butyrospermum Parkii (Shea) Butter:<\/strong> giliai maitina, mink\u0161tina od\u0105 ir padeda suma\u017einti sausumo poj\u016bt\u012f<\/p>\n<\/li>\n<li data-start=\"6549\" data-end=\"6649\">\n<p data-start=\"6551\" data-end=\"6649\"><strong data-start=\"6551\" data-end=\"6578\">Tocopherol (Vitamin E):<\/strong> palaiko odos apsaugines funkcijas ir suteikia antioksidacin\u0119 apsaug\u0105<\/p>\n<\/li>\n<\/ul>\n<p data-start=\"6651\" data-end=\"6767\">Tinka vis\u0173 tip\u0173 odai, ypa\u010d sausai, dehidratuotai, papilk\u0117jusiai odai ir odai, kuriai tr\u016bksta komforto bei spindesio.<\/p>\n<p data-start=\"6769\" data-end=\"6785\"><strong data-start=\"6769\" data-end=\"6779\">T\u016bris:<\/strong> 50 ml<\/p>\n","protected":false},"excerpt":{"rendered":"<p data-start=\"6955\" data-end=\"7023\"><span style=\"color: #ff0000;\"><strong data-start=\"6955\" data-end=\"7023\">pHFormula produkt\u0173 pristatymas galimas tik Estijos teritorijoje.<\/strong><\/span><\/p>\n<p data-start=\"7025\" data-end=\"7211\"><span style=\"color: #ff0000;\">NB! Produkt\u0105 galima \u012fsigyti tik pasikonsultavus su specialistu. Skambinkite +372 58 500 171 arba ra\u0161ykite <a class=\"decorated-link cursor-pointer\" style=\"color: #ff0000;\" href=\"mailto:info@skinstudio.ee\" rel=\"noopener\" data-start=\"7131\" data-end=\"7149\">info@skinstudio.ee<\/a>. M\u016bs\u0173 konsultantai pad\u0117s \u012fsigyti \u0161io prek\u0117s \u017eenklo produktus.<\/span><\/p>\n<p data-start=\"7213\" data-end=\"7256\">Naktin\u0117 kauk\u0117 su vitaminu C odos skaistumui<\/p>\n<h2 data-start=\"7258\" data-end=\"7314\"><strong data-start=\"7258\" data-end=\"7314\">pHformula &#8211; V.I.T.A. C Bright Overnight Mask Savyb\u0117s<\/strong><\/h2>\n<p data-start=\"7316\" data-end=\"7537\">\u2714\ufe0f Giliai dr\u0117kina ir pa\u0161alina sausumo poj\u016bt\u012f<br data-start=\"7360\" data-end=\"7363\" \/>\u2714\ufe0f Padaro od\u0105 skaistesn\u0119 ir gaivesn\u0119<br data-start=\"7399\" data-end=\"7402\" \/>\u2714\ufe0f I\u0161lygina odos atspalv\u012f ir pagerina tekst\u016br\u0105<br data-start=\"7448\" data-end=\"7451\" \/>\u2714\ufe0f Didina odos stangrum\u0105 ir elastingum\u0105<br data-start=\"7490\" data-end=\"7493\" \/>\u2714\ufe0f Suteikia stipri\u0105 antioksidacin\u0119 apsaug\u0105<\/p>\n","protected":false},"featured_media":64712,"template":"","meta":[],"pwb-brand":[779],"product_brand":[],"product_cat":[738,726,654,740,730],"product_tag":[],"giftcard-category":[],"class_list":{"0":"post-77561","1":"product","2":"type-product","3":"status-publish","4":"has-post-thumbnail","6":"pwb-brand-ph-formula","7":"product_cat-drekinimas","8":"product_cat-maskas-lt","9":"product_cat-ph-formula-lt","10":"product_cat-sausai-odai","11":"product_cat-vitaminas-c","13":"first","14":"instock","15":"taxable","16":"shipping-taxable","17":"purchasable","18":"product-type-simple"},"acf":[],"brands":[{"id":779,"name":"pH Formula","slug":"ph-formula"}],"_links":{"self":[{"href":"https:\/\/skinstudio.ee\/lt\/wp-json\/wp\/v2\/product\/77561","targetHints":{"allow":["GET"]}}],"collection":[{"href":"https:\/\/skinstudio.ee\/lt\/wp-json\/wp\/v2\/product"}],"about":[{"href":"https:\/\/skinstudio.ee\/lt\/wp-json\/wp\/v2\/types\/product"}],"version-history":[{"count":1,"href":"https:\/\/skinstudio.ee\/lt\/wp-json\/wp\/v2\/product\/77561\/revisions"}],"predecessor-version":[{"id":77562,"href":"https:\/\/skinstudio.ee\/lt\/wp-json\/wp\/v2\/product\/77561\/revisions\/77562"}],"wp:featuredmedia":[{"embeddable":true,"href":"https:\/\/skinstudio.ee\/lt\/wp-json\/wp\/v2\/media\/64712"}],"wp:attachment":[{"href":"https:\/\/skinstudio.ee\/lt\/wp-json\/wp\/v2\/media?parent=77561"}],"wp:term":[{"taxonomy":"pwb-brand","embeddable":true,"href":"https:\/\/skinstudio.ee\/lt\/wp-json\/wp\/v2\/pwb-brand?post=77561"},{"taxonomy":"product_brand","embeddable":true,"href":"https:\/\/skinstudio.ee\/lt\/wp-json\/wp\/v2\/product_brand?post=77561"},{"taxonomy":"product_cat","embeddable":true,"href":"https:\/\/skinstudio.ee\/lt\/wp-json\/wp\/v2\/product_cat?post=77561"},{"taxonomy":"product_tag","embeddable":true,"href":"https:\/\/skinstudio.ee\/lt\/wp-json\/wp\/v2\/product_tag?post=77561"},{"taxonomy":"giftcard-category","embeddable":true,"href":"https:\/\/skinstudio.ee\/lt\/wp-json\/wp\/v2\/giftcard-category?post=77561"}],"curies":[{"name":"wp","href":"https:\/\/api.w.org\/{rel}","templated":true}]}}