{"id":77570,"date":"2025-07-17T07:24:12","date_gmt":"2025-07-17T07:24:12","guid":{"rendered":"https:\/\/skinstudio.ee\/?post_type=product&#038;p=77570"},"modified":"2026-02-13T15:29:25","modified_gmt":"2026-02-13T15:29:25","slug":"v-i-t-a-b3-cream","status":"publish","type":"product","link":"https:\/\/skinstudio.ee\/lt\/catalog\/ph-formula\/v-i-t-a-b3-cream\/","title":{"rendered":"V.I.T.A. B3 Cream"},"content":{"rendered":"<p data-start=\"6330\" data-end=\"6674\"><strong data-start=\"6330\" data-end=\"6365\">V.I.T.A. B3 CREAM nuo pHformula<\/strong> yra lengvos tekst\u016bros, ta\u010diau intensyviai dr\u0117kinantis kremas su didele vitamino B3 (niacinamido) koncentracija, skirtas kasdienei prie\u017ei\u016brai odai, linkusiai \u012f paraudim\u0105, jautrum\u0105 ir netolyg\u0173 atspalv\u012f. Formul\u0117 padeda akivaizd\u017eiai pagerinti bendr\u0105 odos i\u0161vaizd\u0105, padarydama j\u0105 lygesn\u0119, stangresn\u0119 ir tolygesn\u0119.<\/p>\n<p data-start=\"6676\" data-end=\"6995\">Kremas sukurtas odos atspalvio korekcijai, paraudimo ma\u017einimui ir sveiko odos barjero palaikymui. Jis greitai susigeria, nepalieka riebaus sluoksnio ir yra komforti\u0161kas naudoti tiek prie\u0161, tiek po intensyvi\u0173 proced\u016br\u0173. Formul\u0117 yra nekomedogenin\u0117, be kvapi\u0173j\u0173 med\u017eiag\u0173 ir neturi paraben\u0173, lanolino ar mineralini\u0173 aliej\u0173.<\/p>\n<p data-start=\"6997\" data-end=\"7035\"><strong data-start=\"6997\" data-end=\"7033\">Pagrindini\u0173 ingredient\u0173 poveikis<\/strong><\/p>\n<ul data-start=\"7036\" data-end=\"7337\">\n<li data-start=\"7036\" data-end=\"7166\">\n<p data-start=\"7038\" data-end=\"7166\"><strong data-start=\"7038\" data-end=\"7067\">Niacinamide (Vitamin B3):<\/strong> padeda ma\u017einti paraudim\u0105, suvienodinti odos atspalv\u012f, gerinti tekst\u016br\u0105 ir stiprinti odos barjer\u0105<\/p>\n<\/li>\n<li data-start=\"7167\" data-end=\"7262\">\n<p data-start=\"7169\" data-end=\"7262\"><strong data-start=\"7169\" data-end=\"7192\">Sodium Hyaluronate:<\/strong> suteikia intensyv\u0173 dr\u0117kinim\u0105 ir padeda odai ilgiau i\u0161laikyti dr\u0117gm\u0119<\/p>\n<\/li>\n<li data-start=\"7263\" data-end=\"7337\">\n<p data-start=\"7265\" data-end=\"7337\"><strong data-start=\"7265\" data-end=\"7279\">Allantoin:<\/strong> ramina od\u0105 ir padeda suma\u017einti diskomfort\u0105 bei jautrum\u0105<\/p>\n<\/li>\n<\/ul>\n<p data-start=\"7339\" data-end=\"7477\">Tinka vis\u0173 tip\u0173 odai, ypa\u010d jautriai, linkusiai \u012f paraudim\u0105, dehidratuotai odai ir odai su netolygiu atspalviu bei fotopa\u017eeidimo po\u017eymiais.<\/p>\n<p data-start=\"7479\" data-end=\"7503\"><strong data-start=\"7479\" data-end=\"7489\">T\u016bris:<\/strong> 20 ml \/ 50 ml<\/p>\n","protected":false},"excerpt":{"rendered":"<p data-start=\"7716\" data-end=\"7784\"><span style=\"color: #ff0000;\"><strong data-start=\"7716\" data-end=\"7784\">pHFormula produkt\u0173 pristatymas galimas tik Estijos teritorijoje.<\/strong><\/span><\/p>\n<p data-start=\"7786\" data-end=\"7972\"><span style=\"color: #ff0000;\">NB! Produkt\u0105 galima \u012fsigyti tik pasikonsultavus su specialistu. Skambinkite +372 58 500 171 arba ra\u0161ykite <a class=\"decorated-link cursor-pointer\" style=\"color: #ff0000;\" href=\"mailto:info@skinstudio.ee\" rel=\"noopener\" data-start=\"7892\" data-end=\"7910\">info@skinstudio.ee<\/a>. M\u016bs\u0173 konsultantai pad\u0117s \u012fsigyti \u0161io prek\u0117s \u017eenklo produktus.<\/span><\/p>\n<p data-start=\"7974\" data-end=\"8019\">Intensyviai dr\u0117kinantis kremas su vitaminu B3<\/p>\n<h2 data-start=\"8021\" data-end=\"8062\"><strong data-start=\"8021\" data-end=\"8062\">pHformula &#8211; V.I.T.A. B3 CREAM Savyb\u0117s<\/strong><\/h2>\n<p data-start=\"8064\" data-end=\"8327\">\u2714\ufe0f Intensyviai dr\u0117kina ir pa\u0161alina odos dehidratacij\u0105<br data-start=\"8117\" data-end=\"8120\" \/>\u2714\ufe0f Akivaizd\u017eiai suma\u017eina paraudim\u0105 ir jautrum\u0105<br data-start=\"8166\" data-end=\"8169\" \/>\u2714\ufe0f I\u0161lygina odos atspalv\u012f ir pagerina tekst\u016br\u0105<br data-start=\"8215\" data-end=\"8218\" \/>\u2714\ufe0f Padeda koreguoti ir \u0161viesinti pigmentacijos po\u017eymius<br data-start=\"8273\" data-end=\"8276\" \/>\u2714\ufe0f Stiprina odos barjer\u0105 ir didina odos atsparum\u0105<\/p>\n","protected":false},"featured_media":64717,"template":"","meta":[],"pwb-brand":[779],"product_brand":[],"product_cat":[738,654,752,740,750],"product_tag":[],"giftcard-category":[],"class_list":{"0":"post-77570","1":"product","2":"type-product","3":"status-publish","4":"has-post-thumbnail","6":"pwb-brand-ph-formula","7":"product_cat-drekinimas","8":"product_cat-ph-formula-lt","9":"product_cat-pigmentacija-lt","10":"product_cat-sausai-odai","11":"product_cat-senstanti-oda","12":"pa_suurus-20ml-lt","13":"pa_suurus-50ml-lt","15":"first","16":"instock","17":"taxable","18":"shipping-taxable","19":"purchasable","20":"product-type-variable"},"acf":[],"brands":[{"id":779,"name":"pH Formula","slug":"ph-formula"}],"_links":{"self":[{"href":"https:\/\/skinstudio.ee\/lt\/wp-json\/wp\/v2\/product\/77570","targetHints":{"allow":["GET"]}}],"collection":[{"href":"https:\/\/skinstudio.ee\/lt\/wp-json\/wp\/v2\/product"}],"about":[{"href":"https:\/\/skinstudio.ee\/lt\/wp-json\/wp\/v2\/types\/product"}],"version-history":[{"count":1,"href":"https:\/\/skinstudio.ee\/lt\/wp-json\/wp\/v2\/product\/77570\/revisions"}],"predecessor-version":[{"id":77573,"href":"https:\/\/skinstudio.ee\/lt\/wp-json\/wp\/v2\/product\/77570\/revisions\/77573"}],"wp:featuredmedia":[{"embeddable":true,"href":"https:\/\/skinstudio.ee\/lt\/wp-json\/wp\/v2\/media\/64717"}],"wp:attachment":[{"href":"https:\/\/skinstudio.ee\/lt\/wp-json\/wp\/v2\/media?parent=77570"}],"wp:term":[{"taxonomy":"pwb-brand","embeddable":true,"href":"https:\/\/skinstudio.ee\/lt\/wp-json\/wp\/v2\/pwb-brand?post=77570"},{"taxonomy":"product_brand","embeddable":true,"href":"https:\/\/skinstudio.ee\/lt\/wp-json\/wp\/v2\/product_brand?post=77570"},{"taxonomy":"product_cat","embeddable":true,"href":"https:\/\/skinstudio.ee\/lt\/wp-json\/wp\/v2\/product_cat?post=77570"},{"taxonomy":"product_tag","embeddable":true,"href":"https:\/\/skinstudio.ee\/lt\/wp-json\/wp\/v2\/product_tag?post=77570"},{"taxonomy":"giftcard-category","embeddable":true,"href":"https:\/\/skinstudio.ee\/lt\/wp-json\/wp\/v2\/giftcard-category?post=77570"}],"curies":[{"name":"wp","href":"https:\/\/api.w.org\/{rel}","templated":true}]}}