{"id":77579,"date":"2025-07-08T11:11:59","date_gmt":"2025-07-08T11:11:59","guid":{"rendered":"https:\/\/skinstudio.ee\/?post_type=product&#038;p=77579"},"modified":"2026-02-13T15:29:18","modified_gmt":"2026-02-13T15:29:18","slug":"p-o-s-t-recovery-plus","status":"publish","type":"product","link":"https:\/\/skinstudio.ee\/lt\/catalog\/ph-formula\/p-o-s-t-recovery-plus\/","title":{"rendered":"P.O.S.T. Recovery Plus"},"content":{"rendered":"<p data-start=\"5752\" data-end=\"6060\"><strong data-start=\"5752\" data-end=\"5792\">P.O.S.T. Recovery Plus nuo pHformula<\/strong> yra sodrus atkuriamasis kremas, skirtas odos prie\u017ei\u016brai po intensyvi\u0173 estetini\u0173 proced\u016br\u0173, toki\u0173 kaip pilingai, lazerin\u0117s proced\u016bros ir mikrodermabrazija. Kremas padeda nuraminti od\u0105, suma\u017einti diskomfort\u0105, atkurti dr\u0117gm\u0117s lyg\u012f ir palaikyti odos apsaugines funkcijas.<\/p>\n<p data-start=\"6062\" data-end=\"6314\">Formul\u0117 sukurta pagreitinti odos atsistatym\u0105, suma\u017einti paraudim\u0105 ir padidinti odos atsparum\u0105 i\u0161oriniams streso veiksniams. Kremas pagerina komforto poj\u016bt\u012f, padaro od\u0105 \u0161velnesn\u0119 ir glotnesn\u0119 bei padeda i\u0161laikyti tolygesn\u0119 ir labiau pri\u017ei\u016br\u0117t\u0105 i\u0161vaizd\u0105.<\/p>\n<p data-start=\"6316\" data-end=\"6354\"><strong data-start=\"6316\" data-end=\"6352\">Pagrindini\u0173 ingredient\u0173 poveikis<\/strong><\/p>\n<ul data-start=\"6355\" data-end=\"6636\">\n<li data-start=\"6355\" data-end=\"6449\">\n<p data-start=\"6357\" data-end=\"6449\"><strong data-start=\"6357\" data-end=\"6388\">Lactococcus Ferment Lysate:<\/strong> palaiko odos atsistatymo procesus ir stiprina odos barjer\u0105<\/p>\n<\/li>\n<li data-start=\"6450\" data-end=\"6541\">\n<p data-start=\"6452\" data-end=\"6541\"><strong data-start=\"6452\" data-end=\"6465\">Squalane:<\/strong> mink\u0161tina od\u0105, atkuria komfort\u0105 ir padeda apsaugoti nuo dr\u0117gm\u0117s praradimo<\/p>\n<\/li>\n<li data-start=\"6542\" data-end=\"6636\">\n<p data-start=\"6544\" data-end=\"6636\"><strong data-start=\"6544\" data-end=\"6560\">Niacinamide:<\/strong> padeda ma\u017einti paraudim\u0105, gerinti odos tekst\u016br\u0105 ir stiprinti odos barjer\u0105<\/p>\n<\/li>\n<\/ul>\n<p data-start=\"6638\" data-end=\"6737\">Tinka vis\u0173 tip\u0173 odai, ypa\u010d jautriai, sudirgusiai ir odai, esan\u010diai atsistatymo faz\u0117je po proced\u016br\u0173.<\/p>\n<p data-start=\"6739\" data-end=\"6755\"><strong data-start=\"6739\" data-end=\"6749\">T\u016bris:<\/strong> 50 ml<\/p>\n","protected":false},"excerpt":{"rendered":"<p data-start=\"6924\" data-end=\"6992\"><span style=\"color: #ff0000;\"><strong data-start=\"6924\" data-end=\"6992\">pHFormula produkt\u0173 pristatymas galimas tik Estijos teritorijoje.<\/strong><\/span><\/p>\n<p data-start=\"6994\" data-end=\"7180\"><span style=\"color: #ff0000;\">NB! Produkt\u0105 galima \u012fsigyti tik pasikonsultavus su specialistu. Skambinkite +372 58 500 171 arba ra\u0161ykite <a class=\"decorated-link cursor-pointer\" style=\"color: #ff0000;\" href=\"mailto:info@skinstudio.ee\" rel=\"noopener\" data-start=\"7100\" data-end=\"7118\">info@skinstudio.ee<\/a>. M\u016bs\u0173 konsultantai pad\u0117s \u012fsigyti \u0161io prek\u0117s \u017eenklo produktus.<\/span><\/p>\n<p data-start=\"7182\" data-end=\"7226\">Probiotik\u0173 kremas intensyviam odos atk\u016brimui<\/p>\n<h2 data-start=\"7228\" data-end=\"7274\"><strong data-start=\"7228\" data-end=\"7274\">pHformula &#8211; P.O.S.T. Recovery Plus Savyb\u0117s<\/strong><\/h2>\n<p data-start=\"7276\" data-end=\"7518\">\u2714\ufe0f Greitai ramina od\u0105 ir ma\u017eina paraudim\u0105<br data-start=\"7317\" data-end=\"7320\" \/>\u2714\ufe0f Intensyviai dr\u0117kina ir pa\u0161alina sausumo poj\u016bt\u012f<br data-start=\"7369\" data-end=\"7372\" \/>\u2714\ufe0f Pagreitina odos atsistatym\u0105 po proced\u016br\u0173<br data-start=\"7415\" data-end=\"7418\" \/>\u2714\ufe0f Stiprina odos barjer\u0105 ir ma\u017eina jautrum\u0105<br data-start=\"7461\" data-end=\"7464\" \/>\u2714\ufe0f Padaro od\u0105 glotnesn\u0119, \u0161velnesn\u0119 ir komforti\u0161kesn\u0119<\/p>\n","protected":false},"featured_media":64723,"template":"","meta":[],"pwb-brand":[779],"product_brand":[],"product_cat":[738,746,654,740],"product_tag":[],"giftcard-category":[],"class_list":{"0":"post-77579","1":"product","2":"type-product","3":"status-publish","4":"has-post-thumbnail","6":"pwb-brand-ph-formula","7":"product_cat-drekinimas","8":"product_cat-jautriai-odai","9":"product_cat-ph-formula-lt","10":"product_cat-sausai-odai","12":"first","13":"instock","14":"taxable","15":"shipping-taxable","16":"purchasable","17":"product-type-simple"},"acf":[],"brands":[{"id":779,"name":"pH Formula","slug":"ph-formula"}],"_links":{"self":[{"href":"https:\/\/skinstudio.ee\/lt\/wp-json\/wp\/v2\/product\/77579","targetHints":{"allow":["GET"]}}],"collection":[{"href":"https:\/\/skinstudio.ee\/lt\/wp-json\/wp\/v2\/product"}],"about":[{"href":"https:\/\/skinstudio.ee\/lt\/wp-json\/wp\/v2\/types\/product"}],"version-history":[{"count":1,"href":"https:\/\/skinstudio.ee\/lt\/wp-json\/wp\/v2\/product\/77579\/revisions"}],"predecessor-version":[{"id":77580,"href":"https:\/\/skinstudio.ee\/lt\/wp-json\/wp\/v2\/product\/77579\/revisions\/77580"}],"wp:featuredmedia":[{"embeddable":true,"href":"https:\/\/skinstudio.ee\/lt\/wp-json\/wp\/v2\/media\/64723"}],"wp:attachment":[{"href":"https:\/\/skinstudio.ee\/lt\/wp-json\/wp\/v2\/media?parent=77579"}],"wp:term":[{"taxonomy":"pwb-brand","embeddable":true,"href":"https:\/\/skinstudio.ee\/lt\/wp-json\/wp\/v2\/pwb-brand?post=77579"},{"taxonomy":"product_brand","embeddable":true,"href":"https:\/\/skinstudio.ee\/lt\/wp-json\/wp\/v2\/product_brand?post=77579"},{"taxonomy":"product_cat","embeddable":true,"href":"https:\/\/skinstudio.ee\/lt\/wp-json\/wp\/v2\/product_cat?post=77579"},{"taxonomy":"product_tag","embeddable":true,"href":"https:\/\/skinstudio.ee\/lt\/wp-json\/wp\/v2\/product_tag?post=77579"},{"taxonomy":"giftcard-category","embeddable":true,"href":"https:\/\/skinstudio.ee\/lt\/wp-json\/wp\/v2\/giftcard-category?post=77579"}],"curies":[{"name":"wp","href":"https:\/\/api.w.org\/{rel}","templated":true}]}}