{"id":77586,"date":"2025-07-08T11:09:26","date_gmt":"2025-07-08T11:09:26","guid":{"rendered":"https:\/\/skinstudio.ee\/?post_type=product&#038;p=77586"},"modified":"2026-02-13T15:29:09","modified_gmt":"2026-02-13T15:29:09","slug":"eye-lift-serum","status":"publish","type":"product","link":"https:\/\/skinstudio.ee\/lt\/catalog\/ph-formula\/eye-lift-serum\/","title":{"rendered":"Eye Lift Serum"},"content":{"rendered":"<p data-start=\"3312\" data-end=\"3581\"><strong data-start=\"3312\" data-end=\"3344\">Eye Lift Serum nuo pHformula<\/strong> yra lengvos tekst\u016bros, ta\u010diau koncentruotas serumas, skirtas jautriai paaki\u0173 sri\u010diai, kur pirmiausia atsiranda nuovargio ir sen\u0117jimo po\u017eymiai. Formul\u0117 padeda pagerinti bendr\u0105 odos i\u0161vaizd\u0105, padarydama j\u0105 stangresn\u0119, lygesn\u0119 ir gaivesn\u0119.<\/p>\n<p data-start=\"3583\" data-end=\"3758\">Serumas skirtas stiprinti od\u0105, lyginti smulkias rauk\u0161leles ir ma\u017einti paburkim\u0105. Jis greitai susigeria, neapsunkina odos ir puikiai tinka kasdieniam naudojimui ryte ir vakare.<\/p>\n<p data-start=\"3760\" data-end=\"3798\"><strong data-start=\"3760\" data-end=\"3796\">Pagrindini\u0173 ingredient\u0173 poveikis<\/strong><\/p>\n<ul data-start=\"3799\" data-end=\"4053\">\n<li data-start=\"3799\" data-end=\"3889\">\n<p data-start=\"3801\" data-end=\"3889\"><strong data-start=\"3801\" data-end=\"3827\">Acetyl Tetrapeptide-5:<\/strong> padeda ma\u017einti paburkim\u0105 ir gerinti paaki\u0173 srities i\u0161vaizd\u0105<\/p>\n<\/li>\n<li data-start=\"3890\" data-end=\"3984\">\n<p data-start=\"3892\" data-end=\"3984\"><strong data-start=\"3892\" data-end=\"3915\">Sodium Hyaluronate:<\/strong> intensyviai dr\u0117kina ir padeda odai atrodyti lygesnei bei putlesnei<\/p>\n<\/li>\n<li data-start=\"3985\" data-end=\"4053\">\n<p data-start=\"3987\" data-end=\"4053\"><strong data-start=\"3987\" data-end=\"4000\">Caffeine:<\/strong> tonizuoja od\u0105 ir padeda ma\u017einti nuovargio po\u017eymius<\/p>\n<\/li>\n<\/ul>\n<p data-start=\"4055\" data-end=\"4187\">Tinka vis\u0173 tip\u0173 odai, \u012fskaitant jautri\u0105, ir ypa\u010d rekomenduojamas atsiradus pirmiesiems sen\u0117jimo ir nuovargio po\u017eymiams aki\u0173 srityje.<\/p>\n<p data-start=\"4189\" data-end=\"4205\"><strong data-start=\"4189\" data-end=\"4199\">T\u016bris:<\/strong> 15 ml<\/p>\n","protected":false},"excerpt":{"rendered":"<p data-start=\"4310\" data-end=\"4378\"><span style=\"color: #ff0000;\"><strong data-start=\"4310\" data-end=\"4378\">pHFormula produkt\u0173 pristatymas galimas tik Estijos teritorijoje.<\/strong><\/span><\/p>\n<p data-start=\"4380\" data-end=\"4566\"><span style=\"color: #ff0000;\">NB! Produkt\u0105 galima \u012fsigyti tik pasikonsultavus su specialistu. Skambinkite +372 58 500 171 arba ra\u0161ykite <a class=\"decorated-link cursor-pointer\" style=\"color: #ff0000;\" href=\"mailto:info@skinstudio.ee\" rel=\"noopener\" data-start=\"4486\" data-end=\"4504\">info@skinstudio.ee<\/a>. M\u016bs\u0173 konsultantai pad\u0117s \u012fsigyti \u0161io prek\u0117s \u017eenklo produktus.<\/span><\/p>\n<p data-start=\"4568\" data-end=\"4591\">Serumas aki\u0173 zonos odai<\/p>\n<h2 data-start=\"4593\" data-end=\"4631\"><strong data-start=\"4593\" data-end=\"4631\">pHformula &#8211; Eye Lift Serum Savyb\u0117s<\/strong><\/h2>\n<p data-start=\"4633\" data-end=\"4868\">\u2714\ufe0f Stiprina od\u0105 ir gerina elastingum\u0105<br data-start=\"4670\" data-end=\"4673\" \/>\u2714\ufe0f Lygina smulkias rauk\u0161leles ir mimikos linijas<br data-start=\"4721\" data-end=\"4724\" \/>\u2714\ufe0f Ma\u017eina paburkim\u0105 ir nuovargio po\u017eymius<br data-start=\"4765\" data-end=\"4768\" \/>\u2714\ufe0f Intensyviai dr\u0117kina ir gaivina paaki\u0173 srit\u012f<br data-start=\"4814\" data-end=\"4817\" \/>\u2714\ufe0f Suteikia \u017evilgsniui pails\u0117jus\u012f ir gaiv\u0173 vaizd\u0105<\/p>\n","protected":false},"featured_media":64728,"template":"","meta":[],"pwb-brand":[779],"product_brand":[],"product_cat":[734,654],"product_tag":[],"giftcard-category":[],"class_list":{"0":"post-77586","1":"product","2":"type-product","3":"status-publish","4":"has-post-thumbnail","6":"pwb-brand-ph-formula","7":"product_cat-oda-aplink-akis","8":"product_cat-ph-formula-lt","10":"first","11":"instock","12":"taxable","13":"shipping-taxable","14":"purchasable","15":"product-type-simple"},"acf":[],"brands":[{"id":779,"name":"pH Formula","slug":"ph-formula"}],"_links":{"self":[{"href":"https:\/\/skinstudio.ee\/lt\/wp-json\/wp\/v2\/product\/77586","targetHints":{"allow":["GET"]}}],"collection":[{"href":"https:\/\/skinstudio.ee\/lt\/wp-json\/wp\/v2\/product"}],"about":[{"href":"https:\/\/skinstudio.ee\/lt\/wp-json\/wp\/v2\/types\/product"}],"version-history":[{"count":1,"href":"https:\/\/skinstudio.ee\/lt\/wp-json\/wp\/v2\/product\/77586\/revisions"}],"predecessor-version":[{"id":77587,"href":"https:\/\/skinstudio.ee\/lt\/wp-json\/wp\/v2\/product\/77586\/revisions\/77587"}],"wp:featuredmedia":[{"embeddable":true,"href":"https:\/\/skinstudio.ee\/lt\/wp-json\/wp\/v2\/media\/64728"}],"wp:attachment":[{"href":"https:\/\/skinstudio.ee\/lt\/wp-json\/wp\/v2\/media?parent=77586"}],"wp:term":[{"taxonomy":"pwb-brand","embeddable":true,"href":"https:\/\/skinstudio.ee\/lt\/wp-json\/wp\/v2\/pwb-brand?post=77586"},{"taxonomy":"product_brand","embeddable":true,"href":"https:\/\/skinstudio.ee\/lt\/wp-json\/wp\/v2\/product_brand?post=77586"},{"taxonomy":"product_cat","embeddable":true,"href":"https:\/\/skinstudio.ee\/lt\/wp-json\/wp\/v2\/product_cat?post=77586"},{"taxonomy":"product_tag","embeddable":true,"href":"https:\/\/skinstudio.ee\/lt\/wp-json\/wp\/v2\/product_tag?post=77586"},{"taxonomy":"giftcard-category","embeddable":true,"href":"https:\/\/skinstudio.ee\/lt\/wp-json\/wp\/v2\/giftcard-category?post=77586"}],"curies":[{"name":"wp","href":"https:\/\/api.w.org\/{rel}","templated":true}]}}