{"id":77593,"date":"2025-07-08T11:06:51","date_gmt":"2025-07-08T11:06:51","guid":{"rendered":"https:\/\/skinstudio.ee\/?post_type=product&#038;p=77593"},"modified":"2026-02-13T15:29:22","modified_gmt":"2026-02-13T15:29:22","slug":"sos-lip-resque","status":"publish","type":"product","link":"https:\/\/skinstudio.ee\/lt\/catalog\/ph-formula\/sos-lip-resque\/","title":{"rendered":"SOS Lip Resque"},"content":{"rendered":"<p data-start=\"5278\" data-end=\"5554\"><strong data-start=\"5278\" data-end=\"5310\">SOS Lip Resque nuo pHformula<\/strong> yra universalus atkuriamasis l\u016bp\u0173 balzamas, skirtas tiek skubiai, tiek kasdienei prie\u017ei\u016brai. Jis padeda greitai suma\u017einti sausum\u0105 ir tempimo poj\u016bt\u012f, mink\u0161tina l\u016bpas ir palaiko komfort\u0105 net sud\u0117tingomis oro s\u0105lygomis ar po kosmetini\u0173 proced\u016br\u0173.<\/p>\n<p data-start=\"5556\" data-end=\"5766\">Formul\u0117 sukurta apsaugoti, maitinti ir atkurti jautri\u0105 l\u016bp\u0173 od\u0105. Balzamas suteikia komfort\u0105 i\u0161kart po naudojimo, padeda i\u0161laikyti l\u016bpas \u0161velnias ir pri\u017ei\u016br\u0117tas bei apsaugo jas nuo sausumo ir i\u0161orini\u0173 dirgikli\u0173.<\/p>\n<p data-start=\"5768\" data-end=\"5806\"><strong data-start=\"5768\" data-end=\"5804\">Pagrindini\u0173 ingredient\u0173 poveikis<\/strong><\/p>\n<ul data-start=\"5807\" data-end=\"6091\">\n<li data-start=\"5807\" data-end=\"5909\">\n<p data-start=\"5809\" data-end=\"5909\"><strong data-start=\"5809\" data-end=\"5848\">Ricinus Communis (Castor) Seed Oil:<\/strong> maitina ir mink\u0161tina l\u016bpas, padeda atkurti komforto poj\u016bt\u012f<\/p>\n<\/li>\n<li data-start=\"5910\" data-end=\"6015\">\n<p data-start=\"5912\" data-end=\"6015\"><strong data-start=\"5912\" data-end=\"5947\">Tocopheryl Acetate (Vitamin E):<\/strong> suteikia antioksidacin\u0119 apsaug\u0105 ir palaiko odos atk\u016brimo procesus<\/p>\n<\/li>\n<li data-start=\"6016\" data-end=\"6091\">\n<p data-start=\"6018\" data-end=\"6091\"><strong data-start=\"6018\" data-end=\"6032\">Bisabolol:<\/strong> ramina od\u0105 ir padeda suma\u017einti sudirgim\u0105 bei diskomfort\u0105<\/p>\n<\/li>\n<\/ul>\n<p data-start=\"6093\" data-end=\"6238\">Tinka visiems, \u012fskaitant naudojim\u0105 mieste, kelion\u0117se, \u0161altu ir v\u0117juotu oru, taip pat po kosmetini\u0173 proced\u016br\u0173 ir esant padid\u0117jusiam l\u016bp\u0173 sausumui.<\/p>\n<p data-start=\"6240\" data-end=\"6256\"><strong data-start=\"6240\" data-end=\"6250\">T\u016bris:<\/strong> 10 ml<\/p>\n","protected":false},"excerpt":{"rendered":"<p data-start=\"6347\" data-end=\"6415\"><span style=\"color: #ff0000;\"><strong data-start=\"6347\" data-end=\"6415\">pHFormula produkt\u0173 pristatymas galimas tik Estijos teritorijoje.<\/strong><\/span><\/p>\n<p data-start=\"6417\" data-end=\"6603\"><span style=\"color: #ff0000;\">NB! Produkt\u0105 galima \u012fsigyti tik pasikonsultavus su specialistu. Skambinkite +372 58 500 171 arba ra\u0161ykite <a class=\"decorated-link cursor-pointer\" style=\"color: #ff0000;\" href=\"mailto:info@skinstudio.ee\" rel=\"noopener\" data-start=\"6523\" data-end=\"6541\">info@skinstudio.ee<\/a>. M\u016bs\u0173 konsultantai pad\u0117s \u012fsigyti \u0161io prek\u0117s \u017eenklo produktus.<\/span><\/p>\n<p data-start=\"6605\" data-end=\"6629\">Intensyvus l\u016bp\u0173 balzamas<\/p>\n<h2 data-start=\"6631\" data-end=\"6669\"><strong data-start=\"6631\" data-end=\"6669\">pHformula &#8211; SOS Lip Resque Savyb\u0117s<\/strong><\/h2>\n<p data-start=\"6671\" data-end=\"6897\">\u2714\ufe0f Greitai atkuria sausas ir suskilin\u0117jusias l\u016bpas<br data-start=\"6721\" data-end=\"6724\" \/>\u2714\ufe0f Intensyviai maitina ir mink\u0161tina<br data-start=\"6759\" data-end=\"6762\" \/>\u2714\ufe0f Stiprina l\u016bp\u0173 apsaugin\u012f barjer\u0105<br data-start=\"6796\" data-end=\"6799\" \/>\u2714\ufe0f Suteikia ilgalaik\u012f komfort\u0105 be lipnumo<br data-start=\"6840\" data-end=\"6843\" \/>\u2714\ufe0f Puikiai tinka \u0161al\u010diui, v\u0117jui ir labai sausam orui<\/p>\n","protected":false},"featured_media":64734,"template":"","meta":[],"pwb-brand":[779],"product_brand":[],"product_cat":[760,654],"product_tag":[],"giftcard-category":[],"class_list":{"0":"post-77593","1":"product","2":"type-product","3":"status-publish","4":"has-post-thumbnail","6":"pwb-brand-ph-formula","7":"product_cat-lupu-prieziura","8":"product_cat-ph-formula","10":"first","11":"instock","12":"sale","13":"taxable","14":"shipping-taxable","15":"purchasable","16":"product-type-simple"},"acf":[],"brands":[{"id":779,"name":"pH Formula","slug":"ph-formula"}],"_links":{"self":[{"href":"https:\/\/skinstudio.ee\/lt\/wp-json\/wp\/v2\/product\/77593","targetHints":{"allow":["GET"]}}],"collection":[{"href":"https:\/\/skinstudio.ee\/lt\/wp-json\/wp\/v2\/product"}],"about":[{"href":"https:\/\/skinstudio.ee\/lt\/wp-json\/wp\/v2\/types\/product"}],"version-history":[{"count":1,"href":"https:\/\/skinstudio.ee\/lt\/wp-json\/wp\/v2\/product\/77593\/revisions"}],"predecessor-version":[{"id":77594,"href":"https:\/\/skinstudio.ee\/lt\/wp-json\/wp\/v2\/product\/77593\/revisions\/77594"}],"wp:featuredmedia":[{"embeddable":true,"href":"https:\/\/skinstudio.ee\/lt\/wp-json\/wp\/v2\/media\/64734"}],"wp:attachment":[{"href":"https:\/\/skinstudio.ee\/lt\/wp-json\/wp\/v2\/media?parent=77593"}],"wp:term":[{"taxonomy":"pwb-brand","embeddable":true,"href":"https:\/\/skinstudio.ee\/lt\/wp-json\/wp\/v2\/pwb-brand?post=77593"},{"taxonomy":"product_brand","embeddable":true,"href":"https:\/\/skinstudio.ee\/lt\/wp-json\/wp\/v2\/product_brand?post=77593"},{"taxonomy":"product_cat","embeddable":true,"href":"https:\/\/skinstudio.ee\/lt\/wp-json\/wp\/v2\/product_cat?post=77593"},{"taxonomy":"product_tag","embeddable":true,"href":"https:\/\/skinstudio.ee\/lt\/wp-json\/wp\/v2\/product_tag?post=77593"},{"taxonomy":"giftcard-category","embeddable":true,"href":"https:\/\/skinstudio.ee\/lt\/wp-json\/wp\/v2\/giftcard-category?post=77593"}],"curies":[{"name":"wp","href":"https:\/\/api.w.org\/{rel}","templated":true}]}}