{"id":77600,"date":"2025-07-08T10:59:47","date_gmt":"2025-07-08T10:59:47","guid":{"rendered":"https:\/\/skinstudio.ee\/?post_type=product&#038;p=77600"},"modified":"2026-02-13T15:29:17","modified_gmt":"2026-02-13T15:29:17","slug":"n-e-c-k-recovery","status":"publish","type":"product","link":"https:\/\/skinstudio.ee\/lt\/catalog\/ph-formula\/n-e-c-k-recovery\/","title":{"rendered":"N.E.C.K. Recovery"},"content":{"rendered":"<p data-start=\"5673\" data-end=\"5950\"><strong data-start=\"5673\" data-end=\"5708\">N.E.C.K. Recovery nuo pHformula<\/strong> yra kremas, sukurtas specialiai kaklo ir dekolt\u0117 srities odos prie\u017ei\u016brai, kur laikui b\u0117gant oda linkusi prarasti stangrum\u0105 ir tank\u012f. Formul\u0117 padeda akivaizd\u017eiai pagerinti odos i\u0161vaizd\u0105, padarydama j\u0105 stangresn\u0119, lygesn\u0119 ir labiau pri\u017ei\u016br\u0117t\u0105.<\/p>\n<p data-start=\"5952\" data-end=\"6165\">Kremas skirtas stiprinti od\u0105, gerinti elastingum\u0105 ir palaikyti optimal\u0173 dr\u0117gm\u0117s lyg\u012f. Jis padeda su\u0161velninti sen\u0117jimo po\u017eymi\u0173 i\u0161vaizd\u0105, i\u0161lygina odos tekst\u016br\u0105 ir suteikia odai gaivesn\u012f bei labiau spindint\u012f vaizd\u0105.<\/p>\n<p data-start=\"6167\" data-end=\"6205\"><strong data-start=\"6167\" data-end=\"6203\">Pagrindini\u0173 ingredient\u0173 poveikis<\/strong><\/p>\n<ul data-start=\"6206\" data-end=\"6504\">\n<li data-start=\"6206\" data-end=\"6292\">\n<p data-start=\"6208\" data-end=\"6292\"><strong data-start=\"6208\" data-end=\"6238\">Methylsilanol Mannuronate:<\/strong> padeda gerinti odos stangrum\u0105 ir palaiko odos tank\u012f<\/p>\n<\/li>\n<li data-start=\"6293\" data-end=\"6391\">\n<p data-start=\"6295\" data-end=\"6391\"><strong data-start=\"6295\" data-end=\"6318\">Sodium Hyaluronate:<\/strong> suteikia gil\u0173 dr\u0117kinim\u0105 ir padeda odai atrodyti lygesnei bei putlesnei<\/p>\n<\/li>\n<li data-start=\"6392\" data-end=\"6504\">\n<p data-start=\"6394\" data-end=\"6504\"><strong data-start=\"6394\" data-end=\"6441\">Hydrolyzed Manihot Esculenta Tuber Extract:<\/strong> palaiko odos tonus\u0105 ir padeda pagerinti bendr\u0105 odos i\u0161vaizd\u0105<\/p>\n<\/li>\n<\/ul>\n<p data-start=\"6506\" data-end=\"6635\">Tinka vis\u0173 tip\u0173 odai, ypa\u010d kaklo ir dekolt\u0117 sri\u010diai, kuriai b\u016bdingas stangrumo praradimas, suma\u017e\u0117j\u0119s tankis ir netolygi tekst\u016bra.<\/p>\n<p data-start=\"6637\" data-end=\"6653\"><strong data-start=\"6637\" data-end=\"6647\">T\u016bris:<\/strong> 50 ml<\/p>\n","protected":false},"excerpt":{"rendered":"<p data-start=\"6882\" data-end=\"6950\"><span style=\"color: #ff0000;\"><strong data-start=\"6882\" data-end=\"6950\">pHFormula produkt\u0173 pristatymas galimas tik Estijos teritorijoje.<\/strong><\/span><\/p>\n<p data-start=\"6952\" data-end=\"7138\"><span style=\"color: #ff0000;\">NB! Produkt\u0105 galima \u012fsigyti tik pasikonsultavus su specialistu. Skambinkite +372 58 500 171 arba ra\u0161ykite <a class=\"decorated-link cursor-pointer\" style=\"color: #ff0000;\" href=\"mailto:info@skinstudio.ee\" rel=\"noopener\" data-start=\"7058\" data-end=\"7076\">info@skinstudio.ee<\/a>. M\u016bs\u0173 konsultantai pad\u0117s \u012fsigyti \u0161io prek\u0117s \u017eenklo produktus.<\/span><\/p>\n<p data-start=\"7140\" data-end=\"7168\">Kremas kaklo ir dekolt\u0117 odai<\/p>\n<h2 data-start=\"7170\" data-end=\"7211\"><strong data-start=\"7170\" data-end=\"7211\">pHformula &#8211; N.E.C.K. Recovery Savyb\u0117s<\/strong><\/h2>\n<p data-start=\"7213\" data-end=\"7441\">\u2714\ufe0f Akivaizd\u017eiai stangrina ir pakelia kaklo bei dekolt\u0117 od\u0105<br data-start=\"7271\" data-end=\"7274\" \/>\u2714\ufe0f Gerina odos elastingum\u0105 ir stangrum\u0105<br data-start=\"7313\" data-end=\"7316\" \/>\u2714\ufe0f Intensyviai dr\u0117kina ir gerina dr\u0117gm\u0117s lyg\u012f<br data-start=\"7361\" data-end=\"7364\" \/>\u2714\ufe0f Padaro od\u0105 lygesn\u0119 ir tankesn\u0119 lie\u010diant<br data-start=\"7406\" data-end=\"7409\" \/>\u2714\ufe0f Gerina bendr\u0105 odos i\u0161vaizd\u0105<\/p>\n","protected":false},"featured_media":64739,"template":"","meta":[],"pwb-brand":[779],"product_brand":[],"product_cat":[736,654],"product_tag":[],"giftcard-category":[],"class_list":{"0":"post-77600","1":"product","2":"type-product","3":"status-publish","4":"has-post-thumbnail","6":"pwb-brand-ph-formula","7":"product_cat-dekolte-sritis","8":"product_cat-ph-formula-lt","10":"first","11":"instock","12":"taxable","13":"shipping-taxable","14":"purchasable","15":"product-type-simple"},"acf":[],"brands":[{"id":779,"name":"pH Formula","slug":"ph-formula"}],"_links":{"self":[{"href":"https:\/\/skinstudio.ee\/lt\/wp-json\/wp\/v2\/product\/77600","targetHints":{"allow":["GET"]}}],"collection":[{"href":"https:\/\/skinstudio.ee\/lt\/wp-json\/wp\/v2\/product"}],"about":[{"href":"https:\/\/skinstudio.ee\/lt\/wp-json\/wp\/v2\/types\/product"}],"version-history":[{"count":1,"href":"https:\/\/skinstudio.ee\/lt\/wp-json\/wp\/v2\/product\/77600\/revisions"}],"predecessor-version":[{"id":77601,"href":"https:\/\/skinstudio.ee\/lt\/wp-json\/wp\/v2\/product\/77600\/revisions\/77601"}],"wp:featuredmedia":[{"embeddable":true,"href":"https:\/\/skinstudio.ee\/lt\/wp-json\/wp\/v2\/media\/64739"}],"wp:attachment":[{"href":"https:\/\/skinstudio.ee\/lt\/wp-json\/wp\/v2\/media?parent=77600"}],"wp:term":[{"taxonomy":"pwb-brand","embeddable":true,"href":"https:\/\/skinstudio.ee\/lt\/wp-json\/wp\/v2\/pwb-brand?post=77600"},{"taxonomy":"product_brand","embeddable":true,"href":"https:\/\/skinstudio.ee\/lt\/wp-json\/wp\/v2\/product_brand?post=77600"},{"taxonomy":"product_cat","embeddable":true,"href":"https:\/\/skinstudio.ee\/lt\/wp-json\/wp\/v2\/product_cat?post=77600"},{"taxonomy":"product_tag","embeddable":true,"href":"https:\/\/skinstudio.ee\/lt\/wp-json\/wp\/v2\/product_tag?post=77600"},{"taxonomy":"giftcard-category","embeddable":true,"href":"https:\/\/skinstudio.ee\/lt\/wp-json\/wp\/v2\/giftcard-category?post=77600"}],"curies":[{"name":"wp","href":"https:\/\/api.w.org\/{rel}","templated":true}]}}