{"id":77607,"date":"2025-07-08T10:53:54","date_gmt":"2025-07-08T10:53:54","guid":{"rendered":"https:\/\/skinstudio.ee\/?post_type=product&#038;p=77607"},"modified":"2026-02-13T15:29:04","modified_gmt":"2026-02-13T15:29:04","slug":"body-firming-lotion","status":"publish","type":"product","link":"https:\/\/skinstudio.ee\/lt\/catalog\/ph-formula\/body-firming-lotion\/","title":{"rendered":"Body Firming Lotion"},"content":{"rendered":"<p data-start=\"4818\" data-end=\"5083\"><strong data-start=\"4818\" data-end=\"4855\">Body Firming Lotion nuo pHformula<\/strong> yra lengvos tekst\u016bros stangrinamasis k\u016bno losjonas, skirtas pagerinti odos tonus\u0105, stangrum\u0105 ir glotnum\u0105. Jis ypa\u010d tinka toms k\u016bno vietoms, kur oda linkusi prarasti tank\u012f ir elastingum\u0105, pavyzd\u017eiui, \u0161launims, pilvui ir rankoms.<\/p>\n<p data-start=\"5085\" data-end=\"5225\">Formul\u0117 padeda pagerinti odos tekst\u016br\u0105, padaryti od\u0105 lygesn\u0119 ir labiau pri\u017ei\u016br\u0117t\u0105, taip pat palaiko glotn\u0173 ir komforti\u0161k\u0105 poj\u016bt\u012f be lipnumo.<\/p>\n<p data-start=\"5227\" data-end=\"5265\"><strong data-start=\"5227\" data-end=\"5263\">Pagrindini\u0173 ingredient\u0173 poveikis<\/strong><\/p>\n<ul data-start=\"5266\" data-end=\"5502\">\n<li data-start=\"5266\" data-end=\"5357\">\n<p data-start=\"5268\" data-end=\"5357\"><strong data-start=\"5268\" data-end=\"5286\">Glycolic Acid:<\/strong> padeda pagerinti odos mikroreljef\u0105 ir palaiko atsinaujinimo procesus<\/p>\n<\/li>\n<li data-start=\"5358\" data-end=\"5429\">\n<p data-start=\"5360\" data-end=\"5429\"><strong data-start=\"5360\" data-end=\"5369\">Urea:<\/strong> intensyviai dr\u0117kina ir padaro od\u0105 glotnesn\u0119 bei \u0161velnesn\u0119<\/p>\n<\/li>\n<li data-start=\"5430\" data-end=\"5502\">\n<p data-start=\"5432\" data-end=\"5502\"><strong data-start=\"5432\" data-end=\"5459\">Palmitoyl Tripeptide-1:<\/strong> padeda palaikyti odos stangrum\u0105 ir tank\u012f<\/p>\n<\/li>\n<\/ul>\n<p data-start=\"5504\" data-end=\"5576\">Tinka vis\u0173 tip\u0173 odai, ypa\u010d k\u016bno odai su suma\u017e\u0117jusiu tonusu ir stangrumu.<\/p>\n<p data-start=\"5578\" data-end=\"5595\"><strong data-start=\"5578\" data-end=\"5588\">T\u016bris:<\/strong> 200 ml<\/p>\n","protected":false},"excerpt":{"rendered":"<p data-start=\"5725\" data-end=\"5793\"><span style=\"color: #ff0000;\"><strong data-start=\"5725\" data-end=\"5793\">pHFormula produkt\u0173 pristatymas galimas tik Estijos teritorijoje.<\/strong><\/span><\/p>\n<p data-start=\"5795\" data-end=\"5981\"><span style=\"color: #ff0000;\">NB! Produkt\u0105 galima \u012fsigyti tik pasikonsultavus su specialistu. Skambinkite +372 58 500 171 arba ra\u0161ykite <a class=\"decorated-link cursor-pointer\" style=\"color: #ff0000;\" href=\"mailto:info@skinstudio.ee\" rel=\"noopener\" data-start=\"5901\" data-end=\"5919\">info@skinstudio.ee<\/a>. M\u016bs\u0173 konsultantai pad\u0117s \u012fsigyti \u0161io prek\u0117s \u017eenklo produktus.<\/span><\/p>\n<p data-start=\"5983\" data-end=\"6019\">Lengvas stangrinamasis k\u016bno losjonas<\/p>\n<h2 data-start=\"6021\" data-end=\"6064\"><strong data-start=\"6021\" data-end=\"6064\">pHformula &#8211; Body Firming Lotion Savyb\u0117s<\/strong><\/h2>\n<p data-start=\"6066\" data-end=\"6302\">\u2714\ufe0f Akivaizd\u017eiai gerina odos stangrum\u0105 ir tank\u012f<br data-start=\"6112\" data-end=\"6115\" \/>\u2714\ufe0f Padaro od\u0105 lygesn\u0119 ir tolygesn\u0119<br data-start=\"6149\" data-end=\"6152\" \/>\u2714\ufe0f Padeda palaikyti odos tonus\u0105 ir tvirtesn\u0119 i\u0161vaizd\u0105<br data-start=\"6205\" data-end=\"6208\" \/>\u2714\ufe0f Palaiko odos atsinaujinim\u0105 ir gerina tekst\u016br\u0105<br data-start=\"6256\" data-end=\"6259\" \/>\u2714\ufe0f Greitai susigeria ir nepalieka lipnumo<\/p>\n","protected":false},"featured_media":64978,"template":"","meta":[],"pwb-brand":[779],"product_brand":[],"product_cat":[758,654],"product_tag":[],"giftcard-category":[],"class_list":{"0":"post-77607","1":"product","2":"type-product","3":"status-publish","4":"has-post-thumbnail","6":"pwb-brand-ph-formula","7":"product_cat-kuno-prieziura","8":"product_cat-ph-formula-lt","10":"first","11":"instock","12":"taxable","13":"shipping-taxable","14":"purchasable","15":"product-type-simple"},"acf":[],"brands":[{"id":779,"name":"pH Formula","slug":"ph-formula"}],"_links":{"self":[{"href":"https:\/\/skinstudio.ee\/lt\/wp-json\/wp\/v2\/product\/77607","targetHints":{"allow":["GET"]}}],"collection":[{"href":"https:\/\/skinstudio.ee\/lt\/wp-json\/wp\/v2\/product"}],"about":[{"href":"https:\/\/skinstudio.ee\/lt\/wp-json\/wp\/v2\/types\/product"}],"version-history":[{"count":1,"href":"https:\/\/skinstudio.ee\/lt\/wp-json\/wp\/v2\/product\/77607\/revisions"}],"predecessor-version":[{"id":77608,"href":"https:\/\/skinstudio.ee\/lt\/wp-json\/wp\/v2\/product\/77607\/revisions\/77608"}],"wp:featuredmedia":[{"embeddable":true,"href":"https:\/\/skinstudio.ee\/lt\/wp-json\/wp\/v2\/media\/64978"}],"wp:attachment":[{"href":"https:\/\/skinstudio.ee\/lt\/wp-json\/wp\/v2\/media?parent=77607"}],"wp:term":[{"taxonomy":"pwb-brand","embeddable":true,"href":"https:\/\/skinstudio.ee\/lt\/wp-json\/wp\/v2\/pwb-brand?post=77607"},{"taxonomy":"product_brand","embeddable":true,"href":"https:\/\/skinstudio.ee\/lt\/wp-json\/wp\/v2\/product_brand?post=77607"},{"taxonomy":"product_cat","embeddable":true,"href":"https:\/\/skinstudio.ee\/lt\/wp-json\/wp\/v2\/product_cat?post=77607"},{"taxonomy":"product_tag","embeddable":true,"href":"https:\/\/skinstudio.ee\/lt\/wp-json\/wp\/v2\/product_tag?post=77607"},{"taxonomy":"giftcard-category","embeddable":true,"href":"https:\/\/skinstudio.ee\/lt\/wp-json\/wp\/v2\/giftcard-category?post=77607"}],"curies":[{"name":"wp","href":"https:\/\/api.w.org\/{rel}","templated":true}]}}