{"id":77614,"date":"2025-07-08T10:12:45","date_gmt":"2025-07-08T10:12:45","guid":{"rendered":"https:\/\/skinstudio.ee\/?post_type=product&#038;p=77614"},"modified":"2026-02-13T15:29:04","modified_gmt":"2026-02-13T15:29:04","slug":"body-contouring-gel","status":"publish","type":"product","link":"https:\/\/skinstudio.ee\/lt\/catalog\/ph-formula\/body-contouring-gel\/","title":{"rendered":"Body Contouring Gel"},"content":{"rendered":"<p data-start=\"5079\" data-end=\"5354\"><strong data-start=\"5079\" data-end=\"5116\">Body Contouring Gel nuo pHformula<\/strong> yra lengvos tekst\u016bros v\u0117sinamasis k\u016bno gelis, skirtas pagerinti k\u016bno kont\u016brus, suma\u017einti paburkim\u0105 ir padidinti odos stangrum\u0105. Jis ypa\u010d tinka toms k\u016bno vietoms, kur oda linkusi prarasti tonus\u0105, pavyzd\u017eiui, \u0161launims, s\u0117dmenims ir pilvui.<\/p>\n<p data-start=\"5356\" data-end=\"5546\">Gelis greitai susigeria, nepalieka lipnumo poj\u016b\u010dio ir suteikia odai greit\u0105 gaivumo bei lengvumo poj\u016bt\u012f. Formul\u0117 padeda pagerinti odos i\u0161vaizd\u0105, padarydama j\u0105 vizualiai stangresn\u0119 ir lygesn\u0119.<\/p>\n<p data-start=\"5548\" data-end=\"5586\"><strong data-start=\"5548\" data-end=\"5584\">Pagrindini\u0173 ingredient\u0173 poveikis<\/strong><\/p>\n<ul data-start=\"5587\" data-end=\"5821\">\n<li data-start=\"5587\" data-end=\"5662\">\n<p data-start=\"5589\" data-end=\"5662\"><strong data-start=\"5589\" data-end=\"5602\">Caffeine:<\/strong> padeda ma\u017einti paburkimo po\u017eymius ir gerina odos i\u0161vaizd\u0105<\/p>\n<\/li>\n<li data-start=\"5663\" data-end=\"5726\">\n<p data-start=\"5665\" data-end=\"5726\"><strong data-start=\"5665\" data-end=\"5677\">Menthol:<\/strong> suteikia ry\u0161k\u0173 v\u0117sinant\u012f ir gaivinant\u012f poveik\u012f<\/p>\n<\/li>\n<li data-start=\"5727\" data-end=\"5821\">\n<p data-start=\"5729\" data-end=\"5821\"><strong data-start=\"5729\" data-end=\"5759\">Fucus Vesiculosus Extract:<\/strong> padeda palaikyti odos tonus\u0105 ir gerina bendr\u0105 odos i\u0161vaizd\u0105<\/p>\n<\/li>\n<\/ul>\n<p data-start=\"5823\" data-end=\"5934\">Tinka vis\u0173 tip\u0173 odai, \u012fskaitant jautri\u0105, ypa\u010d odai, linkusiai \u012f paburkim\u0105, sunkumo poj\u016bt\u012f ir suma\u017e\u0117jus\u012f tonus\u0105.<\/p>\n<p data-start=\"5936\" data-end=\"5953\"><strong data-start=\"5936\" data-end=\"5946\">T\u016bris:<\/strong> 200 ml<\/p>\n","protected":false},"excerpt":{"rendered":"<p data-start=\"6075\" data-end=\"6143\"><span style=\"color: #ff0000;\"><strong data-start=\"6075\" data-end=\"6143\">pHFormula produkt\u0173 pristatymas galimas tik Estijos teritorijoje.<\/strong><\/span><\/p>\n<p data-start=\"6145\" data-end=\"6331\"><span style=\"color: #ff0000;\">NB! Produkt\u0105 galima \u012fsigyti tik pasikonsultavus su specialistu. Skambinkite +372 58 500 171 arba ra\u0161ykite <a class=\"decorated-link cursor-pointer\" style=\"color: #ff0000;\" href=\"mailto:info@skinstudio.ee\" rel=\"noopener\" data-start=\"6251\" data-end=\"6269\">info@skinstudio.ee<\/a>. M\u016bs\u0173 konsultantai pad\u0117s \u012fsigyti \u0161io prek\u0117s \u017eenklo produktus.<\/span><\/p>\n<p data-start=\"6333\" data-end=\"6396\">V\u0117sinamasis k\u016bno gelis su drenuojan\u010diu ir formuojan\u010diu poveikiu<\/p>\n<h2 data-start=\"6398\" data-end=\"6441\"><strong data-start=\"6398\" data-end=\"6441\">pHformula &#8211; Body Contouring Gel Savyb\u0117s<\/strong><\/h2>\n<p data-start=\"6443\" data-end=\"6654\">\u2714\ufe0f I\u0161kart gaivina ir v\u0117sina od\u0105<br data-start=\"6474\" data-end=\"6477\" \/>\u2714\ufe0f Padeda suma\u017einti paburkim\u0105 ir sunkumo poj\u016bt\u012f<br data-start=\"6524\" data-end=\"6527\" \/>\u2714\ufe0f Gerina odos tonus\u0105 ir stangrum\u0105<br data-start=\"6561\" data-end=\"6564\" \/>\u2714\ufe0f Padaro k\u016bno kont\u016brus vizualiai ry\u0161kesnius<br data-start=\"6608\" data-end=\"6611\" \/>\u2714\ufe0f Greitai susigeria ir nepalieka lipnumo<\/p>\n","protected":false},"featured_media":64983,"template":"","meta":[],"pwb-brand":[779],"product_brand":[],"product_cat":[758,654],"product_tag":[],"giftcard-category":[],"class_list":{"0":"post-77614","1":"product","2":"type-product","3":"status-publish","4":"has-post-thumbnail","6":"pwb-brand-ph-formula","7":"product_cat-kuno-prieziura","8":"product_cat-ph-formula-lt","10":"first","11":"instock","12":"taxable","13":"shipping-taxable","14":"purchasable","15":"product-type-simple"},"acf":[],"brands":[{"id":779,"name":"pH Formula","slug":"ph-formula"}],"_links":{"self":[{"href":"https:\/\/skinstudio.ee\/lt\/wp-json\/wp\/v2\/product\/77614","targetHints":{"allow":["GET"]}}],"collection":[{"href":"https:\/\/skinstudio.ee\/lt\/wp-json\/wp\/v2\/product"}],"about":[{"href":"https:\/\/skinstudio.ee\/lt\/wp-json\/wp\/v2\/types\/product"}],"version-history":[{"count":1,"href":"https:\/\/skinstudio.ee\/lt\/wp-json\/wp\/v2\/product\/77614\/revisions"}],"predecessor-version":[{"id":77615,"href":"https:\/\/skinstudio.ee\/lt\/wp-json\/wp\/v2\/product\/77614\/revisions\/77615"}],"wp:featuredmedia":[{"embeddable":true,"href":"https:\/\/skinstudio.ee\/lt\/wp-json\/wp\/v2\/media\/64983"}],"wp:attachment":[{"href":"https:\/\/skinstudio.ee\/lt\/wp-json\/wp\/v2\/media?parent=77614"}],"wp:term":[{"taxonomy":"pwb-brand","embeddable":true,"href":"https:\/\/skinstudio.ee\/lt\/wp-json\/wp\/v2\/pwb-brand?post=77614"},{"taxonomy":"product_brand","embeddable":true,"href":"https:\/\/skinstudio.ee\/lt\/wp-json\/wp\/v2\/product_brand?post=77614"},{"taxonomy":"product_cat","embeddable":true,"href":"https:\/\/skinstudio.ee\/lt\/wp-json\/wp\/v2\/product_cat?post=77614"},{"taxonomy":"product_tag","embeddable":true,"href":"https:\/\/skinstudio.ee\/lt\/wp-json\/wp\/v2\/product_tag?post=77614"},{"taxonomy":"giftcard-category","embeddable":true,"href":"https:\/\/skinstudio.ee\/lt\/wp-json\/wp\/v2\/giftcard-category?post=77614"}],"curies":[{"name":"wp","href":"https:\/\/api.w.org\/{rel}","templated":true}]}}