{"id":77622,"date":"2025-07-06T11:36:35","date_gmt":"2025-07-06T11:36:35","guid":{"rendered":"https:\/\/skinstudio.ee\/?post_type=product&#038;p=77622"},"modified":"2026-02-13T15:29:12","modified_gmt":"2026-02-13T15:29:12","slug":"md-age-active-recovery","status":"publish","type":"product","link":"https:\/\/skinstudio.ee\/lt\/catalog\/ph-formula\/md-age-active-recovery\/","title":{"rendered":"MD AGE Active Recovery"},"content":{"rendered":"<p data-start=\"6248\" data-end=\"6537\"><strong data-start=\"6248\" data-end=\"6288\">MD AGE Active Recovery nuo pHformula<\/strong> yra intensyvus atkuriamasis koncentratas, skirtas palaikyti od\u0105 profesionali\u0173 odos atnaujinimo proced\u016br\u0173 metu ir atsigavimo laikotarpiu po j\u0173. Jis padeda akivaizd\u017eiai pagerinti odos i\u0161vaizd\u0105, padarydamas j\u0105 lygesn\u0119, stangresn\u0119 ir labiau pri\u017ei\u016br\u0117t\u0105.<\/p>\n<p data-start=\"6539\" data-end=\"6810\">Formul\u0117 skirta kompleksinei su am\u017eiumi susijusi\u0173 poky\u010di\u0173 korekcijai: ji palaiko odos atsinaujinim\u0105, padeda suvienodinti odos atspalv\u012f, gerina tekst\u016br\u0105 ir didina stangrum\u0105. Koncentratas taip pat padeda stiprinti odos barjer\u0105 ir palaikyti sveikesn\u0119, gaivesn\u0119 odos i\u0161vaizd\u0105.<\/p>\n<p data-start=\"6812\" data-end=\"6850\"><strong data-start=\"6812\" data-end=\"6848\">Pagrindini\u0173 ingredient\u0173 poveikis<\/strong><\/p>\n<ul data-start=\"6851\" data-end=\"7135\">\n<li data-start=\"6851\" data-end=\"6949\">\n<p data-start=\"6853\" data-end=\"6949\"><strong data-start=\"6853\" data-end=\"6865\">Retinol:<\/strong> palaiko odos atsinaujinim\u0105, gerina tekst\u016br\u0105 ir padeda suma\u017einti rauk\u0161li\u0173 matomum\u0105<\/p>\n<\/li>\n<li data-start=\"6950\" data-end=\"7046\">\n<p data-start=\"6952\" data-end=\"7046\"><strong data-start=\"6952\" data-end=\"6968\">Niacinamide:<\/strong> padeda suvienodinti odos atspalv\u012f, stiprina odos barjer\u0105 ir ma\u017eina jautrum\u0105<\/p>\n<\/li>\n<li data-start=\"7047\" data-end=\"7135\">\n<p data-start=\"7049\" data-end=\"7135\"><strong data-start=\"7049\" data-end=\"7064\">Pycnogenol:<\/strong> suteikia stipri\u0105 antioksidacin\u0119 apsaug\u0105 ir palaiko bendr\u0105 odos b\u016bkl\u0119<\/p>\n<\/li>\n<\/ul>\n<p data-start=\"7137\" data-end=\"7270\">Tinka vis\u0173 tip\u0173 odai, ypa\u010d odai su matomais sen\u0117jimo po\u017eymiais, netolygiu atspalviu, suma\u017e\u0117jusiu stangrumu ir fotosen\u0117jimo po\u017eymiais.<\/p>\n<p data-start=\"7272\" data-end=\"7288\"><strong data-start=\"7272\" data-end=\"7282\">T\u016bris:<\/strong> 50 ml<\/p>\n","protected":false},"excerpt":{"rendered":"<p data-start=\"7624\" data-end=\"7692\"><span style=\"color: #ff0000;\"><strong data-start=\"7624\" data-end=\"7692\">pHFormula produkt\u0173 pristatymas galimas tik Estijos teritorijoje.<\/strong><\/span><\/p>\n<p data-start=\"7694\" data-end=\"7880\"><span style=\"color: #ff0000;\">NB! Produkt\u0105 galima \u012fsigyti tik pasikonsultavus su specialistu. Skambinkite +372 58 500 171 arba ra\u0161ykite <a class=\"decorated-link cursor-pointer\" style=\"color: #ff0000;\" href=\"mailto:info@skinstudio.ee\" rel=\"noopener\" data-start=\"7800\" data-end=\"7818\">info@skinstudio.ee<\/a>. M\u016bs\u0173 konsultantai pad\u0117s \u012fsigyti \u0161io prek\u0117s \u017eenklo produktus.<\/span><\/p>\n<p data-start=\"7882\" data-end=\"7940\">Koncentratas brand\u017eiai odai su matomais sen\u0117jimo po\u017eymiais<\/p>\n<h2 data-start=\"7942\" data-end=\"7988\"><strong data-start=\"7942\" data-end=\"7988\">pHformula &#8211; MD AGE Active Recovery Savyb\u0117s<\/strong><\/h2>\n<p data-start=\"7990\" data-end=\"8237\">\u2714\ufe0f Akivaizd\u017eiai suma\u017eina rauk\u0161li\u0173 ir nelygum\u0173 matomum\u0105<br data-start=\"8044\" data-end=\"8047\" \/>\u2714\ufe0f Gerina odos stangrum\u0105 ir tank\u012f<br data-start=\"8080\" data-end=\"8083\" \/>\u2714\ufe0f Gerina odos tekst\u016br\u0105 ir suvienodina atspalv\u012f<br data-start=\"8130\" data-end=\"8133\" \/>\u2714\ufe0f Palaiko odos atsinaujinim\u0105 ir atsistatym\u0105<br data-start=\"8177\" data-end=\"8180\" \/>\u2714\ufe0f Suteikia odai gaivesn\u0119 ir labiau pri\u017ei\u016br\u0117t\u0105 i\u0161vaizd\u0105<\/p>\n","protected":false},"featured_media":64760,"template":"","meta":[],"pwb-brand":[779],"product_brand":[],"product_cat":[654,750,724],"product_tag":[],"giftcard-category":[],"class_list":{"0":"post-77622","1":"product","2":"type-product","3":"status-publish","4":"has-post-thumbnail","6":"pwb-brand-ph-formula","7":"product_cat-ph-formula-lt","8":"product_cat-senstanti-oda","9":"product_cat-serumai","11":"first","12":"instock","13":"taxable","14":"shipping-taxable","15":"purchasable","16":"product-type-simple"},"acf":[],"brands":[{"id":779,"name":"pH Formula","slug":"ph-formula"}],"_links":{"self":[{"href":"https:\/\/skinstudio.ee\/lt\/wp-json\/wp\/v2\/product\/77622","targetHints":{"allow":["GET"]}}],"collection":[{"href":"https:\/\/skinstudio.ee\/lt\/wp-json\/wp\/v2\/product"}],"about":[{"href":"https:\/\/skinstudio.ee\/lt\/wp-json\/wp\/v2\/types\/product"}],"version-history":[{"count":1,"href":"https:\/\/skinstudio.ee\/lt\/wp-json\/wp\/v2\/product\/77622\/revisions"}],"predecessor-version":[{"id":77623,"href":"https:\/\/skinstudio.ee\/lt\/wp-json\/wp\/v2\/product\/77622\/revisions\/77623"}],"wp:featuredmedia":[{"embeddable":true,"href":"https:\/\/skinstudio.ee\/lt\/wp-json\/wp\/v2\/media\/64760"}],"wp:attachment":[{"href":"https:\/\/skinstudio.ee\/lt\/wp-json\/wp\/v2\/media?parent=77622"}],"wp:term":[{"taxonomy":"pwb-brand","embeddable":true,"href":"https:\/\/skinstudio.ee\/lt\/wp-json\/wp\/v2\/pwb-brand?post=77622"},{"taxonomy":"product_brand","embeddable":true,"href":"https:\/\/skinstudio.ee\/lt\/wp-json\/wp\/v2\/product_brand?post=77622"},{"taxonomy":"product_cat","embeddable":true,"href":"https:\/\/skinstudio.ee\/lt\/wp-json\/wp\/v2\/product_cat?post=77622"},{"taxonomy":"product_tag","embeddable":true,"href":"https:\/\/skinstudio.ee\/lt\/wp-json\/wp\/v2\/product_tag?post=77622"},{"taxonomy":"giftcard-category","embeddable":true,"href":"https:\/\/skinstudio.ee\/lt\/wp-json\/wp\/v2\/giftcard-category?post=77622"}],"curies":[{"name":"wp","href":"https:\/\/api.w.org\/{rel}","templated":true}]}}