{"id":77631,"date":"2025-07-06T11:35:34","date_gmt":"2025-07-06T11:35:34","guid":{"rendered":"https:\/\/skinstudio.ee\/?post_type=product&#038;p=77631"},"modified":"2026-02-13T15:29:13","modified_gmt":"2026-02-13T15:29:13","slug":"md-mela-active-recovery","status":"publish","type":"product","link":"https:\/\/skinstudio.ee\/lt\/catalog\/ph-formula\/md-mela-active-recovery\/","title":{"rendered":"MD MELA Active Recovery"},"content":{"rendered":"<p data-start=\"5552\" data-end=\"5807\"><strong data-start=\"5552\" data-end=\"5593\">MD MELA Active Recovery nuo pHformula<\/strong> yra koncentruotas serumas, skirtas palaikyti odos atk\u016brim\u0105 ir koreguoti pigmentacij\u0105. Jis padeda pagreitinti odos atsinaujinim\u0105, pagerinti bendr\u0105 odos i\u0161vaizd\u0105 ir suteikti veidui tolygesn\u012f bei skaistesn\u012f atspalv\u012f.<\/p>\n<p data-start=\"5809\" data-end=\"6082\">Formul\u0117 kompleksi\u0161kai veikia netolyg\u0173 odos atspalv\u012f: ji padeda \u0161viesinti esamas pigmentines d\u0117mes, palaiko odos atsinaujinim\u0105 ir ma\u017eina naujos pigmentacijos atsiradimo rizik\u0105. Serumas gali b\u016bti naudojamas tiek profesionali\u0173 proced\u016br\u0173 metu, tiek kasdien\u0117je nam\u0173 prie\u017ei\u016broje.<\/p>\n<p data-start=\"6084\" data-end=\"6122\"><strong data-start=\"6084\" data-end=\"6120\">Pagrindini\u0173 ingredient\u0173 poveikis<\/strong><\/p>\n<ul data-start=\"6123\" data-end=\"6382\">\n<li data-start=\"6123\" data-end=\"6219\">\n<p data-start=\"6125\" data-end=\"6219\"><strong data-start=\"6125\" data-end=\"6145\">Tranexamic Acid:<\/strong> padeda ma\u017einti pigmentini\u0173 d\u0117mi\u0173 matomum\u0105 ir suvienodinti odos atspalv\u012f<\/p>\n<\/li>\n<li data-start=\"6220\" data-end=\"6309\">\n<p data-start=\"6222\" data-end=\"6309\"><strong data-start=\"6222\" data-end=\"6238\">Niacinamide:<\/strong> padeda pagerinti odos ton\u0105, stiprina odos barjer\u0105 ir ma\u017eina jautrum\u0105<\/p>\n<\/li>\n<li data-start=\"6310\" data-end=\"6382\">\n<p data-start=\"6312\" data-end=\"6382\"><strong data-start=\"6312\" data-end=\"6330\">Mandelic Acid:<\/strong> skatina odos atsinaujinim\u0105 ir gerina jos tekst\u016br\u0105<\/p>\n<\/li>\n<\/ul>\n<p data-start=\"6384\" data-end=\"6507\">Tinka vis\u0173 tip\u0173 odai, ypa\u010d odai su netolygiu atspalviu, pigmentacija, papilk\u0117jusia i\u0161vaizda ir po akn\u0117s likusiomis \u017eym\u0117mis.<\/p>\n<p data-start=\"6509\" data-end=\"6525\"><strong data-start=\"6509\" data-end=\"6519\">T\u016bris:<\/strong> 50 ml<\/p>\n","protected":false},"excerpt":{"rendered":"<p data-start=\"6692\" data-end=\"6760\"><span style=\"color: #ff0000;\"><strong data-start=\"6692\" data-end=\"6760\">pHFormula produkt\u0173 pristatymas galimas tik Estijos teritorijoje.<\/strong><\/span><\/p>\n<p data-start=\"6762\" data-end=\"6948\"><span style=\"color: #ff0000;\">NB! Produkt\u0105 galima \u012fsigyti tik pasikonsultavus su specialistu. Skambinkite +372 58 500 171 arba ra\u0161ykite <a class=\"decorated-link cursor-pointer\" style=\"color: #ff0000;\" href=\"mailto:info@skinstudio.ee\" rel=\"noopener\" data-start=\"6868\" data-end=\"6886\">info@skinstudio.ee<\/a>. M\u016bs\u0173 konsultantai pad\u0117s \u012fsigyti \u0161io prek\u0117s \u017eenklo produktus.<\/span><\/p>\n<p data-start=\"6950\" data-end=\"6982\">Serumas pigmentacijos korekcijai<\/p>\n<h2 data-start=\"6984\" data-end=\"7031\"><strong data-start=\"6984\" data-end=\"7031\">pHformula &#8211; MD MELA Active Recovery Savyb\u0117s<\/strong><\/h2>\n<p data-start=\"7033\" data-end=\"7298\">\u2714\ufe0f Akivaizd\u017eiai \u0161viesina pigmentines d\u0117mes ir suvienodina odos atspalv\u012f<br data-start=\"7104\" data-end=\"7107\" \/>\u2714\ufe0f Suteikia odai daugiau skaistumo ir gaivumo<br data-start=\"7152\" data-end=\"7155\" \/>\u2714\ufe0f Palaiko odos atsinaujinim\u0105 ir gerina tekst\u016br\u0105<br data-start=\"7203\" data-end=\"7206\" \/>\u2714\ufe0f Ma\u017eina pakartotin\u0117s pigmentacijos rizik\u0105<br data-start=\"7249\" data-end=\"7252\" \/>\u2714\ufe0f Gerina bendr\u0105 odos vientisum\u0105 ir i\u0161vaizd\u0105<\/p>\n","protected":false},"featured_media":64765,"template":"","meta":[],"pwb-brand":[779],"product_brand":[],"product_cat":[654,752,724],"product_tag":[],"giftcard-category":[],"class_list":{"0":"post-77631","1":"product","2":"type-product","3":"status-publish","4":"has-post-thumbnail","6":"pwb-brand-ph-formula","7":"product_cat-ph-formula-lt","8":"product_cat-pigmentacija-lt","9":"product_cat-serumai","11":"first","12":"instock","13":"taxable","14":"shipping-taxable","15":"purchasable","16":"product-type-simple"},"acf":[],"brands":[{"id":779,"name":"pH Formula","slug":"ph-formula"}],"_links":{"self":[{"href":"https:\/\/skinstudio.ee\/lt\/wp-json\/wp\/v2\/product\/77631","targetHints":{"allow":["GET"]}}],"collection":[{"href":"https:\/\/skinstudio.ee\/lt\/wp-json\/wp\/v2\/product"}],"about":[{"href":"https:\/\/skinstudio.ee\/lt\/wp-json\/wp\/v2\/types\/product"}],"version-history":[{"count":1,"href":"https:\/\/skinstudio.ee\/lt\/wp-json\/wp\/v2\/product\/77631\/revisions"}],"predecessor-version":[{"id":77632,"href":"https:\/\/skinstudio.ee\/lt\/wp-json\/wp\/v2\/product\/77631\/revisions\/77632"}],"wp:featuredmedia":[{"embeddable":true,"href":"https:\/\/skinstudio.ee\/lt\/wp-json\/wp\/v2\/media\/64765"}],"wp:attachment":[{"href":"https:\/\/skinstudio.ee\/lt\/wp-json\/wp\/v2\/media?parent=77631"}],"wp:term":[{"taxonomy":"pwb-brand","embeddable":true,"href":"https:\/\/skinstudio.ee\/lt\/wp-json\/wp\/v2\/pwb-brand?post=77631"},{"taxonomy":"product_brand","embeddable":true,"href":"https:\/\/skinstudio.ee\/lt\/wp-json\/wp\/v2\/product_brand?post=77631"},{"taxonomy":"product_cat","embeddable":true,"href":"https:\/\/skinstudio.ee\/lt\/wp-json\/wp\/v2\/product_cat?post=77631"},{"taxonomy":"product_tag","embeddable":true,"href":"https:\/\/skinstudio.ee\/lt\/wp-json\/wp\/v2\/product_tag?post=77631"},{"taxonomy":"giftcard-category","embeddable":true,"href":"https:\/\/skinstudio.ee\/lt\/wp-json\/wp\/v2\/giftcard-category?post=77631"}],"curies":[{"name":"wp","href":"https:\/\/api.w.org\/{rel}","templated":true}]}}