{"id":77638,"date":"2025-07-06T11:34:28","date_gmt":"2025-07-06T11:34:28","guid":{"rendered":"https:\/\/skinstudio.ee\/?post_type=product&#038;p=77638"},"modified":"2026-02-13T15:29:13","modified_gmt":"2026-02-13T15:29:13","slug":"md-eye-recovery","status":"publish","type":"product","link":"https:\/\/skinstudio.ee\/lt\/catalog\/ph-formula\/md-eye-recovery\/","title":{"rendered":"MD Eye Recovery"},"content":{"rendered":"<p data-start=\"6424\" data-end=\"6647\"><strong data-start=\"6424\" data-end=\"6457\">MD Eye Recovery nuo pHformula<\/strong> yra daugiafunkcis produktas aki\u0173 zonai, skirtas rauk\u0161li\u0173, patams\u0117jim\u0173 ir paburkimo ma\u017einimui. Formul\u0117 suderina auk\u0161t\u0105 efektyvum\u0105 ir \u0161veln\u0173 poveik\u012f, suteikdama matom\u0173 rezultat\u0173 be dirginimo.<\/p>\n<p data-start=\"6649\" data-end=\"6844\">Priemon\u0117 padeda sustiprinti od\u0105, pagerinti jos tank\u012f ir glotnum\u0105, taip pat suteikia matom\u0105 stangrinam\u0105j\u012f efekt\u0105, \u012fskaitant antaki\u0173 srit\u012f. Tinka kasdieniam naudojimui ir naudojimui proced\u016br\u0173 metu.<\/p>\n<p data-start=\"6846\" data-end=\"6884\"><strong data-start=\"6846\" data-end=\"6882\">Pagrindini\u0173 ingredient\u0173 poveikis<\/strong><\/p>\n<ul data-start=\"6885\" data-end=\"7160\">\n<li data-start=\"6885\" data-end=\"7006\">\n<p data-start=\"6887\" data-end=\"7006\"><strong data-start=\"6887\" data-end=\"6901\">Bakuchiol:<\/strong> augalin\u0117 retinolio alternatyva, padeda gerinti odos tekst\u016br\u0105 ir ma\u017einti rauk\u0161li\u0173 matomum\u0105 be dirginimo<\/p>\n<\/li>\n<li data-start=\"7007\" data-end=\"7088\">\n<p data-start=\"7009\" data-end=\"7088\"><strong data-start=\"7009\" data-end=\"7029\">Peptide Complex:<\/strong> padeda palaikyti odos stangrum\u0105 ir gerina odos strukt\u016br\u0105<\/p>\n<\/li>\n<li data-start=\"7089\" data-end=\"7160\">\n<p data-start=\"7091\" data-end=\"7160\"><strong data-start=\"7091\" data-end=\"7108\">Chrysinimide:<\/strong> padeda ma\u017einti patams\u0117jimus ir nuovargio po\u017eymius<\/p>\n<\/li>\n<\/ul>\n<p data-start=\"7162\" data-end=\"7291\">Tinka vis\u0173 tip\u0173 odai, taip pat jautriai, ypa\u010d esant rauk\u0161l\u0117ms, paburkimui, patams\u0117jimams ir suma\u017e\u0117jusiam stangrumui aki\u0173 srityje.<\/p>\n<p data-start=\"7293\" data-end=\"7309\"><strong data-start=\"7293\" data-end=\"7303\">T\u016bris:<\/strong> 20 ml<\/p>\n","protected":false},"excerpt":{"rendered":"<p data-start=\"7769\" data-end=\"7837\"><span style=\"color: #ff0000;\"><strong data-start=\"7769\" data-end=\"7837\">pHFormula produkt\u0173 pristatymas galimas tik Estijos teritorijoje.<\/strong><\/span><\/p>\n<p data-start=\"7839\" data-end=\"8025\"><span style=\"color: #ff0000;\">NB! Produkt\u0105 galima \u012fsigyti tik pasikonsultavus su specialistu. Skambinkite +372 58 500 171 arba ra\u0161ykite <a class=\"decorated-link cursor-pointer\" style=\"color: #ff0000;\" href=\"mailto:info@skinstudio.ee\" rel=\"noopener\" data-start=\"7945\" data-end=\"7963\">info@skinstudio.ee<\/a>. M\u016bs\u0173 konsultantai pad\u0117s \u012fsigyti \u0161io prek\u0117s \u017eenklo produktus.<\/span><\/p>\n<p data-start=\"8027\" data-end=\"8063\">Daugiafunkcis produktas aki\u0173 sri\u010diai<\/p>\n<h2 data-start=\"8065\" data-end=\"8104\"><strong data-start=\"8065\" data-end=\"8104\">pHformula &#8211; MD Eye Recovery Savyb\u0117s<\/strong><\/h2>\n<p data-start=\"8106\" data-end=\"8366\">\u2714\ufe0f Akivaizd\u017eiai ma\u017eina rauk\u0161li\u0173 ir smulki\u0173 linij\u0173 matomum\u0105<br data-start=\"8164\" data-end=\"8167\" \/>\u2714\ufe0f Padeda suma\u017einti patams\u0117jimus ir paburkim\u0105<br data-start=\"8212\" data-end=\"8215\" \/>\u2714\ufe0f Gerina odos stangrum\u0105 ir tank\u012f aki\u0173 srityje<br data-start=\"8261\" data-end=\"8264\" \/>\u2714\ufe0f Padaro od\u0105 glotnesn\u0119 ir labiau pri\u017ei\u016br\u0117t\u0105<br data-start=\"8308\" data-end=\"8311\" \/>\u2714\ufe0f Suteikia matom\u0105 stangrinam\u0105j\u012f ir gaivinant\u012f efekt\u0105<\/p>\n","protected":false},"featured_media":64771,"template":"","meta":[],"pwb-brand":[779],"product_brand":[],"product_cat":[734,654],"product_tag":[],"giftcard-category":[],"class_list":{"0":"post-77638","1":"product","2":"type-product","3":"status-publish","4":"has-post-thumbnail","6":"pwb-brand-ph-formula","7":"product_cat-oda-aplink-akis","8":"product_cat-ph-formula-lt","10":"first","11":"instock","12":"taxable","13":"shipping-taxable","14":"purchasable","15":"product-type-simple"},"acf":[],"brands":[{"id":779,"name":"pH Formula","slug":"ph-formula"}],"_links":{"self":[{"href":"https:\/\/skinstudio.ee\/lt\/wp-json\/wp\/v2\/product\/77638","targetHints":{"allow":["GET"]}}],"collection":[{"href":"https:\/\/skinstudio.ee\/lt\/wp-json\/wp\/v2\/product"}],"about":[{"href":"https:\/\/skinstudio.ee\/lt\/wp-json\/wp\/v2\/types\/product"}],"version-history":[{"count":1,"href":"https:\/\/skinstudio.ee\/lt\/wp-json\/wp\/v2\/product\/77638\/revisions"}],"predecessor-version":[{"id":77639,"href":"https:\/\/skinstudio.ee\/lt\/wp-json\/wp\/v2\/product\/77638\/revisions\/77639"}],"wp:featuredmedia":[{"embeddable":true,"href":"https:\/\/skinstudio.ee\/lt\/wp-json\/wp\/v2\/media\/64771"}],"wp:attachment":[{"href":"https:\/\/skinstudio.ee\/lt\/wp-json\/wp\/v2\/media?parent=77638"}],"wp:term":[{"taxonomy":"pwb-brand","embeddable":true,"href":"https:\/\/skinstudio.ee\/lt\/wp-json\/wp\/v2\/pwb-brand?post=77638"},{"taxonomy":"product_brand","embeddable":true,"href":"https:\/\/skinstudio.ee\/lt\/wp-json\/wp\/v2\/product_brand?post=77638"},{"taxonomy":"product_cat","embeddable":true,"href":"https:\/\/skinstudio.ee\/lt\/wp-json\/wp\/v2\/product_cat?post=77638"},{"taxonomy":"product_tag","embeddable":true,"href":"https:\/\/skinstudio.ee\/lt\/wp-json\/wp\/v2\/product_tag?post=77638"},{"taxonomy":"giftcard-category","embeddable":true,"href":"https:\/\/skinstudio.ee\/lt\/wp-json\/wp\/v2\/giftcard-category?post=77638"}],"curies":[{"name":"wp","href":"https:\/\/api.w.org\/{rel}","templated":true}]}}