{"id":77645,"date":"2025-07-06T11:33:34","date_gmt":"2025-07-06T11:33:34","guid":{"rendered":"https:\/\/skinstudio.ee\/?post_type=product&#038;p=77645"},"modified":"2026-02-13T15:29:15","modified_gmt":"2026-02-13T15:29:15","slug":"md-txn-serum","status":"publish","type":"product","link":"https:\/\/skinstudio.ee\/lt\/catalog\/ph-formula\/md-txn-serum\/","title":{"rendered":"MD TXN Serum"},"content":{"rendered":"<p data-start=\"5610\" data-end=\"5904\"><strong data-start=\"5610\" data-end=\"5640\">MD TXN Serum nuo pHformula<\/strong> yra inovatyvus koncentruotas serumas, skirtas pigmentacijos korekcijai ir odos atspalvio gerinimui. Formul\u0117 veikia pagrindinius pigmento susidarymo etapus, pad\u0117dama akivaizd\u017eiai suma\u017einti tamsias d\u0117mes ir suteikti odai \u0161varesn\u0119, tolygesn\u0119 bei skaistesn\u0119 i\u0161vaizd\u0105.<\/p>\n<p data-start=\"5906\" data-end=\"6080\">Serumas padeda palaikyti optimal\u0173 odos dr\u0117gm\u0117s lyg\u012f, palaiko odos apsaug\u0105 nuo oksidacinio streso ir suteikia odai gaivesn\u0119 i\u0161vaizd\u0105. Greitai susigeria ir yra malonus naudoti.<\/p>\n<p data-start=\"6082\" data-end=\"6120\"><strong data-start=\"6082\" data-end=\"6118\">Pagrindini\u0173 ingredient\u0173 poveikis<\/strong><\/p>\n<ul data-start=\"6121\" data-end=\"6376\">\n<li data-start=\"6121\" data-end=\"6217\">\n<p data-start=\"6123\" data-end=\"6217\"><strong data-start=\"6123\" data-end=\"6143\">Tranexamic Acid:<\/strong> padeda ma\u017einti pigmentini\u0173 d\u0117mi\u0173 matomum\u0105 ir suvienodinti odos atspalv\u012f<\/p>\n<\/li>\n<li data-start=\"6218\" data-end=\"6288\">\n<p data-start=\"6220\" data-end=\"6288\"><strong data-start=\"6220\" data-end=\"6236\">Niacinamide:<\/strong> padeda gerinti odos ton\u0105 ir stiprina odos barjer\u0105<\/p>\n<\/li>\n<li data-start=\"6289\" data-end=\"6376\">\n<p data-start=\"6291\" data-end=\"6376\"><strong data-start=\"6291\" data-end=\"6313\">4-Butylresorcinol:<\/strong> padeda gerinti odos skaistum\u0105 ir koreguoti netolyg\u0173 atspalv\u012f<\/p>\n<\/li>\n<\/ul>\n<p data-start=\"6378\" data-end=\"6501\">Tinka vis\u0173 tip\u0173 odai, ypa\u010d odai su pigmentacija, netolygiu atspalviu, papilk\u0117jusia i\u0161vaizda ir po akn\u0117s likusiomis \u017eym\u0117mis.<\/p>\n<p data-start=\"6503\" data-end=\"6519\"><strong data-start=\"6503\" data-end=\"6513\">T\u016bris:<\/strong> 30 ml<\/p>\n","protected":false},"excerpt":{"rendered":"<p data-start=\"6775\" data-end=\"6843\"><span style=\"color: #ff0000;\"><strong data-start=\"6775\" data-end=\"6843\">pHFormula produkt\u0173 pristatymas galimas tik Estijos teritorijoje.<\/strong><\/span><\/p>\n<p data-start=\"6845\" data-end=\"7031\"><span style=\"color: #ff0000;\">NB! Produkt\u0105 galima \u012fsigyti tik pasikonsultavus su specialistu. Skambinkite +372 58 500 171 arba ra\u0161ykite <a class=\"decorated-link cursor-pointer\" style=\"color: #ff0000;\" href=\"mailto:info@skinstudio.ee\" rel=\"noopener\" data-start=\"6951\" data-end=\"6969\">info@skinstudio.ee<\/a>. M\u016bs\u0173 konsultantai pad\u0117s \u012fsigyti \u0161io prek\u0117s \u017eenklo produktus.<\/span><\/p>\n<p data-start=\"7033\" data-end=\"7076\">Inovatyvus serumas pigmentacijos korekcijai<\/p>\n<h2 data-start=\"7078\" data-end=\"7114\"><strong data-start=\"7078\" data-end=\"7114\">pHformula &#8211; MD TXN Serum Savyb\u0117s<\/strong><\/h2>\n<p data-start=\"7116\" data-end=\"7366\">\u2714\ufe0f Akivaizd\u017eiai \u0161viesina pigmentines d\u0117mes ir po akn\u0117s likusias \u017eymes<br data-start=\"7185\" data-end=\"7188\" \/>\u2714\ufe0f Suvienodina odos atspalv\u012f ir suteikia skaistumo<br data-start=\"7238\" data-end=\"7241\" \/>\u2714\ufe0f Gerina bendr\u0105 odos vientisum\u0105<br data-start=\"7273\" data-end=\"7276\" \/>\u2714\ufe0f Padeda palaikyti optimal\u0173 dr\u0117gm\u0117s lyg\u012f<br data-start=\"7317\" data-end=\"7320\" \/>\u2714\ufe0f Padaro od\u0105 gaivesn\u0119, lygesn\u0119 ir \u0161vytin\u010di\u0105<\/p>\n","protected":false},"featured_media":65003,"template":"","meta":[],"pwb-brand":[779],"product_brand":[],"product_cat":[654,750,724],"product_tag":[],"giftcard-category":[],"class_list":{"0":"post-77645","1":"product","2":"type-product","3":"status-publish","4":"has-post-thumbnail","6":"pwb-brand-ph-formula","7":"product_cat-ph-formula-lt","8":"product_cat-senstanti-oda","9":"product_cat-serumai","11":"first","12":"instock","13":"taxable","14":"shipping-taxable","15":"purchasable","16":"product-type-simple"},"acf":[],"brands":[{"id":779,"name":"pH Formula","slug":"ph-formula"}],"_links":{"self":[{"href":"https:\/\/skinstudio.ee\/lt\/wp-json\/wp\/v2\/product\/77645","targetHints":{"allow":["GET"]}}],"collection":[{"href":"https:\/\/skinstudio.ee\/lt\/wp-json\/wp\/v2\/product"}],"about":[{"href":"https:\/\/skinstudio.ee\/lt\/wp-json\/wp\/v2\/types\/product"}],"version-history":[{"count":1,"href":"https:\/\/skinstudio.ee\/lt\/wp-json\/wp\/v2\/product\/77645\/revisions"}],"predecessor-version":[{"id":77646,"href":"https:\/\/skinstudio.ee\/lt\/wp-json\/wp\/v2\/product\/77645\/revisions\/77646"}],"wp:featuredmedia":[{"embeddable":true,"href":"https:\/\/skinstudio.ee\/lt\/wp-json\/wp\/v2\/media\/65003"}],"wp:attachment":[{"href":"https:\/\/skinstudio.ee\/lt\/wp-json\/wp\/v2\/media?parent=77645"}],"wp:term":[{"taxonomy":"pwb-brand","embeddable":true,"href":"https:\/\/skinstudio.ee\/lt\/wp-json\/wp\/v2\/pwb-brand?post=77645"},{"taxonomy":"product_brand","embeddable":true,"href":"https:\/\/skinstudio.ee\/lt\/wp-json\/wp\/v2\/product_brand?post=77645"},{"taxonomy":"product_cat","embeddable":true,"href":"https:\/\/skinstudio.ee\/lt\/wp-json\/wp\/v2\/product_cat?post=77645"},{"taxonomy":"product_tag","embeddable":true,"href":"https:\/\/skinstudio.ee\/lt\/wp-json\/wp\/v2\/product_tag?post=77645"},{"taxonomy":"giftcard-category","embeddable":true,"href":"https:\/\/skinstudio.ee\/lt\/wp-json\/wp\/v2\/giftcard-category?post=77645"}],"curies":[{"name":"wp","href":"https:\/\/api.w.org\/{rel}","templated":true}]}}