{"id":77654,"date":"2025-07-06T11:29:48","date_gmt":"2025-07-06T11:29:48","guid":{"rendered":"https:\/\/skinstudio.ee\/?post_type=product&#038;p=77654"},"modified":"2026-02-13T15:29:13","modified_gmt":"2026-02-13T15:29:13","slug":"md-exfo-cleanse","status":"publish","type":"product","link":"https:\/\/skinstudio.ee\/lt\/catalog\/ph-formula\/md-exfo-cleanse\/","title":{"rendered":"MD Exfo Cleanse"},"content":{"rendered":"<p data-start=\"6235\" data-end=\"6521\"><strong data-start=\"6235\" data-end=\"6268\">MD EXFO Cleanse nuo pHformula<\/strong> yra \u0161velni valanti priemon\u0117 su eksfolijuojan\u010diu poveikiu, skirta efektyviai pa\u0161alinti makia\u017e\u0105, ne\u0161varumus ir perteklin\u012f sebum\u0105 be sausumo ar tempimo poj\u016b\u010dio. Priemon\u0117 valo od\u0105 ir kartu padeda pagerinti jos i\u0161vaizd\u0105, padarydama j\u0105 lygesn\u0119 ir skaistesn\u0119.<\/p>\n<p data-start=\"6523\" data-end=\"6710\">Formul\u0117 \u0161velniai mink\u0161tina surag\u0117jusias odos l\u0105steles, palaiko odos atsinaujinim\u0105 ir paruo\u0161ia od\u0105 tolimesnei prie\u017ei\u016brai. Gali b\u016bti naudojama kaip kasdien\u0117 valymo priemon\u0117 arba kaip kauk\u0117.<\/p>\n<p data-start=\"6712\" data-end=\"6750\"><strong data-start=\"6712\" data-end=\"6748\">Pagrindini\u0173 ingredient\u0173 poveikis<\/strong><\/p>\n<ul data-start=\"6751\" data-end=\"7027\">\n<li data-start=\"6751\" data-end=\"6853\">\n<p data-start=\"6753\" data-end=\"6853\"><strong data-start=\"6753\" data-end=\"6774\">Lactobionic Acid:<\/strong> \u0161velniai eksfolijuoja ir palaiko odos atsinaujinim\u0105, gerindama odos tekst\u016br\u0105<\/p>\n<\/li>\n<li data-start=\"6854\" data-end=\"6951\">\n<p data-start=\"6856\" data-end=\"6951\"><strong data-start=\"6856\" data-end=\"6874\">Papain Enzyme:<\/strong> padeda \u0161velniai pa\u0161alinti negyvas odos l\u0105steles ir i\u0161lyginti odos pavir\u0161i\u0173<\/p>\n<\/li>\n<li data-start=\"6952\" data-end=\"7027\">\n<p data-start=\"6954\" data-end=\"7027\"><strong data-start=\"6954\" data-end=\"6981\">Panthenol (Vitamin B5):<\/strong> ramina od\u0105 ir padeda palaikyti dr\u0117gm\u0117s lyg\u012f<\/p>\n<\/li>\n<\/ul>\n<p data-start=\"7029\" data-end=\"7116\">Tinka vis\u0173 tip\u0173 odai, \u012fskaitant jautri\u0105 od\u0105 ir od\u0105 atsigavimo laikotarpiu po proced\u016br\u0173.<\/p>\n<p data-start=\"7118\" data-end=\"7135\"><strong data-start=\"7118\" data-end=\"7128\">T\u016bris:<\/strong> 100 ml<\/p>\n","protected":false},"excerpt":{"rendered":"<p data-start=\"7469\" data-end=\"7537\"><span style=\"color: #ff0000;\"><strong data-start=\"7469\" data-end=\"7537\">pHFormula produkt\u0173 pristatymas galimas tik Estijos teritorijoje.<\/strong><\/span><\/p>\n<p data-start=\"7539\" data-end=\"7725\"><span style=\"color: #ff0000;\">NB! Produkt\u0105 galima \u012fsigyti tik pasikonsultavus su specialistu. Skambinkite +372 58 500 171 arba ra\u0161ykite <a class=\"decorated-link cursor-pointer\" style=\"color: #ff0000;\" href=\"mailto:info@skinstudio.ee\" rel=\"noopener\" data-start=\"7645\" data-end=\"7663\">info@skinstudio.ee<\/a>. M\u016bs\u0173 konsultantai pad\u0117s \u012fsigyti \u0161io prek\u0117s \u017eenklo produktus.<\/span><\/p>\n<p data-start=\"7727\" data-end=\"7780\">\u0160velni valomoji priemon\u0117 su eksfolijuojan\u010diu poveikiu<\/p>\n<h2 data-start=\"7782\" data-end=\"7821\"><strong data-start=\"7782\" data-end=\"7821\">pHformula &#8211; MD EXFO Cleanse Savyb\u0117s<\/strong><\/h2>\n<p data-start=\"7823\" data-end=\"8145\">\u2714\ufe0f Nuvalo od\u0105 iki visi\u0161ko \u0161varos ir gaivumo poj\u016b\u010dio<br data-start=\"7874\" data-end=\"7877\" \/>\u2714\ufe0f Akivaizd\u017eiai sulygina odos tekst\u016br\u0105 ir padaro od\u0105 glotnesn\u0119<br data-start=\"7939\" data-end=\"7942\" \/>\u2714\ufe0f Jau po prausimo oda atrodo skaistesn\u0117 ir labiau pri\u017ei\u016br\u0117ta<br data-start=\"8003\" data-end=\"8006\" \/>\u2714\ufe0f Nesausina ir nesukelia tempimo poj\u016b\u010dio net naudojant kasdien<br data-start=\"8069\" data-end=\"8072\" \/>\u2714\ufe0f Veikia kaip prausiklis, \u0161velnus \u0161veitiklis ir kauk\u0117 viename produkte<\/p>\n","protected":false},"featured_media":64783,"template":"","meta":[],"pwb-brand":[779],"product_brand":[],"product_cat":[654,740,718],"product_tag":[],"giftcard-category":[],"class_list":{"0":"post-77654","1":"product","2":"type-product","3":"status-publish","4":"has-post-thumbnail","6":"pwb-brand-ph-formula","7":"product_cat-ph-formula-lt","8":"product_cat-sausai-odai","9":"product_cat-valymas","11":"first","12":"instock","13":"taxable","14":"shipping-taxable","15":"purchasable","16":"product-type-simple"},"acf":[],"brands":[{"id":779,"name":"pH Formula","slug":"ph-formula"}],"_links":{"self":[{"href":"https:\/\/skinstudio.ee\/lt\/wp-json\/wp\/v2\/product\/77654","targetHints":{"allow":["GET"]}}],"collection":[{"href":"https:\/\/skinstudio.ee\/lt\/wp-json\/wp\/v2\/product"}],"about":[{"href":"https:\/\/skinstudio.ee\/lt\/wp-json\/wp\/v2\/types\/product"}],"version-history":[{"count":1,"href":"https:\/\/skinstudio.ee\/lt\/wp-json\/wp\/v2\/product\/77654\/revisions"}],"predecessor-version":[{"id":77655,"href":"https:\/\/skinstudio.ee\/lt\/wp-json\/wp\/v2\/product\/77654\/revisions\/77655"}],"wp:featuredmedia":[{"embeddable":true,"href":"https:\/\/skinstudio.ee\/lt\/wp-json\/wp\/v2\/media\/64783"}],"wp:attachment":[{"href":"https:\/\/skinstudio.ee\/lt\/wp-json\/wp\/v2\/media?parent=77654"}],"wp:term":[{"taxonomy":"pwb-brand","embeddable":true,"href":"https:\/\/skinstudio.ee\/lt\/wp-json\/wp\/v2\/pwb-brand?post=77654"},{"taxonomy":"product_brand","embeddable":true,"href":"https:\/\/skinstudio.ee\/lt\/wp-json\/wp\/v2\/product_brand?post=77654"},{"taxonomy":"product_cat","embeddable":true,"href":"https:\/\/skinstudio.ee\/lt\/wp-json\/wp\/v2\/product_cat?post=77654"},{"taxonomy":"product_tag","embeddable":true,"href":"https:\/\/skinstudio.ee\/lt\/wp-json\/wp\/v2\/product_tag?post=77654"},{"taxonomy":"giftcard-category","embeddable":true,"href":"https:\/\/skinstudio.ee\/lt\/wp-json\/wp\/v2\/giftcard-category?post=77654"}],"curies":[{"name":"wp","href":"https:\/\/api.w.org\/{rel}","templated":true}]}}